{"id":991,"date":"2022-04-19T14:46:44","date_gmt":"2022-04-19T12:46:44","guid":{"rendered":"https:\/\/pasmanteriakrakowska.pl\/%d0%bf%d1%80%d0%b8%d0%ba%d1%80%d0%b0%d1%81%d0%b8\/"},"modified":"2022-04-19T14:46:44","modified_gmt":"2022-04-19T12:46:44","slug":"%d0%bf%d1%80%d0%b8%d0%ba%d1%80%d0%b0%d1%81%d0%b8","status":"publish","type":"page","link":"https:\/\/pasmanteriakrakowska.pl\/uk\/%d0%bf%d1%80%d0%b8%d0%ba%d1%80%d0%b0%d1%81%d0%b8\/","title":{"rendered":"\u041f\u0420\u0418\u041a\u0420\u0410\u0421\u0418"},"content":{"rendered":"\t\t<div data-elementor-type=\"wp-page\" data-elementor-id=\"991\" class=\"elementor elementor-991 elementor-187\" data-elementor-post-type=\"page\">\n\t\t\t\t\t\t<section class=\"elementor-section elementor-top-section elementor-element elementor-element-8750fd0 elementor-section-boxed elementor-section-height-default elementor-section-height-default\" data-id=\"8750fd0\" data-element_type=\"section\">\n\t\t\t\t\t\t<div class=\"elementor-container elementor-column-gap-default\">\n\t\t\t\t\t<div class=\"elementor-column elementor-col-100 elementor-top-column elementor-element elementor-element-0daad7c\" data-id=\"0daad7c\" data-element_type=\"column\">\n\t\t\t<div class=\"elementor-widget-wrap elementor-element-populated\">\n\t\t\t\t\t\t<div class=\"elementor-element elementor-element-2f00694 elementor-widget elementor-widget-text-editor\" data-id=\"2f00694\" data-element_type=\"widget\" data-widget_type=\"text-editor.default\">\n\t\t\t\t<div class=\"elementor-widget-container\">\n\t\t\t<style>\/*! elementor - v3.23.0 - 25-07-2024 *\/\n.elementor-widget-text-editor.elementor-drop-cap-view-stacked .elementor-drop-cap{background-color:#69727d;color:#fff}.elementor-widget-text-editor.elementor-drop-cap-view-framed .elementor-drop-cap{color:#69727d;border:3px solid;background-color:transparent}.elementor-widget-text-editor:not(.elementor-drop-cap-view-default) .elementor-drop-cap{margin-top:8px}.elementor-widget-text-editor:not(.elementor-drop-cap-view-default) .elementor-drop-cap-letter{width:1em;height:1em}.elementor-widget-text-editor .elementor-drop-cap{float:left;text-align:center;line-height:1;font-size:50px}.elementor-widget-text-editor .elementor-drop-cap-letter{display:inline-block}<\/style>\t\t\t\t<p style=\"text-align: center;\">\u0414\u0435\u043a\u043e\u0440\u0430\u0442\u0438\u0432\u043d\u0435 \u043a\u0430\u043c\u0456\u043d\u043d\u044f \u0434\u043b\u044f \u043d\u0430\u043a\u043b\u0435\u044e\u0432\u0430\u043d\u043d\u044f \u0442\u0430 \u0448\u0438\u0442\u0442\u044f, \u043d\u0430\u043c\u0438\u0441\u0442\u0438\u043d\u0438 \u0442\u0430 \u043f\u0435\u0440\u043b\u0438, \u043f\u043b\u044e\u0441 \u0432\u0435\u043b\u0438\u043a\u0438\u0439 \u0432\u0438\u0431\u0456\u0440 \u0430\u043a\u0441\u0435\u0441\u0443\u0430\u0440\u0456\u0432 \u0434\u043b\u044f \u0432\u0438\u0433\u043e\u0442\u043e\u0432\u043b\u0435\u043d\u043d\u044f \u043f\u0440\u0438\u043a\u0440\u0430\u0441: \u0437\u0430\u0441\u0442\u0456\u0431\u043a\u0438, \u043f\u0456\u0434\u0432\u0456\u0441\u043a\u0438, \u043b\u0430\u043d\u0446\u044e\u0436\u043a\u0438, \u0448\u043d\u0443\u0440\u043a\u0438 \u0442\u0430 \u0437\u0430\u0432\u2019\u044f\u0437\u043a\u0438.\u00a0 \u0422\u0430\u043a\u043e\u0436 \u043c\u0438 \u043f\u0440\u043e\u0434\u0430\u0454\u043c\u043e \u0433\u043e\u0442\u043e\u0432\u0456 \u0431\u0440\u0430\u0441\u043b\u0435\u0442\u0438, \u043d\u0430\u043c\u0438\u0441\u0442\u0430 \u0442\u0430 \u0431\u0440\u0435\u043b\u043e\u043a\u0438, \u044f\u043a\u0456 \u0442\u0430\u043a\u043e\u0436 \u043c\u043e\u0436\u0443\u0442\u044c \u0441\u0442\u0430\u0442\u0438 \u0434\u0436\u0435\u0440\u0435\u043b\u043e\u043c \u043d\u0430\u0442\u0445\u043d\u0435\u043d\u043d\u044f \u0434\u043b\u044f \u0440\u0435\u0430\u043b\u0456\u0437\u0430\u0446\u0456\u0457 \u0432\u043b\u0430\u0441\u043d\u0438\u0445 \u0456\u0434\u0435\u0439.<\/p>\n\t\t\t\t\t\t<\/div>\n\t\t\t\t<\/div>\n\t\t\t\t\t<\/div>\n\t\t<\/div>\n\t\t\t\t\t<\/div>\n\t\t<\/section>\n\t\t\t\t<section class=\"elementor-section elementor-top-section elementor-element elementor-element-f5135ba elementor-section-boxed elementor-section-height-default elementor-section-height-default\" data-id=\"f5135ba\" data-element_type=\"section\">\n\t\t\t\t\t\t<div class=\"elementor-container elementor-column-gap-default\">\n\t\t\t\t\t<div class=\"elementor-column elementor-col-25 elementor-top-column elementor-element elementor-element-c5e2323\" data-id=\"c5e2323\" data-element_type=\"column\">\n\t\t\t<div class=\"elementor-widget-wrap elementor-element-populated\">\n\t\t\t\t\t\t<div class=\"elementor-element elementor-element-d750271 elementor-widget elementor-widget-image\" data-id=\"d750271\" data-element_type=\"widget\" data-widget_type=\"image.default\">\n\t\t\t\t<div class=\"elementor-widget-container\">\n\t\t\t<style>\/*! elementor - v3.23.0 - 25-07-2024 *\/\n.elementor-widget-image{text-align:center}.elementor-widget-image a{display:inline-block}.elementor-widget-image a img[src$=\".svg\"]{width:48px}.elementor-widget-image img{vertical-align:middle;display:inline-block}<\/style>\t\t\t\t\t\t\t\t\t\t<img fetchpriority=\"high\" decoding=\"async\" width=\"300\" height=\"300\" src=\"https:\/\/pasmanteriakrakowska.pl\/wp-content\/uploads\/2015\/11\/biz01.jpg\" class=\"attachment-large size-large wp-image-853\" alt=\"\" srcset=\"https:\/\/pasmanteriakrakowska.pl\/wp-content\/uploads\/2015\/11\/biz01.jpg 300w, https:\/\/pasmanteriakrakowska.pl\/wp-content\/uploads\/2015\/11\/biz01-150x150.jpg 150w\" sizes=\"(max-width: 300px) 100vw, 300px\" \/>\t\t\t\t\t\t\t\t\t\t\t\t\t<\/div>\n\t\t\t\t<\/div>\n\t\t\t\t\t<\/div>\n\t\t<\/div>\n\t\t\t\t<div class=\"elementor-column elementor-col-25 elementor-top-column elementor-element elementor-element-47be0a1\" data-id=\"47be0a1\" data-element_type=\"column\">\n\t\t\t<div class=\"elementor-widget-wrap elementor-element-populated\">\n\t\t\t\t\t\t<div class=\"elementor-element elementor-element-f58733c elementor-widget elementor-widget-image\" data-id=\"f58733c\" data-element_type=\"widget\" data-widget_type=\"image.default\">\n\t\t\t\t<div class=\"elementor-widget-container\">\n\t\t\t\t\t\t\t\t\t\t\t\t\t<img decoding=\"async\" width=\"300\" height=\"300\" src=\"https:\/\/pasmanteriakrakowska.pl\/wp-content\/uploads\/2015\/11\/biz03.jpg\" class=\"attachment-large size-large wp-image-857\" alt=\"\" srcset=\"https:\/\/pasmanteriakrakowska.pl\/wp-content\/uploads\/2015\/11\/biz03.jpg 300w, https:\/\/pasmanteriakrakowska.pl\/wp-content\/uploads\/2015\/11\/biz03-150x150.jpg 150w\" sizes=\"(max-width: 300px) 100vw, 300px\" \/>\t\t\t\t\t\t\t\t\t\t\t\t\t<\/div>\n\t\t\t\t<\/div>\n\t\t\t\t\t<\/div>\n\t\t<\/div>\n\t\t\t\t<div class=\"elementor-column elementor-col-25 elementor-top-column elementor-element elementor-element-b3c34b8\" data-id=\"b3c34b8\" data-element_type=\"column\">\n\t\t\t<div class=\"elementor-widget-wrap elementor-element-populated\">\n\t\t\t\t\t\t<div class=\"elementor-element elementor-element-e40c780 elementor-widget elementor-widget-image\" data-id=\"e40c780\" data-element_type=\"widget\" data-widget_type=\"image.default\">\n\t\t\t\t<div class=\"elementor-widget-container\">\n\t\t\t\t\t\t\t\t\t\t\t\t\t<img decoding=\"async\" width=\"300\" height=\"300\" src=\"https:\/\/pasmanteriakrakowska.pl\/wp-content\/uploads\/2015\/11\/biz02.jpg\" class=\"attachment-large size-large wp-image-855\" alt=\"\" srcset=\"https:\/\/pasmanteriakrakowska.pl\/wp-content\/uploads\/2015\/11\/biz02.jpg 300w, https:\/\/pasmanteriakrakowska.pl\/wp-content\/uploads\/2015\/11\/biz02-150x150.jpg 150w\" sizes=\"(max-width: 300px) 100vw, 300px\" \/>\t\t\t\t\t\t\t\t\t\t\t\t\t<\/div>\n\t\t\t\t<\/div>\n\t\t\t\t\t<\/div>\n\t\t<\/div>\n\t\t\t\t<div class=\"elementor-column elementor-col-25 elementor-top-column elementor-element elementor-element-e8cbf0a\" data-id=\"e8cbf0a\" data-element_type=\"column\">\n\t\t\t<div class=\"elementor-widget-wrap elementor-element-populated\">\n\t\t\t\t\t\t<div class=\"elementor-element elementor-element-0d61733 elementor-widget elementor-widget-image\" data-id=\"0d61733\" data-element_type=\"widget\" data-widget_type=\"image.default\">\n\t\t\t\t<div class=\"elementor-widget-container\">\n\t\t\t\t\t\t\t\t\t\t\t\t\t<img loading=\"lazy\" decoding=\"async\" width=\"300\" height=\"300\" src=\"https:\/\/pasmanteriakrakowska.pl\/wp-content\/uploads\/2015\/11\/biz04.jpg\" class=\"attachment-large size-large wp-image-859\" alt=\"\" srcset=\"https:\/\/pasmanteriakrakowska.pl\/wp-content\/uploads\/2015\/11\/biz04.jpg 300w, https:\/\/pasmanteriakrakowska.pl\/wp-content\/uploads\/2015\/11\/biz04-150x150.jpg 150w\" sizes=\"(max-width: 300px) 100vw, 300px\" \/>\t\t\t\t\t\t\t\t\t\t\t\t\t<\/div>\n\t\t\t\t<\/div>\n\t\t\t\t\t<\/div>\n\t\t<\/div>\n\t\t\t\t\t<\/div>\n\t\t<\/section>\n\t\t\t\t<\/div>\n\t\t","protected":false},"excerpt":{"rendered":"<p>\u0414\u0435\u043a\u043e\u0440\u0430\u0442\u0438\u0432\u043d\u0435 \u043a\u0430\u043c\u0456\u043d\u043d\u044f \u0434\u043b\u044f \u043d\u0430\u043a\u043b\u0435\u044e\u0432\u0430\u043d\u043d\u044f \u0442\u0430 \u0448\u0438\u0442\u0442\u044f, \u043d\u0430\u043c\u0438\u0441\u0442\u0438\u043d\u0438 \u0442\u0430 \u043f\u0435\u0440\u043b\u0438, \u043f\u043b\u044e\u0441 \u0432\u0435\u043b\u0438\u043a\u0438\u0439 \u0432\u0438\u0431\u0456\u0440 \u0430\u043a\u0441\u0435\u0441\u0443\u0430\u0440\u0456\u0432 \u0434\u043b\u044f \u0432\u0438\u0433\u043e\u0442\u043e\u0432\u043b\u0435\u043d\u043d\u044f \u043f\u0440\u0438\u043a\u0440\u0430\u0441: \u0437\u0430\u0441\u0442\u0456\u0431\u043a\u0438, \u043f\u0456\u0434\u0432\u0456\u0441\u043a\u0438, \u043b\u0430\u043d\u0446\u044e\u0436\u043a\u0438, \u0448\u043d\u0443\u0440\u043a\u0438 \u0442\u0430 \u0437\u0430\u0432\u2019\u044f\u0437\u043a\u0438.\u00a0 \u0422\u0430\u043a\u043e\u0436 \u043c\u0438 \u043f\u0440\u043e\u0434\u0430\u0454\u043c\u043e \u0433\u043e\u0442\u043e\u0432\u0456 \u0431\u0440\u0430\u0441\u043b\u0435\u0442\u0438, \u043d\u0430\u043c\u0438\u0441\u0442\u0430 \u0442\u0430 \u0431\u0440\u0435\u043b\u043e\u043a\u0438, \u044f\u043a\u0456 \u0442\u0430\u043a\u043e\u0436 \u043c\u043e\u0436\u0443\u0442\u044c \u0441\u0442\u0430\u0442\u0438 \u0434\u0436\u0435\u0440\u0435\u043b\u043e\u043c \u043d\u0430\u0442\u0445\u043d\u0435\u043d\u043d\u044f \u0434\u043b\u044f \u0440\u0435\u0430\u043b\u0456\u0437\u0430\u0446\u0456\u0457 \u0432\u043b\u0430\u0441\u043d\u0438\u0445 \u0456\u0434\u0435\u0439.<\/p>\n","protected":false},"author":1,"featured_media":0,"parent":0,"menu_order":0,"comment_status":"closed","ping_status":"closed","template":"","meta":{"_monsterinsights_skip_tracking":false,"_monsterinsights_sitenote_active":false,"_monsterinsights_sitenote_note":"","_monsterinsights_sitenote_category":0,"footnotes":""},"class_list":["post-991","page","type-page","status-publish","hentry"],"yoast_head":"<!-- This site is optimized with the Yoast SEO Premium plugin v22.3 (Yoast SEO v22.3) - https:\/\/yoast.com\/wordpress\/plugins\/seo\/ -->\n<title>\u041f\u0420\u0418\u041a\u0420\u0410\u0421\u0418 - Pasmanteria Krakowska<\/title>\n<meta name=\"robots\" content=\"index, follow, max-snippet:-1, max-image-preview:large, max-video-preview:-1\" \/>\n<link rel=\"canonical\" href=\"https:\/\/pasmanteriakrakowska.pl\/uk\/%d0%bf%d1%80%d0%b8%d0%ba%d1%80%d0%b0%d1%81%d0%b8\/\" \/>\n<meta property=\"og:locale\" content=\"uk_UA\" \/>\n<meta property=\"og:type\" content=\"article\" \/>\n<meta property=\"og:title\" content=\"\u041f\u0420\u0418\u041a\u0420\u0410\u0421\u0418\" \/>\n<meta property=\"og:description\" content=\"\u0414\u0435\u043a\u043e\u0440\u0430\u0442\u0438\u0432\u043d\u0435 \u043a\u0430\u043c\u0456\u043d\u043d\u044f \u0434\u043b\u044f \u043d\u0430\u043a\u043b\u0435\u044e\u0432\u0430\u043d\u043d\u044f \u0442\u0430 \u0448\u0438\u0442\u0442\u044f, \u043d\u0430\u043c\u0438\u0441\u0442\u0438\u043d\u0438 \u0442\u0430 \u043f\u0435\u0440\u043b\u0438, \u043f\u043b\u044e\u0441 \u0432\u0435\u043b\u0438\u043a\u0438\u0439 \u0432\u0438\u0431\u0456\u0440 \u0430\u043a\u0441\u0435\u0441\u0443\u0430\u0440\u0456\u0432 \u0434\u043b\u044f \u0432\u0438\u0433\u043e\u0442\u043e\u0432\u043b\u0435\u043d\u043d\u044f \u043f\u0440\u0438\u043a\u0440\u0430\u0441: \u0437\u0430\u0441\u0442\u0456\u0431\u043a\u0438, \u043f\u0456\u0434\u0432\u0456\u0441\u043a\u0438, \u043b\u0430\u043d\u0446\u044e\u0436\u043a\u0438, \u0448\u043d\u0443\u0440\u043a\u0438 \u0442\u0430 \u0437\u0430\u0432\u2019\u044f\u0437\u043a\u0438.\u00a0 \u0422\u0430\u043a\u043e\u0436 \u043c\u0438 \u043f\u0440\u043e\u0434\u0430\u0454\u043c\u043e \u0433\u043e\u0442\u043e\u0432\u0456 \u0431\u0440\u0430\u0441\u043b\u0435\u0442\u0438, \u043d\u0430\u043c\u0438\u0441\u0442\u0430 \u0442\u0430 \u0431\u0440\u0435\u043b\u043e\u043a\u0438, \u044f\u043a\u0456 \u0442\u0430\u043a\u043e\u0436 \u043c\u043e\u0436\u0443\u0442\u044c \u0441\u0442\u0430\u0442\u0438 \u0434\u0436\u0435\u0440\u0435\u043b\u043e\u043c \u043d\u0430\u0442\u0445\u043d\u0435\u043d\u043d\u044f \u0434\u043b\u044f \u0440\u0435\u0430\u043b\u0456\u0437\u0430\u0446\u0456\u0457 \u0432\u043b\u0430\u0441\u043d\u0438\u0445 \u0456\u0434\u0435\u0439.\" \/>\n<meta property=\"og:url\" content=\"https:\/\/pasmanteriakrakowska.pl\/uk\/%d0%bf%d1%80%d0%b8%d0%ba%d1%80%d0%b0%d1%81%d0%b8\/\" \/>\n<meta property=\"og:site_name\" content=\"Pasmanteria Krakowska\" \/>\n<meta property=\"article:publisher\" content=\"https:\/\/www.facebook.com\/Pasmanteria-Krakowska-196842967590498\" \/>\n<meta property=\"og:image\" content=\"https:\/\/pasmanteriakrakowska.pl\/wp-content\/uploads\/2015\/11\/biz01.jpg\" \/>\n<script type=\"application\/ld+json\" class=\"yoast-schema-graph\">{\"@context\":\"https:\/\/schema.org\",\"@graph\":[{\"@type\":\"WebPage\",\"@id\":\"https:\/\/pasmanteriakrakowska.pl\/uk\/%d0%bf%d1%80%d0%b8%d0%ba%d1%80%d0%b0%d1%81%d0%b8\/\",\"url\":\"https:\/\/pasmanteriakrakowska.pl\/uk\/%d0%bf%d1%80%d0%b8%d0%ba%d1%80%d0%b0%d1%81%d0%b8\/\",\"name\":\"\u041f\u0420\u0418\u041a\u0420\u0410\u0421\u0418 - Pasmanteria Krakowska\",\"isPartOf\":{\"@id\":\"https:\/\/pasmanteriakrakowska.pl\/#website\"},\"primaryImageOfPage\":{\"@id\":\"https:\/\/pasmanteriakrakowska.pl\/uk\/%d0%bf%d1%80%d0%b8%d0%ba%d1%80%d0%b0%d1%81%d0%b8\/#primaryimage\"},\"image\":{\"@id\":\"https:\/\/pasmanteriakrakowska.pl\/uk\/%d0%bf%d1%80%d0%b8%d0%ba%d1%80%d0%b0%d1%81%d0%b8\/#primaryimage\"},\"thumbnailUrl\":\"https:\/\/pasmanteriakrakowska.pl\/wp-content\/uploads\/2015\/11\/biz01.jpg\",\"datePublished\":\"2022-04-19T12:46:44+00:00\",\"dateModified\":\"2022-04-19T12:46:44+00:00\",\"breadcrumb\":{\"@id\":\"https:\/\/pasmanteriakrakowska.pl\/uk\/%d0%bf%d1%80%d0%b8%d0%ba%d1%80%d0%b0%d1%81%d0%b8\/#breadcrumb\"},\"inLanguage\":\"uk\",\"potentialAction\":[{\"@type\":\"ReadAction\",\"target\":[\"https:\/\/pasmanteriakrakowska.pl\/uk\/%d0%bf%d1%80%d0%b8%d0%ba%d1%80%d0%b0%d1%81%d0%b8\/\"]}]},{\"@type\":\"ImageObject\",\"inLanguage\":\"uk\",\"@id\":\"https:\/\/pasmanteriakrakowska.pl\/uk\/%d0%bf%d1%80%d0%b8%d0%ba%d1%80%d0%b0%d1%81%d0%b8\/#primaryimage\",\"url\":\"https:\/\/pasmanteriakrakowska.pl\/wp-content\/uploads\/2015\/11\/biz01.jpg\",\"contentUrl\":\"https:\/\/pasmanteriakrakowska.pl\/wp-content\/uploads\/2015\/11\/biz01.jpg\",\"width\":300,\"height\":300},{\"@type\":\"BreadcrumbList\",\"@id\":\"https:\/\/pasmanteriakrakowska.pl\/uk\/%d0%bf%d1%80%d0%b8%d0%ba%d1%80%d0%b0%d1%81%d0%b8\/#breadcrumb\",\"itemListElement\":[{\"@type\":\"ListItem\",\"position\":1,\"name\":\"Home\",\"item\":\"https:\/\/pasmanteriakrakowska.pl\/uk\/strona-glowna\/\"},{\"@type\":\"ListItem\",\"position\":2,\"name\":\"\u041f\u0420\u0418\u041a\u0420\u0410\u0421\u0418\"}]},{\"@type\":\"WebSite\",\"@id\":\"https:\/\/pasmanteriakrakowska.pl\/#website\",\"url\":\"https:\/\/pasmanteriakrakowska.pl\/\",\"name\":\"Pasmanteria Krakowska\",\"description\":\"Pasmanteria, kordonki, Ariadna, nici, guziki, gumy, ta\u015bma rzep, mulina, kanwa, sznurowad\u0142a, decoupage, scrapbooking, ta\u015bmy firanowe, ig\u0142y,\",\"publisher\":{\"@id\":\"https:\/\/pasmanteriakrakowska.pl\/#organization\"},\"potentialAction\":[{\"@type\":\"SearchAction\",\"target\":{\"@type\":\"EntryPoint\",\"urlTemplate\":\"https:\/\/pasmanteriakrakowska.pl\/?s={search_term_string}\"},\"query-input\":\"required name=search_term_string\"}],\"inLanguage\":\"uk\"},{\"@type\":\"Organization\",\"@id\":\"https:\/\/pasmanteriakrakowska.pl\/#organization\",\"name\":\"Pasmanteria Krakowska\",\"url\":\"https:\/\/pasmanteriakrakowska.pl\/\",\"logo\":{\"@type\":\"ImageObject\",\"inLanguage\":\"uk\",\"@id\":\"https:\/\/pasmanteriakrakowska.pl\/#\/schema\/logo\/image\/\",\"url\":\"https:\/\/pasmanteria.local:8890\/wp-content\/uploads\/2015\/12\/logo_pasmanteria21.png\",\"contentUrl\":\"https:\/\/pasmanteria.local:8890\/wp-content\/uploads\/2015\/12\/logo_pasmanteria21.png\",\"width\":440,\"height\":97,\"caption\":\"Pasmanteria Krakowska\"},\"image\":{\"@id\":\"https:\/\/pasmanteriakrakowska.pl\/#\/schema\/logo\/image\/\"},\"sameAs\":[\"https:\/\/www.facebook.com\/Pasmanteria-Krakowska-196842967590498\"]}]}<\/script>\n<!-- \/ Yoast SEO Premium plugin. -->","yoast_head_json":{"title":"\u041f\u0420\u0418\u041a\u0420\u0410\u0421\u0418 - Pasmanteria Krakowska","robots":{"index":"index","follow":"follow","max-snippet":"max-snippet:-1","max-image-preview":"max-image-preview:large","max-video-preview":"max-video-preview:-1"},"canonical":"https:\/\/pasmanteriakrakowska.pl\/uk\/%d0%bf%d1%80%d0%b8%d0%ba%d1%80%d0%b0%d1%81%d0%b8\/","og_locale":"uk_UA","og_type":"article","og_title":"\u041f\u0420\u0418\u041a\u0420\u0410\u0421\u0418","og_description":"\u0414\u0435\u043a\u043e\u0440\u0430\u0442\u0438\u0432\u043d\u0435 \u043a\u0430\u043c\u0456\u043d\u043d\u044f \u0434\u043b\u044f \u043d\u0430\u043a\u043b\u0435\u044e\u0432\u0430\u043d\u043d\u044f \u0442\u0430 \u0448\u0438\u0442\u0442\u044f, \u043d\u0430\u043c\u0438\u0441\u0442\u0438\u043d\u0438 \u0442\u0430 \u043f\u0435\u0440\u043b\u0438, \u043f\u043b\u044e\u0441 \u0432\u0435\u043b\u0438\u043a\u0438\u0439 \u0432\u0438\u0431\u0456\u0440 \u0430\u043a\u0441\u0435\u0441\u0443\u0430\u0440\u0456\u0432 \u0434\u043b\u044f \u0432\u0438\u0433\u043e\u0442\u043e\u0432\u043b\u0435\u043d\u043d\u044f \u043f\u0440\u0438\u043a\u0440\u0430\u0441: \u0437\u0430\u0441\u0442\u0456\u0431\u043a\u0438, \u043f\u0456\u0434\u0432\u0456\u0441\u043a\u0438, \u043b\u0430\u043d\u0446\u044e\u0436\u043a\u0438, \u0448\u043d\u0443\u0440\u043a\u0438 \u0442\u0430 \u0437\u0430\u0432\u2019\u044f\u0437\u043a\u0438.\u00a0 \u0422\u0430\u043a\u043e\u0436 \u043c\u0438 \u043f\u0440\u043e\u0434\u0430\u0454\u043c\u043e \u0433\u043e\u0442\u043e\u0432\u0456 \u0431\u0440\u0430\u0441\u043b\u0435\u0442\u0438, \u043d\u0430\u043c\u0438\u0441\u0442\u0430 \u0442\u0430 \u0431\u0440\u0435\u043b\u043e\u043a\u0438, \u044f\u043a\u0456 \u0442\u0430\u043a\u043e\u0436 \u043c\u043e\u0436\u0443\u0442\u044c \u0441\u0442\u0430\u0442\u0438 \u0434\u0436\u0435\u0440\u0435\u043b\u043e\u043c \u043d\u0430\u0442\u0445\u043d\u0435\u043d\u043d\u044f \u0434\u043b\u044f \u0440\u0435\u0430\u043b\u0456\u0437\u0430\u0446\u0456\u0457 \u0432\u043b\u0430\u0441\u043d\u0438\u0445 \u0456\u0434\u0435\u0439.","og_url":"https:\/\/pasmanteriakrakowska.pl\/uk\/%d0%bf%d1%80%d0%b8%d0%ba%d1%80%d0%b0%d1%81%d0%b8\/","og_site_name":"Pasmanteria Krakowska","article_publisher":"https:\/\/www.facebook.com\/Pasmanteria-Krakowska-196842967590498","og_image":[{"url":"https:\/\/pasmanteriakrakowska.pl\/wp-content\/uploads\/2015\/11\/biz01.jpg"}],"schema":{"@context":"https:\/\/schema.org","@graph":[{"@type":"WebPage","@id":"https:\/\/pasmanteriakrakowska.pl\/uk\/%d0%bf%d1%80%d0%b8%d0%ba%d1%80%d0%b0%d1%81%d0%b8\/","url":"https:\/\/pasmanteriakrakowska.pl\/uk\/%d0%bf%d1%80%d0%b8%d0%ba%d1%80%d0%b0%d1%81%d0%b8\/","name":"\u041f\u0420\u0418\u041a\u0420\u0410\u0421\u0418 - Pasmanteria Krakowska","isPartOf":{"@id":"https:\/\/pasmanteriakrakowska.pl\/#website"},"primaryImageOfPage":{"@id":"https:\/\/pasmanteriakrakowska.pl\/uk\/%d0%bf%d1%80%d0%b8%d0%ba%d1%80%d0%b0%d1%81%d0%b8\/#primaryimage"},"image":{"@id":"https:\/\/pasmanteriakrakowska.pl\/uk\/%d0%bf%d1%80%d0%b8%d0%ba%d1%80%d0%b0%d1%81%d0%b8\/#primaryimage"},"thumbnailUrl":"https:\/\/pasmanteriakrakowska.pl\/wp-content\/uploads\/2015\/11\/biz01.jpg","datePublished":"2022-04-19T12:46:44+00:00","dateModified":"2022-04-19T12:46:44+00:00","breadcrumb":{"@id":"https:\/\/pasmanteriakrakowska.pl\/uk\/%d0%bf%d1%80%d0%b8%d0%ba%d1%80%d0%b0%d1%81%d0%b8\/#breadcrumb"},"inLanguage":"uk","potentialAction":[{"@type":"ReadAction","target":["https:\/\/pasmanteriakrakowska.pl\/uk\/%d0%bf%d1%80%d0%b8%d0%ba%d1%80%d0%b0%d1%81%d0%b8\/"]}]},{"@type":"ImageObject","inLanguage":"uk","@id":"https:\/\/pasmanteriakrakowska.pl\/uk\/%d0%bf%d1%80%d0%b8%d0%ba%d1%80%d0%b0%d1%81%d0%b8\/#primaryimage","url":"https:\/\/pasmanteriakrakowska.pl\/wp-content\/uploads\/2015\/11\/biz01.jpg","contentUrl":"https:\/\/pasmanteriakrakowska.pl\/wp-content\/uploads\/2015\/11\/biz01.jpg","width":300,"height":300},{"@type":"BreadcrumbList","@id":"https:\/\/pasmanteriakrakowska.pl\/uk\/%d0%bf%d1%80%d0%b8%d0%ba%d1%80%d0%b0%d1%81%d0%b8\/#breadcrumb","itemListElement":[{"@type":"ListItem","position":1,"name":"Home","item":"https:\/\/pasmanteriakrakowska.pl\/uk\/strona-glowna\/"},{"@type":"ListItem","position":2,"name":"\u041f\u0420\u0418\u041a\u0420\u0410\u0421\u0418"}]},{"@type":"WebSite","@id":"https:\/\/pasmanteriakrakowska.pl\/#website","url":"https:\/\/pasmanteriakrakowska.pl\/","name":"Pasmanteria Krakowska","description":"Pasmanteria, kordonki, Ariadna, nici, guziki, gumy, ta\u015bma rzep, mulina, kanwa, sznurowad\u0142a, decoupage, scrapbooking, ta\u015bmy firanowe, ig\u0142y,","publisher":{"@id":"https:\/\/pasmanteriakrakowska.pl\/#organization"},"potentialAction":[{"@type":"SearchAction","target":{"@type":"EntryPoint","urlTemplate":"https:\/\/pasmanteriakrakowska.pl\/?s={search_term_string}"},"query-input":"required name=search_term_string"}],"inLanguage":"uk"},{"@type":"Organization","@id":"https:\/\/pasmanteriakrakowska.pl\/#organization","name":"Pasmanteria Krakowska","url":"https:\/\/pasmanteriakrakowska.pl\/","logo":{"@type":"ImageObject","inLanguage":"uk","@id":"https:\/\/pasmanteriakrakowska.pl\/#\/schema\/logo\/image\/","url":"https:\/\/pasmanteria.local:8890\/wp-content\/uploads\/2015\/12\/logo_pasmanteria21.png","contentUrl":"https:\/\/pasmanteria.local:8890\/wp-content\/uploads\/2015\/12\/logo_pasmanteria21.png","width":440,"height":97,"caption":"Pasmanteria Krakowska"},"image":{"@id":"https:\/\/pasmanteriakrakowska.pl\/#\/schema\/logo\/image\/"},"sameAs":["https:\/\/www.facebook.com\/Pasmanteria-Krakowska-196842967590498"]}]}},"_links":{"self":[{"href":"https:\/\/pasmanteriakrakowska.pl\/uk\/wp-json\/wp\/v2\/pages\/991","targetHints":{"allow":["GET"]}}],"collection":[{"href":"https:\/\/pasmanteriakrakowska.pl\/uk\/wp-json\/wp\/v2\/pages"}],"about":[{"href":"https:\/\/pasmanteriakrakowska.pl\/uk\/wp-json\/wp\/v2\/types\/page"}],"author":[{"embeddable":true,"href":"https:\/\/pasmanteriakrakowska.pl\/uk\/wp-json\/wp\/v2\/users\/1"}],"replies":[{"embeddable":true,"href":"https:\/\/pasmanteriakrakowska.pl\/uk\/wp-json\/wp\/v2\/comments?post=991"}],"version-history":[{"count":0,"href":"https:\/\/pasmanteriakrakowska.pl\/uk\/wp-json\/wp\/v2\/pages\/991\/revisions"}],"wp:attachment":[{"href":"https:\/\/pasmanteriakrakowska.pl\/uk\/wp-json\/wp\/v2\/media?parent=991"}],"curies":[{"name":"wp","href":"https:\/\/api.w.org\/{rel}","templated":true}]}}