{"id":986,"date":"2015-11-23T13:59:15","date_gmt":"2015-11-23T12:59:15","guid":{"rendered":"https:\/\/pasmanteriakrakowska.pl\/aplikacje\/"},"modified":"2022-04-19T14:44:29","modified_gmt":"2022-04-19T12:44:29","slug":"aplikacje","status":"publish","type":"page","link":"https:\/\/pasmanteriakrakowska.pl\/uk\/aplikacje\/","title":{"rendered":"\u0410\u043f\u043b\u0456\u043a\u0430\u0446\u0456\u0457"},"content":{"rendered":"\t\t<div data-elementor-type=\"wp-page\" data-elementor-id=\"986\" class=\"elementor elementor-986 elementor-182\" data-elementor-post-type=\"page\">\n\t\t\t\t\t\t<section class=\"elementor-section elementor-top-section elementor-element elementor-element-4b8474a elementor-section-boxed elementor-section-height-default elementor-section-height-default\" data-id=\"4b8474a\" data-element_type=\"section\">\n\t\t\t\t\t\t<div class=\"elementor-container elementor-column-gap-default\">\n\t\t\t\t\t<div class=\"elementor-column elementor-col-100 elementor-top-column elementor-element elementor-element-972db36\" data-id=\"972db36\" data-element_type=\"column\">\n\t\t\t<div class=\"elementor-widget-wrap elementor-element-populated\">\n\t\t\t\t\t\t<section class=\"elementor-section elementor-inner-section elementor-element elementor-element-0ab02ba elementor-section-content-middle elementor-section-boxed elementor-section-height-default elementor-section-height-default\" data-id=\"0ab02ba\" data-element_type=\"section\">\n\t\t\t\t\t\t<div class=\"elementor-container elementor-column-gap-default\">\n\t\t\t\t\t<div class=\"elementor-column elementor-col-50 elementor-inner-column elementor-element elementor-element-9c0df80\" data-id=\"9c0df80\" data-element_type=\"column\">\n\t\t\t<div class=\"elementor-widget-wrap elementor-element-populated\">\n\t\t\t\t\t\t<div class=\"elementor-element elementor-element-b4d452a elementor-widget elementor-widget-image\" data-id=\"b4d452a\" data-element_type=\"widget\" data-widget_type=\"image.default\">\n\t\t\t\t<div class=\"elementor-widget-container\">\n\t\t\t<style>\/*! elementor - v3.23.0 - 25-07-2024 *\/\n.elementor-widget-image{text-align:center}.elementor-widget-image a{display:inline-block}.elementor-widget-image a img[src$=\".svg\"]{width:48px}.elementor-widget-image img{vertical-align:middle;display:inline-block}<\/style>\t\t\t\t\t\t\t\t\t\t<img fetchpriority=\"high\" decoding=\"async\" width=\"400\" height=\"300\" src=\"https:\/\/pasmanteriakrakowska.pl\/wp-content\/uploads\/2015\/11\/apl01.jpg\" class=\"attachment-full size-full wp-image-849\" alt=\"\" srcset=\"https:\/\/pasmanteriakrakowska.pl\/wp-content\/uploads\/2015\/11\/apl01.jpg 400w, https:\/\/pasmanteriakrakowska.pl\/wp-content\/uploads\/2015\/11\/apl01-300x225.jpg 300w\" sizes=\"(max-width: 400px) 100vw, 400px\" \/>\t\t\t\t\t\t\t\t\t\t\t\t\t<\/div>\n\t\t\t\t<\/div>\n\t\t\t\t\t<\/div>\n\t\t<\/div>\n\t\t\t\t<div class=\"elementor-column elementor-col-50 elementor-inner-column elementor-element elementor-element-ae687e7\" data-id=\"ae687e7\" data-element_type=\"column\">\n\t\t\t<div class=\"elementor-widget-wrap elementor-element-populated\">\n\t\t\t\t\t\t<div class=\"elementor-element elementor-element-963dc25 elementor-widget elementor-widget-heading\" data-id=\"963dc25\" data-element_type=\"widget\" data-widget_type=\"heading.default\">\n\t\t\t\t<div class=\"elementor-widget-container\">\n\t\t\t<style>\/*! elementor - v3.23.0 - 25-07-2024 *\/\n.elementor-heading-title{padding:0;margin:0;line-height:1}.elementor-widget-heading .elementor-heading-title[class*=elementor-size-]>a{color:inherit;font-size:inherit;line-height:inherit}.elementor-widget-heading .elementor-heading-title.elementor-size-small{font-size:15px}.elementor-widget-heading .elementor-heading-title.elementor-size-medium{font-size:19px}.elementor-widget-heading .elementor-heading-title.elementor-size-large{font-size:29px}.elementor-widget-heading .elementor-heading-title.elementor-size-xl{font-size:39px}.elementor-widget-heading .elementor-heading-title.elementor-size-xxl{font-size:59px}<\/style><h2 class=\"elementor-heading-title elementor-size-default\">\u0410\u041f\u041b\u0406\u041a\u0410\u0426\u0406\u0407 \u0422\u0410 \u0412\u0418\u0428\u0418\u0412\u041a\u0410<\/h2>\t\t<\/div>\n\t\t\t\t<\/div>\n\t\t\t\t<div class=\"elementor-element elementor-element-177447d elementor-widget elementor-widget-text-editor\" data-id=\"177447d\" data-element_type=\"widget\" data-widget_type=\"text-editor.default\">\n\t\t\t\t<div class=\"elementor-widget-container\">\n\t\t\t<style>\/*! elementor - v3.23.0 - 25-07-2024 *\/\n.elementor-widget-text-editor.elementor-drop-cap-view-stacked .elementor-drop-cap{background-color:#69727d;color:#fff}.elementor-widget-text-editor.elementor-drop-cap-view-framed .elementor-drop-cap{color:#69727d;border:3px solid;background-color:transparent}.elementor-widget-text-editor:not(.elementor-drop-cap-view-default) .elementor-drop-cap{margin-top:8px}.elementor-widget-text-editor:not(.elementor-drop-cap-view-default) .elementor-drop-cap-letter{width:1em;height:1em}.elementor-widget-text-editor .elementor-drop-cap{float:left;text-align:center;line-height:1;font-size:50px}.elementor-widget-text-editor .elementor-drop-cap-letter{display:inline-block}<\/style>\t\t\t\t<p style=\"text-align: center;\">\u0412\u043e\u043d\u0438 \u0447\u0430\u0441\u0442\u043e \u0441\u043b\u0443\u0436\u0430\u0442\u044c \u0434\u043b\u044f \u043c\u0430\u0441\u043a\u0443\u0432\u0430\u043d\u043d\u044f \u043e\u0442\u0432\u043e\u0440\u0443 \u0430\u0431\u043e \u0437\u043c\u0456\u043d\u0438 \u043a\u043e\u043b\u044c\u043e\u0440\u0443, \u0430\u043b\u0435 \u0456\u0434\u0435\u0430\u043b\u044c\u043d\u043e \u043f\u0456\u0434\u0445\u043e\u0434\u044f\u0442\u044c \u044f\u043a \u043f\u0440\u0438\u043a\u0440\u0430\u0441\u0430 \u0434\u0438\u0442\u044f\u0447\u043e\u0457 \u0444\u0443\u0442\u0431\u043e\u043b\u043a\u0438, \u043f\u0456\u0434\u043a\u0440\u0435\u0441\u043b\u044e\u044e\u0447\u0438 \u0445\u0430\u0440\u0430\u043a\u0442\u0435\u0440 \u043d\u043e\u0432\u043e\u0457 \u043a\u0443\u0440\u0442\u043a\u0438 \u0430\u0431\u043e \u043e\u043d\u043e\u0432\u043b\u044e\u044e\u0447\u0438 \u0441\u0442\u0430\u0440\u0438\u0439 \u043e\u0434\u044f\u0433, \u0449\u043e\u0431 \u043d\u0430\u0434\u0430\u0442\u0438 \u0457\u0439 \u0441\u0432\u0456\u0436\u0438\u0439 \u0456 \u043c\u043e\u0434\u043d\u0438\u0439 \u0432\u0438\u0433\u043b\u044f\u0434.<\/p>\n\t\t\t\t\t\t<\/div>\n\t\t\t\t<\/div>\n\t\t\t\t\t<\/div>\n\t\t<\/div>\n\t\t\t\t\t<\/div>\n\t\t<\/section>\n\t\t\t\t<section class=\"elementor-section elementor-inner-section elementor-element elementor-element-d5ceea0 elementor-section-content-middle elementor-section-boxed elementor-section-height-default elementor-section-height-default\" data-id=\"d5ceea0\" data-element_type=\"section\">\n\t\t\t\t\t\t<div class=\"elementor-container elementor-column-gap-default\">\n\t\t\t\t\t<div class=\"elementor-column elementor-col-50 elementor-inner-column elementor-element elementor-element-3823e54\" data-id=\"3823e54\" data-element_type=\"column\">\n\t\t\t<div class=\"elementor-widget-wrap elementor-element-populated\">\n\t\t\t\t\t\t<div class=\"elementor-element elementor-element-c316885 elementor-widget elementor-widget-image\" data-id=\"c316885\" data-element_type=\"widget\" data-widget_type=\"image.default\">\n\t\t\t\t<div class=\"elementor-widget-container\">\n\t\t\t\t\t\t\t\t\t\t\t\t\t<img decoding=\"async\" width=\"400\" height=\"300\" src=\"https:\/\/pasmanteriakrakowska.pl\/wp-content\/uploads\/2015\/11\/apl02.jpg\" class=\"attachment-full size-full wp-image-851\" alt=\"\" srcset=\"https:\/\/pasmanteriakrakowska.pl\/wp-content\/uploads\/2015\/11\/apl02.jpg 400w, https:\/\/pasmanteriakrakowska.pl\/wp-content\/uploads\/2015\/11\/apl02-300x225.jpg 300w\" sizes=\"(max-width: 400px) 100vw, 400px\" \/>\t\t\t\t\t\t\t\t\t\t\t\t\t<\/div>\n\t\t\t\t<\/div>\n\t\t\t\t\t<\/div>\n\t\t<\/div>\n\t\t\t\t<div class=\"elementor-column elementor-col-50 elementor-inner-column elementor-element elementor-element-d49b2c5\" data-id=\"d49b2c5\" data-element_type=\"column\">\n\t\t\t<div class=\"elementor-widget-wrap elementor-element-populated\">\n\t\t\t\t\t\t<div class=\"elementor-element elementor-element-a6fee83 elementor-widget elementor-widget-heading\" data-id=\"a6fee83\" data-element_type=\"widget\" data-widget_type=\"heading.default\">\n\t\t\t\t<div class=\"elementor-widget-container\">\n\t\t\t<h2 class=\"elementor-heading-title elementor-size-default\">\u041d\u0410\u0428\u0418\u0412\u041a\u0418<\/h2>\t\t<\/div>\n\t\t\t\t<\/div>\n\t\t\t\t<div class=\"elementor-element elementor-element-86163b2 elementor-widget elementor-widget-text-editor\" data-id=\"86163b2\" data-element_type=\"widget\" data-widget_type=\"text-editor.default\">\n\t\t\t\t<div class=\"elementor-widget-container\">\n\t\t\t\t\t\t\t<p>\u0412\u0435\u043b\u0438\u043a\u0438\u0439 \u0432\u0438\u0431\u0456\u0440 \u043d\u0430\u0448\u0438\u0432\u043e\u043a \u0437 \u0434\u0435\u043d\u0456\u043c\u0443, \u0448\u043a\u0456\u0440\u0438, \u0432\u0435\u043b\u044e\u0440\u0443 \u0442\u0430 \u0442\u043a\u0430\u043d\u0438\u043d\u0438 \u0440\u0456\u0437\u043d\u0438\u0445 \u043a\u043e\u043b\u044c\u043e\u0440\u0456\u0432 \u0456 \u0440\u043e\u0437\u043c\u0456\u0440\u0456\u0432. \u041a\u0440\u0456\u043c \u0442\u043e\u0433\u043e, \u043c\u0438 \u043f\u0440\u043e\u0434\u0430\u0454\u043c\u043e \u0442\u0435\u043c\u0430\u0442\u0438\u0447\u043d\u0456 \u0442\u0430 \u0434\u0435\u043a\u043e\u0440\u0430\u0442\u0438\u0432\u043d\u0456 \u043d\u0430\u0448\u0438\u0432\u043a\u0438.<\/p>\n<p><strong>\u0411\u0430\u0440\u0432\u043d\u0438\u043a\u0438 &#8211; <\/strong>\u0431\u0430\u0440\u0432\u043d\u0438\u043a\u0438 \u0434\u043b\u044f \u0442\u043a\u0430\u043d\u0438\u043d \u0431\u0435\u0437 \u043a\u0438\u043f&#8217;\u044f\u0442\u0456\u043d\u043d\u044f, \u043f\u0440\u0438\u0437\u043d\u0430\u0447\u0435\u043d\u0456 \u0434\u043b\u044f \u0444\u0430\u0440\u0431\u0443\u0432\u0430\u043d\u043d\u044f \u0431\u0430\u0432\u043e\u0432\u043d\u0438, \u043b\u044c\u043e\u043d\u0443 \u0442\u0430 \u0456\u043d\u0448\u0438\u0445 \u043d\u0430\u0442\u0443\u0440\u0430\u043b\u044c\u043d\u0438\u0445 \u0442\u043a\u0430\u043d\u0438\u043d. \u0412\u0438\u0441\u043e\u043a\u0430 \u0441\u0442\u0456\u0439\u043a\u0456\u0441\u0442\u044c \u0434\u043e \u0432\u0438\u043c\u0438\u0432\u0430\u043d\u043d\u044f \u0442\u0430 \u0441\u043e\u043d\u044f\u0447\u043d\u043e\u0433\u043e \u0441\u0432\u0456\u0442\u043b\u0430, \u0431\u0456\u043b\u044c\u0448 \u043d\u0456\u0436 20 \u043a\u043e\u043b\u044c\u043e\u0440\u0456\u0432 \u043d\u0430 \u0432\u0438\u0431\u0456\u0440.<\/p>\n\t\t\t\t\t\t<\/div>\n\t\t\t\t<\/div>\n\t\t\t\t\t<\/div>\n\t\t<\/div>\n\t\t\t\t\t<\/div>\n\t\t<\/section>\n\t\t\t\t\t<\/div>\n\t\t<\/div>\n\t\t\t\t\t<\/div>\n\t\t<\/section>\n\t\t\t\t<\/div>\n\t\t","protected":false},"excerpt":{"rendered":"<p>\u0410\u041f\u041b\u0406\u041a\u0410\u0426\u0406\u0407 \u0422\u0410 \u0412\u0418\u0428\u0418\u0412\u041a\u0410 \u0412\u043e\u043d\u0438 \u0447\u0430\u0441\u0442\u043e \u0441\u043b\u0443\u0436\u0430\u0442\u044c \u0434\u043b\u044f \u043c\u0430\u0441\u043a\u0443\u0432\u0430\u043d\u043d\u044f \u043e\u0442\u0432\u043e\u0440\u0443 \u0430\u0431\u043e \u0437\u043c\u0456\u043d\u0438 \u043a\u043e\u043b\u044c\u043e\u0440\u0443, \u0430\u043b\u0435 \u0456\u0434\u0435\u0430\u043b\u044c\u043d\u043e \u043f\u0456\u0434\u0445\u043e\u0434\u044f\u0442\u044c \u044f\u043a \u043f\u0440\u0438\u043a\u0440\u0430\u0441\u0430 \u0434\u0438\u0442\u044f\u0447\u043e\u0457 \u0444\u0443\u0442\u0431\u043e\u043b\u043a\u0438, \u043f\u0456\u0434\u043a\u0440\u0435\u0441\u043b\u044e\u044e\u0447\u0438 \u0445\u0430\u0440\u0430\u043a\u0442\u0435\u0440 \u043d\u043e\u0432\u043e\u0457 \u043a\u0443\u0440\u0442\u043a\u0438 \u0430\u0431\u043e \u043e\u043d\u043e\u0432\u043b\u044e\u044e\u0447\u0438 \u0441\u0442\u0430\u0440\u0438\u0439 \u043e\u0434\u044f\u0433, \u0449\u043e\u0431 \u043d\u0430\u0434\u0430\u0442\u0438 \u0457\u0439 \u0441\u0432\u0456\u0436\u0438\u0439 \u0456 \u043c\u043e\u0434\u043d\u0438\u0439 \u0432\u0438\u0433\u043b\u044f\u0434. \u041d\u0410\u0428\u0418\u0412\u041a\u0418 \u0412\u0435\u043b\u0438\u043a\u0438\u0439 \u0432\u0438\u0431\u0456\u0440 \u043d\u0430\u0448\u0438\u0432\u043e\u043a \u0437 \u0434\u0435\u043d\u0456\u043c\u0443, \u0448\u043a\u0456\u0440\u0438, \u0432\u0435\u043b\u044e\u0440\u0443 \u0442\u0430 \u0442\u043a\u0430\u043d\u0438\u043d\u0438 \u0440\u0456\u0437\u043d\u0438\u0445 \u043a\u043e\u043b\u044c\u043e\u0440\u0456\u0432 \u0456 \u0440\u043e\u0437\u043c\u0456\u0440\u0456\u0432. \u041a\u0440\u0456\u043c \u0442\u043e\u0433\u043e, [&hellip;]<\/p>\n","protected":false},"author":1,"featured_media":0,"parent":0,"menu_order":0,"comment_status":"closed","ping_status":"closed","template":"","meta":{"_monsterinsights_skip_tracking":false,"_monsterinsights_sitenote_active":false,"_monsterinsights_sitenote_note":"","_monsterinsights_sitenote_category":0,"footnotes":""},"class_list":["post-986","page","type-page","status-publish","hentry"],"yoast_head":"<!-- This site is optimized with the Yoast SEO Premium plugin v22.3 (Yoast SEO v22.3) - https:\/\/yoast.com\/wordpress\/plugins\/seo\/ -->\n<title>\u0410\u043f\u043b\u0456\u043a\u0430\u0446\u0456\u0457 - Pasmanteria Krakowska<\/title>\n<meta name=\"robots\" content=\"index, follow, max-snippet:-1, max-image-preview:large, max-video-preview:-1\" \/>\n<link rel=\"canonical\" href=\"https:\/\/pasmanteriakrakowska.pl\/uk\/aplikacje\/\" \/>\n<meta property=\"og:locale\" content=\"uk_UA\" \/>\n<meta property=\"og:type\" content=\"article\" \/>\n<meta property=\"og:title\" content=\"\u0410\u043f\u043b\u0456\u043a\u0430\u0446\u0456\u0457\" \/>\n<meta property=\"og:description\" content=\"\u0410\u041f\u041b\u0406\u041a\u0410\u0426\u0406\u0407 \u0422\u0410 \u0412\u0418\u0428\u0418\u0412\u041a\u0410 \u0412\u043e\u043d\u0438 \u0447\u0430\u0441\u0442\u043e \u0441\u043b\u0443\u0436\u0430\u0442\u044c \u0434\u043b\u044f \u043c\u0430\u0441\u043a\u0443\u0432\u0430\u043d\u043d\u044f \u043e\u0442\u0432\u043e\u0440\u0443 \u0430\u0431\u043e \u0437\u043c\u0456\u043d\u0438 \u043a\u043e\u043b\u044c\u043e\u0440\u0443, \u0430\u043b\u0435 \u0456\u0434\u0435\u0430\u043b\u044c\u043d\u043e \u043f\u0456\u0434\u0445\u043e\u0434\u044f\u0442\u044c \u044f\u043a \u043f\u0440\u0438\u043a\u0440\u0430\u0441\u0430 \u0434\u0438\u0442\u044f\u0447\u043e\u0457 \u0444\u0443\u0442\u0431\u043e\u043b\u043a\u0438, \u043f\u0456\u0434\u043a\u0440\u0435\u0441\u043b\u044e\u044e\u0447\u0438 \u0445\u0430\u0440\u0430\u043a\u0442\u0435\u0440 \u043d\u043e\u0432\u043e\u0457 \u043a\u0443\u0440\u0442\u043a\u0438 \u0430\u0431\u043e \u043e\u043d\u043e\u0432\u043b\u044e\u044e\u0447\u0438 \u0441\u0442\u0430\u0440\u0438\u0439 \u043e\u0434\u044f\u0433, \u0449\u043e\u0431 \u043d\u0430\u0434\u0430\u0442\u0438 \u0457\u0439 \u0441\u0432\u0456\u0436\u0438\u0439 \u0456 \u043c\u043e\u0434\u043d\u0438\u0439 \u0432\u0438\u0433\u043b\u044f\u0434. \u041d\u0410\u0428\u0418\u0412\u041a\u0418 \u0412\u0435\u043b\u0438\u043a\u0438\u0439 \u0432\u0438\u0431\u0456\u0440 \u043d\u0430\u0448\u0438\u0432\u043e\u043a \u0437 \u0434\u0435\u043d\u0456\u043c\u0443, \u0448\u043a\u0456\u0440\u0438, \u0432\u0435\u043b\u044e\u0440\u0443 \u0442\u0430 \u0442\u043a\u0430\u043d\u0438\u043d\u0438 \u0440\u0456\u0437\u043d\u0438\u0445 \u043a\u043e\u043b\u044c\u043e\u0440\u0456\u0432 \u0456 \u0440\u043e\u0437\u043c\u0456\u0440\u0456\u0432. \u041a\u0440\u0456\u043c \u0442\u043e\u0433\u043e, [&hellip;]\" \/>\n<meta property=\"og:url\" content=\"https:\/\/pasmanteriakrakowska.pl\/uk\/aplikacje\/\" \/>\n<meta property=\"og:site_name\" content=\"Pasmanteria Krakowska\" \/>\n<meta property=\"article:publisher\" content=\"https:\/\/www.facebook.com\/Pasmanteria-Krakowska-196842967590498\" \/>\n<meta property=\"article:modified_time\" content=\"2022-04-19T12:44:29+00:00\" \/>\n<meta property=\"og:image\" content=\"https:\/\/pasmanteriakrakowska.pl\/wp-content\/uploads\/2015\/11\/apl01.jpg\" \/>\n<meta name=\"twitter:label1\" content=\"\u041f\u0440\u0438\u0431\u043b. \u0447\u0430\u0441 \u0447\u0438\u0442\u0430\u043d\u043d\u044f\" \/>\n\t<meta name=\"twitter:data1\" content=\"1 \u0445\u0432\u0438\u043b\u0438\u043d\u0430\" \/>\n<script type=\"application\/ld+json\" class=\"yoast-schema-graph\">{\"@context\":\"https:\/\/schema.org\",\"@graph\":[{\"@type\":\"WebPage\",\"@id\":\"https:\/\/pasmanteriakrakowska.pl\/uk\/aplikacje\/\",\"url\":\"https:\/\/pasmanteriakrakowska.pl\/uk\/aplikacje\/\",\"name\":\"\u0410\u043f\u043b\u0456\u043a\u0430\u0446\u0456\u0457 - Pasmanteria Krakowska\",\"isPartOf\":{\"@id\":\"https:\/\/pasmanteriakrakowska.pl\/#website\"},\"primaryImageOfPage\":{\"@id\":\"https:\/\/pasmanteriakrakowska.pl\/uk\/aplikacje\/#primaryimage\"},\"image\":{\"@id\":\"https:\/\/pasmanteriakrakowska.pl\/uk\/aplikacje\/#primaryimage\"},\"thumbnailUrl\":\"https:\/\/pasmanteriakrakowska.pl\/wp-content\/uploads\/2015\/11\/apl01.jpg\",\"datePublished\":\"2015-11-23T12:59:15+00:00\",\"dateModified\":\"2022-04-19T12:44:29+00:00\",\"breadcrumb\":{\"@id\":\"https:\/\/pasmanteriakrakowska.pl\/uk\/aplikacje\/#breadcrumb\"},\"inLanguage\":\"uk\",\"potentialAction\":[{\"@type\":\"ReadAction\",\"target\":[\"https:\/\/pasmanteriakrakowska.pl\/uk\/aplikacje\/\"]}]},{\"@type\":\"ImageObject\",\"inLanguage\":\"uk\",\"@id\":\"https:\/\/pasmanteriakrakowska.pl\/uk\/aplikacje\/#primaryimage\",\"url\":\"https:\/\/pasmanteriakrakowska.pl\/wp-content\/uploads\/2015\/11\/apl01.jpg\",\"contentUrl\":\"https:\/\/pasmanteriakrakowska.pl\/wp-content\/uploads\/2015\/11\/apl01.jpg\",\"width\":400,\"height\":300},{\"@type\":\"BreadcrumbList\",\"@id\":\"https:\/\/pasmanteriakrakowska.pl\/uk\/aplikacje\/#breadcrumb\",\"itemListElement\":[{\"@type\":\"ListItem\",\"position\":1,\"name\":\"Home\",\"item\":\"https:\/\/pasmanteriakrakowska.pl\/uk\/strona-glowna\/\"},{\"@type\":\"ListItem\",\"position\":2,\"name\":\"\u0410\u043f\u043b\u0456\u043a\u0430\u0446\u0456\u0457\"}]},{\"@type\":\"WebSite\",\"@id\":\"https:\/\/pasmanteriakrakowska.pl\/#website\",\"url\":\"https:\/\/pasmanteriakrakowska.pl\/\",\"name\":\"Pasmanteria Krakowska\",\"description\":\"Pasmanteria, kordonki, Ariadna, nici, guziki, gumy, ta\u015bma rzep, mulina, kanwa, sznurowad\u0142a, decoupage, scrapbooking, ta\u015bmy firanowe, ig\u0142y,\",\"publisher\":{\"@id\":\"https:\/\/pasmanteriakrakowska.pl\/#organization\"},\"potentialAction\":[{\"@type\":\"SearchAction\",\"target\":{\"@type\":\"EntryPoint\",\"urlTemplate\":\"https:\/\/pasmanteriakrakowska.pl\/?s={search_term_string}\"},\"query-input\":\"required name=search_term_string\"}],\"inLanguage\":\"uk\"},{\"@type\":\"Organization\",\"@id\":\"https:\/\/pasmanteriakrakowska.pl\/#organization\",\"name\":\"Pasmanteria Krakowska\",\"url\":\"https:\/\/pasmanteriakrakowska.pl\/\",\"logo\":{\"@type\":\"ImageObject\",\"inLanguage\":\"uk\",\"@id\":\"https:\/\/pasmanteriakrakowska.pl\/#\/schema\/logo\/image\/\",\"url\":\"https:\/\/pasmanteria.local:8890\/wp-content\/uploads\/2015\/12\/logo_pasmanteria21.png\",\"contentUrl\":\"https:\/\/pasmanteria.local:8890\/wp-content\/uploads\/2015\/12\/logo_pasmanteria21.png\",\"width\":440,\"height\":97,\"caption\":\"Pasmanteria Krakowska\"},\"image\":{\"@id\":\"https:\/\/pasmanteriakrakowska.pl\/#\/schema\/logo\/image\/\"},\"sameAs\":[\"https:\/\/www.facebook.com\/Pasmanteria-Krakowska-196842967590498\"]}]}<\/script>\n<!-- \/ Yoast SEO Premium plugin. -->","yoast_head_json":{"title":"\u0410\u043f\u043b\u0456\u043a\u0430\u0446\u0456\u0457 - Pasmanteria Krakowska","robots":{"index":"index","follow":"follow","max-snippet":"max-snippet:-1","max-image-preview":"max-image-preview:large","max-video-preview":"max-video-preview:-1"},"canonical":"https:\/\/pasmanteriakrakowska.pl\/uk\/aplikacje\/","og_locale":"uk_UA","og_type":"article","og_title":"\u0410\u043f\u043b\u0456\u043a\u0430\u0446\u0456\u0457","og_description":"\u0410\u041f\u041b\u0406\u041a\u0410\u0426\u0406\u0407 \u0422\u0410 \u0412\u0418\u0428\u0418\u0412\u041a\u0410 \u0412\u043e\u043d\u0438 \u0447\u0430\u0441\u0442\u043e \u0441\u043b\u0443\u0436\u0430\u0442\u044c \u0434\u043b\u044f \u043c\u0430\u0441\u043a\u0443\u0432\u0430\u043d\u043d\u044f \u043e\u0442\u0432\u043e\u0440\u0443 \u0430\u0431\u043e \u0437\u043c\u0456\u043d\u0438 \u043a\u043e\u043b\u044c\u043e\u0440\u0443, \u0430\u043b\u0435 \u0456\u0434\u0435\u0430\u043b\u044c\u043d\u043e \u043f\u0456\u0434\u0445\u043e\u0434\u044f\u0442\u044c \u044f\u043a \u043f\u0440\u0438\u043a\u0440\u0430\u0441\u0430 \u0434\u0438\u0442\u044f\u0447\u043e\u0457 \u0444\u0443\u0442\u0431\u043e\u043b\u043a\u0438, \u043f\u0456\u0434\u043a\u0440\u0435\u0441\u043b\u044e\u044e\u0447\u0438 \u0445\u0430\u0440\u0430\u043a\u0442\u0435\u0440 \u043d\u043e\u0432\u043e\u0457 \u043a\u0443\u0440\u0442\u043a\u0438 \u0430\u0431\u043e \u043e\u043d\u043e\u0432\u043b\u044e\u044e\u0447\u0438 \u0441\u0442\u0430\u0440\u0438\u0439 \u043e\u0434\u044f\u0433, \u0449\u043e\u0431 \u043d\u0430\u0434\u0430\u0442\u0438 \u0457\u0439 \u0441\u0432\u0456\u0436\u0438\u0439 \u0456 \u043c\u043e\u0434\u043d\u0438\u0439 \u0432\u0438\u0433\u043b\u044f\u0434. \u041d\u0410\u0428\u0418\u0412\u041a\u0418 \u0412\u0435\u043b\u0438\u043a\u0438\u0439 \u0432\u0438\u0431\u0456\u0440 \u043d\u0430\u0448\u0438\u0432\u043e\u043a \u0437 \u0434\u0435\u043d\u0456\u043c\u0443, \u0448\u043a\u0456\u0440\u0438, \u0432\u0435\u043b\u044e\u0440\u0443 \u0442\u0430 \u0442\u043a\u0430\u043d\u0438\u043d\u0438 \u0440\u0456\u0437\u043d\u0438\u0445 \u043a\u043e\u043b\u044c\u043e\u0440\u0456\u0432 \u0456 \u0440\u043e\u0437\u043c\u0456\u0440\u0456\u0432. \u041a\u0440\u0456\u043c \u0442\u043e\u0433\u043e, [&hellip;]","og_url":"https:\/\/pasmanteriakrakowska.pl\/uk\/aplikacje\/","og_site_name":"Pasmanteria Krakowska","article_publisher":"https:\/\/www.facebook.com\/Pasmanteria-Krakowska-196842967590498","article_modified_time":"2022-04-19T12:44:29+00:00","og_image":[{"url":"https:\/\/pasmanteriakrakowska.pl\/wp-content\/uploads\/2015\/11\/apl01.jpg"}],"twitter_misc":{"\u041f\u0440\u0438\u0431\u043b. \u0447\u0430\u0441 \u0447\u0438\u0442\u0430\u043d\u043d\u044f":"1 \u0445\u0432\u0438\u043b\u0438\u043d\u0430"},"schema":{"@context":"https:\/\/schema.org","@graph":[{"@type":"WebPage","@id":"https:\/\/pasmanteriakrakowska.pl\/uk\/aplikacje\/","url":"https:\/\/pasmanteriakrakowska.pl\/uk\/aplikacje\/","name":"\u0410\u043f\u043b\u0456\u043a\u0430\u0446\u0456\u0457 - Pasmanteria Krakowska","isPartOf":{"@id":"https:\/\/pasmanteriakrakowska.pl\/#website"},"primaryImageOfPage":{"@id":"https:\/\/pasmanteriakrakowska.pl\/uk\/aplikacje\/#primaryimage"},"image":{"@id":"https:\/\/pasmanteriakrakowska.pl\/uk\/aplikacje\/#primaryimage"},"thumbnailUrl":"https:\/\/pasmanteriakrakowska.pl\/wp-content\/uploads\/2015\/11\/apl01.jpg","datePublished":"2015-11-23T12:59:15+00:00","dateModified":"2022-04-19T12:44:29+00:00","breadcrumb":{"@id":"https:\/\/pasmanteriakrakowska.pl\/uk\/aplikacje\/#breadcrumb"},"inLanguage":"uk","potentialAction":[{"@type":"ReadAction","target":["https:\/\/pasmanteriakrakowska.pl\/uk\/aplikacje\/"]}]},{"@type":"ImageObject","inLanguage":"uk","@id":"https:\/\/pasmanteriakrakowska.pl\/uk\/aplikacje\/#primaryimage","url":"https:\/\/pasmanteriakrakowska.pl\/wp-content\/uploads\/2015\/11\/apl01.jpg","contentUrl":"https:\/\/pasmanteriakrakowska.pl\/wp-content\/uploads\/2015\/11\/apl01.jpg","width":400,"height":300},{"@type":"BreadcrumbList","@id":"https:\/\/pasmanteriakrakowska.pl\/uk\/aplikacje\/#breadcrumb","itemListElement":[{"@type":"ListItem","position":1,"name":"Home","item":"https:\/\/pasmanteriakrakowska.pl\/uk\/strona-glowna\/"},{"@type":"ListItem","position":2,"name":"\u0410\u043f\u043b\u0456\u043a\u0430\u0446\u0456\u0457"}]},{"@type":"WebSite","@id":"https:\/\/pasmanteriakrakowska.pl\/#website","url":"https:\/\/pasmanteriakrakowska.pl\/","name":"Pasmanteria Krakowska","description":"Pasmanteria, kordonki, Ariadna, nici, guziki, gumy, ta\u015bma rzep, mulina, kanwa, sznurowad\u0142a, decoupage, scrapbooking, ta\u015bmy firanowe, ig\u0142y,","publisher":{"@id":"https:\/\/pasmanteriakrakowska.pl\/#organization"},"potentialAction":[{"@type":"SearchAction","target":{"@type":"EntryPoint","urlTemplate":"https:\/\/pasmanteriakrakowska.pl\/?s={search_term_string}"},"query-input":"required name=search_term_string"}],"inLanguage":"uk"},{"@type":"Organization","@id":"https:\/\/pasmanteriakrakowska.pl\/#organization","name":"Pasmanteria Krakowska","url":"https:\/\/pasmanteriakrakowska.pl\/","logo":{"@type":"ImageObject","inLanguage":"uk","@id":"https:\/\/pasmanteriakrakowska.pl\/#\/schema\/logo\/image\/","url":"https:\/\/pasmanteria.local:8890\/wp-content\/uploads\/2015\/12\/logo_pasmanteria21.png","contentUrl":"https:\/\/pasmanteria.local:8890\/wp-content\/uploads\/2015\/12\/logo_pasmanteria21.png","width":440,"height":97,"caption":"Pasmanteria Krakowska"},"image":{"@id":"https:\/\/pasmanteriakrakowska.pl\/#\/schema\/logo\/image\/"},"sameAs":["https:\/\/www.facebook.com\/Pasmanteria-Krakowska-196842967590498"]}]}},"_links":{"self":[{"href":"https:\/\/pasmanteriakrakowska.pl\/uk\/wp-json\/wp\/v2\/pages\/986","targetHints":{"allow":["GET"]}}],"collection":[{"href":"https:\/\/pasmanteriakrakowska.pl\/uk\/wp-json\/wp\/v2\/pages"}],"about":[{"href":"https:\/\/pasmanteriakrakowska.pl\/uk\/wp-json\/wp\/v2\/types\/page"}],"author":[{"embeddable":true,"href":"https:\/\/pasmanteriakrakowska.pl\/uk\/wp-json\/wp\/v2\/users\/1"}],"replies":[{"embeddable":true,"href":"https:\/\/pasmanteriakrakowska.pl\/uk\/wp-json\/wp\/v2\/comments?post=986"}],"version-history":[{"count":0,"href":"https:\/\/pasmanteriakrakowska.pl\/uk\/wp-json\/wp\/v2\/pages\/986\/revisions"}],"wp:attachment":[{"href":"https:\/\/pasmanteriakrakowska.pl\/uk\/wp-json\/wp\/v2\/media?parent=986"}],"curies":[{"name":"wp","href":"https:\/\/api.w.org\/{rel}","templated":true}]}}