{"id":1400,"date":"2022-11-28T23:55:58","date_gmt":"2022-11-28T22:55:58","guid":{"rendered":"https:\/\/pasmanteriakrakowska.pl\/%d0%bf%d1%96%d1%80%d1%8f\/"},"modified":"2022-12-06T17:34:28","modified_gmt":"2022-12-06T16:34:28","slug":"%d0%bf%d1%96%d1%80%d1%8f","status":"publish","type":"page","link":"https:\/\/pasmanteriakrakowska.pl\/uk\/%d0%bf%d1%96%d1%80%d1%8f\/","title":{"rendered":"\u041f\u0456\u0440&#8217;\u044f"},"content":{"rendered":"\t\t<div data-elementor-type=\"wp-page\" data-elementor-id=\"1400\" class=\"elementor elementor-1400 elementor-1298\" data-elementor-post-type=\"page\">\n\t\t\t\t\t\t<section class=\"elementor-section elementor-top-section elementor-element elementor-element-4f99ac2 elementor-section-boxed elementor-section-height-default elementor-section-height-default\" data-id=\"4f99ac2\" data-element_type=\"section\">\n\t\t\t\t\t\t<div class=\"elementor-container elementor-column-gap-default\">\n\t\t\t\t\t<div class=\"elementor-column elementor-col-50 elementor-top-column elementor-element elementor-element-ca5e2e0\" data-id=\"ca5e2e0\" data-element_type=\"column\">\n\t\t\t<div class=\"elementor-widget-wrap elementor-element-populated\">\n\t\t\t\t\t\t<div class=\"elementor-element elementor-element-e25ff4c elementor-arrows-position-inside elementor-pagination-position-outside elementor-widget elementor-widget-image-carousel\" data-id=\"e25ff4c\" data-element_type=\"widget\" data-settings=\"{&quot;slides_to_show&quot;:&quot;1&quot;,&quot;lazyload&quot;:&quot;yes&quot;,&quot;navigation&quot;:&quot;both&quot;,&quot;autoplay&quot;:&quot;yes&quot;,&quot;pause_on_hover&quot;:&quot;yes&quot;,&quot;pause_on_interaction&quot;:&quot;yes&quot;,&quot;autoplay_speed&quot;:5000,&quot;infinite&quot;:&quot;yes&quot;,&quot;effect&quot;:&quot;slide&quot;,&quot;speed&quot;:500}\" data-widget_type=\"image-carousel.default\">\n\t\t\t\t<div class=\"elementor-widget-container\">\n\t\t\t<style>\/*! elementor - v3.23.0 - 25-07-2024 *\/\n.elementor-widget-image-carousel .swiper,.elementor-widget-image-carousel .swiper-container{position:static}.elementor-widget-image-carousel .swiper-container .swiper-slide figure,.elementor-widget-image-carousel .swiper .swiper-slide figure{line-height:inherit}.elementor-widget-image-carousel .swiper-slide{text-align:center}.elementor-image-carousel-wrapper:not(.swiper-container-initialized):not(.swiper-initialized) .swiper-slide{max-width:calc(100% \/ var(--e-image-carousel-slides-to-show, 3))}<\/style>\t\t<div class=\"elementor-image-carousel-wrapper swiper\" dir=\"ltr\">\n\t\t\t<div class=\"elementor-image-carousel swiper-wrapper\" aria-live=\"off\">\n\t\t\t\t\t\t\t\t<div class=\"swiper-slide\" role=\"group\" aria-roledescription=\"slide\" aria-label=\"1 \u0437 6\"><figure class=\"swiper-slide-inner\"><img class=\"swiper-slide-image swiper-lazy\" data-src=\"https:\/\/pasmanteriakrakowska.pl\/wp-content\/uploads\/2022\/11\/DSC01770-768x512.jpg\" alt=\"DSC01770\" \/><div class=\"swiper-lazy-preloader\"><\/div><\/figure><\/div><div class=\"swiper-slide\" role=\"group\" aria-roledescription=\"slide\" aria-label=\"2 \u0437 6\"><figure class=\"swiper-slide-inner\"><img class=\"swiper-slide-image swiper-lazy\" data-src=\"https:\/\/pasmanteriakrakowska.pl\/wp-content\/uploads\/2022\/11\/DSC01754-768x768.jpg\" alt=\"DSC01754\" \/><div class=\"swiper-lazy-preloader\"><\/div><\/figure><\/div><div class=\"swiper-slide\" role=\"group\" aria-roledescription=\"slide\" aria-label=\"3 \u0437 6\"><figure class=\"swiper-slide-inner\"><img class=\"swiper-slide-image swiper-lazy\" data-src=\"https:\/\/pasmanteriakrakowska.pl\/wp-content\/uploads\/2022\/11\/DSC01779-768x768.jpg\" alt=\"DSC01779\" \/><div class=\"swiper-lazy-preloader\"><\/div><\/figure><\/div><div class=\"swiper-slide\" role=\"group\" aria-roledescription=\"slide\" aria-label=\"4 \u0437 6\"><figure class=\"swiper-slide-inner\"><img class=\"swiper-slide-image swiper-lazy\" data-src=\"https:\/\/pasmanteriakrakowska.pl\/wp-content\/uploads\/2022\/11\/DSC01747-768x768.jpg\" alt=\"DSC01747\" \/><div class=\"swiper-lazy-preloader\"><\/div><\/figure><\/div><div class=\"swiper-slide\" role=\"group\" aria-roledescription=\"slide\" aria-label=\"5 \u0437 6\"><figure class=\"swiper-slide-inner\"><img class=\"swiper-slide-image swiper-lazy\" data-src=\"https:\/\/pasmanteriakrakowska.pl\/wp-content\/uploads\/2022\/11\/DSC01773-768x768.jpg\" alt=\"DSC01773\" \/><div class=\"swiper-lazy-preloader\"><\/div><\/figure><\/div><div class=\"swiper-slide\" role=\"group\" aria-roledescription=\"slide\" aria-label=\"6 \u0437 6\"><figure class=\"swiper-slide-inner\"><img class=\"swiper-slide-image swiper-lazy\" data-src=\"https:\/\/pasmanteriakrakowska.pl\/wp-content\/uploads\/2022\/11\/DSC01763-768x768.jpg\" alt=\"DSC01763\" \/><div class=\"swiper-lazy-preloader\"><\/div><\/figure><\/div>\t\t\t<\/div>\n\t\t\t\t\t\t\t\t\t\t\t\t<div class=\"elementor-swiper-button elementor-swiper-button-prev\" role=\"button\" tabindex=\"0\">\n\t\t\t\t\t\t<svg aria-hidden=\"true\" class=\"e-font-icon-svg e-eicon-chevron-left\" viewBox=\"0 0 1000 1000\" xmlns=\"http:\/\/www.w3.org\/2000\/svg\"><path d=\"M646 125C629 125 613 133 604 142L308 442C296 454 292 471 292 487 292 504 296 521 308 533L604 854C617 867 629 875 646 875 663 875 679 871 692 858 704 846 713 829 713 812 713 796 708 779 692 767L438 487 692 225C700 217 708 204 708 187 708 171 704 154 692 142 675 129 663 125 646 125Z\"><\/path><\/svg>\t\t\t\t\t<\/div>\n\t\t\t\t\t<div class=\"elementor-swiper-button elementor-swiper-button-next\" role=\"button\" tabindex=\"0\">\n\t\t\t\t\t\t<svg aria-hidden=\"true\" class=\"e-font-icon-svg e-eicon-chevron-right\" viewBox=\"0 0 1000 1000\" xmlns=\"http:\/\/www.w3.org\/2000\/svg\"><path d=\"M696 533C708 521 713 504 713 487 713 471 708 454 696 446L400 146C388 133 375 125 354 125 338 125 325 129 313 142 300 154 292 171 292 187 292 204 296 221 308 233L563 492 304 771C292 783 288 800 288 817 288 833 296 850 308 863 321 871 338 875 354 875 371 875 388 867 400 854L696 533Z\"><\/path><\/svg>\t\t\t\t\t<\/div>\n\t\t\t\t\n\t\t\t\t\t\t\t\t\t<div class=\"swiper-pagination\"><\/div>\n\t\t\t\t\t\t\t\t\t<\/div>\n\t\t\t\t<\/div>\n\t\t\t\t<\/div>\n\t\t\t\t\t<\/div>\n\t\t<\/div>\n\t\t\t\t<div class=\"elementor-column elementor-col-50 elementor-top-column elementor-element elementor-element-ed2bcad\" data-id=\"ed2bcad\" data-element_type=\"column\">\n\t\t\t<div class=\"elementor-widget-wrap elementor-element-populated\">\n\t\t\t\t\t\t<div class=\"elementor-element elementor-element-b40fb4e elementor-widget elementor-widget-text-editor\" data-id=\"b40fb4e\" data-element_type=\"widget\" data-widget_type=\"text-editor.default\">\n\t\t\t\t<div class=\"elementor-widget-container\">\n\t\t\t<style>\/*! elementor - v3.23.0 - 25-07-2024 *\/\n.elementor-widget-text-editor.elementor-drop-cap-view-stacked .elementor-drop-cap{background-color:#69727d;color:#fff}.elementor-widget-text-editor.elementor-drop-cap-view-framed .elementor-drop-cap{color:#69727d;border:3px solid;background-color:transparent}.elementor-widget-text-editor:not(.elementor-drop-cap-view-default) .elementor-drop-cap{margin-top:8px}.elementor-widget-text-editor:not(.elementor-drop-cap-view-default) .elementor-drop-cap-letter{width:1em;height:1em}.elementor-widget-text-editor .elementor-drop-cap{float:left;text-align:center;line-height:1;font-size:50px}.elementor-widget-text-editor .elementor-drop-cap-letter{display:inline-block}<\/style>\t\t\t\t<p>\u041f\u0456\u0440\u2019\u044f \u043d\u0430 \u0441\u0442\u0440\u0456\u0447\u0446\u0456 \u0432 \u0448\u0438\u0440\u043e\u043a\u0456\u0439 \u043f\u0430\u043b\u0456\u0442\u0440\u0456 \u043a\u043e\u043b\u044c\u043e\u0440\u0456\u0432 \u043d\u0430\u0434\u0438\u0445\u0430\u044e\u0442\u044c \u043d\u0430 \u0440\u0456\u0437\u043d\u043e\u043c\u0430\u043d\u0456\u0442\u043d\u0435 \u0432\u0438\u043a\u043e\u0440\u0438\u0441\u0442\u0430\u043d\u043d\u044f. \u041f\u0440\u043e\u043f\u043e\u043d\u043e\u0432\u0430\u043d\u0430 \u043f\u0440\u043e\u0434\u0443\u043a\u0446\u0456\u044f &#8211; \u043d\u0430\u0442\u0443\u0440\u0430\u043b\u044c\u043d\u0435 \u043f\u0456\u0440&#8217;\u044f \u043f\u0456\u0432\u043d\u044f \u0442\u0430 \u0441\u0442\u0440\u0430\u0443\u0441\u0430 \u0437 \u043d\u0430\u0442\u0443\u0440\u0430\u043b\u044c\u043d\u0438\u043c \u0437\u0430\u0431\u0430\u0440\u0432\u043b\u0435\u043d\u043d\u044f\u043c \u0442\u0430 \u043f\u043e\u0444\u0430\u0440\u0431\u043e\u0432\u0430\u043d\u0435. \u0412\u0438 \u043c\u043e\u0436\u0435\u0442\u0435 \u043b\u0435\u0433\u043a\u043e \u0432\u0438\u043a\u043e\u0440\u0438\u0441\u0442\u043e\u0432\u0443\u0432\u0430\u0442\u0438 \u0457\u0445 \u0434\u043b\u044f \u043e\u0431\u0440\u043e\u0431\u043a\u0438 \u0441\u0443\u043a\u043d\u0456, \u0431\u043b\u0443\u0437\u0438, \u0441\u0432\u0435\u0442\u0440\u0430, \u0441\u0443\u043c\u043e\u0447\u043a\u0438 \u0447\u0438 \u0432\u0437\u0443\u0442\u0442\u044f \u0430\u0431\u043e \u044f\u043a \u044e\u0432\u0435\u043b\u0456\u0440\u043d\u0438\u0439 \u0430\u043a\u0441\u0435\u0441\u0443\u0430\u0440. \u0412\u043e\u043d\u0438 \u0454 \u043c\u043e\u0434\u043d\u0438\u043c \u0434\u043e\u043f\u043e\u0432\u043d\u0435\u043d\u043d\u044f\u043c \u0434\u043e \u043a\u0430\u0440\u043d\u0430\u0432\u0430\u043b\u044c\u043d\u0438\u0445 \u0441\u0442\u0438\u043b\u0456\u0437\u0430\u0446\u0456\u0439.<\/p>\n\t\t\t\t\t\t<\/div>\n\t\t\t\t<\/div>\n\t\t\t\t\t<\/div>\n\t\t<\/div>\n\t\t\t\t\t<\/div>\n\t\t<\/section>\n\t\t\t\t<\/div>\n\t\t","protected":false},"excerpt":{"rendered":"<p>Poprzednie Nast\u0119pne \u041f\u0456\u0440\u2019\u044f \u043d\u0430 \u0441\u0442\u0440\u0456\u0447\u0446\u0456 \u0432 \u0448\u0438\u0440\u043e\u043a\u0456\u0439 \u043f\u0430\u043b\u0456\u0442\u0440\u0456 \u043a\u043e\u043b\u044c\u043e\u0440\u0456\u0432 \u043d\u0430\u0434\u0438\u0445\u0430\u044e\u0442\u044c \u043d\u0430 \u0440\u0456\u0437\u043d\u043e\u043c\u0430\u043d\u0456\u0442\u043d\u0435 \u0432\u0438\u043a\u043e\u0440\u0438\u0441\u0442\u0430\u043d\u043d\u044f. \u041f\u0440\u043e\u043f\u043e\u043d\u043e\u0432\u0430\u043d\u0430 \u043f\u0440\u043e\u0434\u0443\u043a\u0446\u0456\u044f &#8211; \u043d\u0430\u0442\u0443\u0440\u0430\u043b\u044c\u043d\u0435 \u043f\u0456\u0440&#8217;\u044f \u043f\u0456\u0432\u043d\u044f \u0442\u0430 \u0441\u0442\u0440\u0430\u0443\u0441\u0430 \u0437 \u043d\u0430\u0442\u0443\u0440\u0430\u043b\u044c\u043d\u0438\u043c \u0437\u0430\u0431\u0430\u0440\u0432\u043b\u0435\u043d\u043d\u044f\u043c \u0442\u0430 \u043f\u043e\u0444\u0430\u0440\u0431\u043e\u0432\u0430\u043d\u0435. \u0412\u0438 \u043c\u043e\u0436\u0435\u0442\u0435 \u043b\u0435\u0433\u043a\u043e \u0432\u0438\u043a\u043e\u0440\u0438\u0441\u0442\u043e\u0432\u0443\u0432\u0430\u0442\u0438 \u0457\u0445 \u0434\u043b\u044f \u043e\u0431\u0440\u043e\u0431\u043a\u0438 \u0441\u0443\u043a\u043d\u0456, \u0431\u043b\u0443\u0437\u0438, \u0441\u0432\u0435\u0442\u0440\u0430, \u0441\u0443\u043c\u043e\u0447\u043a\u0438 \u0447\u0438 \u0432\u0437\u0443\u0442\u0442\u044f \u0430\u0431\u043e \u044f\u043a \u044e\u0432\u0435\u043b\u0456\u0440\u043d\u0438\u0439 \u0430\u043a\u0441\u0435\u0441\u0443\u0430\u0440. \u0412\u043e\u043d\u0438 \u0454 \u043c\u043e\u0434\u043d\u0438\u043c \u0434\u043e\u043f\u043e\u0432\u043d\u0435\u043d\u043d\u044f\u043c \u0434\u043e \u043a\u0430\u0440\u043d\u0430\u0432\u0430\u043b\u044c\u043d\u0438\u0445 \u0441\u0442\u0438\u043b\u0456\u0437\u0430\u0446\u0456\u0439.<\/p>\n","protected":false},"author":1,"featured_media":0,"parent":0,"menu_order":0,"comment_status":"closed","ping_status":"closed","template":"","meta":{"_monsterinsights_skip_tracking":false,"_monsterinsights_sitenote_active":false,"_monsterinsights_sitenote_note":"","_monsterinsights_sitenote_category":0,"footnotes":""},"class_list":["post-1400","page","type-page","status-publish","hentry"],"yoast_head":"<!-- This site is optimized with the Yoast SEO Premium plugin v22.3 (Yoast SEO v22.3) - https:\/\/yoast.com\/wordpress\/plugins\/seo\/ -->\n<title>\u041f\u0456\u0440&#039;\u044f - Pasmanteria Krakowska<\/title>\n<meta name=\"robots\" content=\"index, follow, max-snippet:-1, max-image-preview:large, max-video-preview:-1\" \/>\n<link rel=\"canonical\" href=\"https:\/\/pasmanteriakrakowska.pl\/uk\/%d0%bf%d1%96%d1%80%d1%8f\/\" \/>\n<meta property=\"og:locale\" content=\"uk_UA\" \/>\n<meta property=\"og:type\" content=\"article\" \/>\n<meta property=\"og:title\" content=\"\u041f\u0456\u0440&#039;\u044f\" \/>\n<meta property=\"og:description\" content=\"Poprzednie Nast\u0119pne \u041f\u0456\u0440\u2019\u044f \u043d\u0430 \u0441\u0442\u0440\u0456\u0447\u0446\u0456 \u0432 \u0448\u0438\u0440\u043e\u043a\u0456\u0439 \u043f\u0430\u043b\u0456\u0442\u0440\u0456 \u043a\u043e\u043b\u044c\u043e\u0440\u0456\u0432 \u043d\u0430\u0434\u0438\u0445\u0430\u044e\u0442\u044c \u043d\u0430 \u0440\u0456\u0437\u043d\u043e\u043c\u0430\u043d\u0456\u0442\u043d\u0435 \u0432\u0438\u043a\u043e\u0440\u0438\u0441\u0442\u0430\u043d\u043d\u044f. \u041f\u0440\u043e\u043f\u043e\u043d\u043e\u0432\u0430\u043d\u0430 \u043f\u0440\u043e\u0434\u0443\u043a\u0446\u0456\u044f &#8211; \u043d\u0430\u0442\u0443\u0440\u0430\u043b\u044c\u043d\u0435 \u043f\u0456\u0440&#8217;\u044f \u043f\u0456\u0432\u043d\u044f \u0442\u0430 \u0441\u0442\u0440\u0430\u0443\u0441\u0430 \u0437 \u043d\u0430\u0442\u0443\u0440\u0430\u043b\u044c\u043d\u0438\u043c \u0437\u0430\u0431\u0430\u0440\u0432\u043b\u0435\u043d\u043d\u044f\u043c \u0442\u0430 \u043f\u043e\u0444\u0430\u0440\u0431\u043e\u0432\u0430\u043d\u0435. \u0412\u0438 \u043c\u043e\u0436\u0435\u0442\u0435 \u043b\u0435\u0433\u043a\u043e \u0432\u0438\u043a\u043e\u0440\u0438\u0441\u0442\u043e\u0432\u0443\u0432\u0430\u0442\u0438 \u0457\u0445 \u0434\u043b\u044f \u043e\u0431\u0440\u043e\u0431\u043a\u0438 \u0441\u0443\u043a\u043d\u0456, \u0431\u043b\u0443\u0437\u0438, \u0441\u0432\u0435\u0442\u0440\u0430, \u0441\u0443\u043c\u043e\u0447\u043a\u0438 \u0447\u0438 \u0432\u0437\u0443\u0442\u0442\u044f \u0430\u0431\u043e \u044f\u043a \u044e\u0432\u0435\u043b\u0456\u0440\u043d\u0438\u0439 \u0430\u043a\u0441\u0435\u0441\u0443\u0430\u0440. \u0412\u043e\u043d\u0438 \u0454 \u043c\u043e\u0434\u043d\u0438\u043c \u0434\u043e\u043f\u043e\u0432\u043d\u0435\u043d\u043d\u044f\u043c \u0434\u043e \u043a\u0430\u0440\u043d\u0430\u0432\u0430\u043b\u044c\u043d\u0438\u0445 \u0441\u0442\u0438\u043b\u0456\u0437\u0430\u0446\u0456\u0439.\" \/>\n<meta property=\"og:url\" content=\"https:\/\/pasmanteriakrakowska.pl\/uk\/%d0%bf%d1%96%d1%80%d1%8f\/\" \/>\n<meta property=\"og:site_name\" content=\"Pasmanteria Krakowska\" \/>\n<meta property=\"article:publisher\" content=\"https:\/\/www.facebook.com\/Pasmanteria-Krakowska-196842967590498\" \/>\n<meta property=\"article:modified_time\" content=\"2022-12-06T16:34:28+00:00\" \/>\n<meta property=\"og:image\" content=\"https:\/\/pasmanteriakrakowska.pl\/wp-content\/uploads\/2022\/11\/DSC01770-768x512.jpg\" \/>\n<script type=\"application\/ld+json\" class=\"yoast-schema-graph\">{\"@context\":\"https:\/\/schema.org\",\"@graph\":[{\"@type\":\"WebPage\",\"@id\":\"https:\/\/pasmanteriakrakowska.pl\/uk\/%d0%bf%d1%96%d1%80%d1%8f\/\",\"url\":\"https:\/\/pasmanteriakrakowska.pl\/uk\/%d0%bf%d1%96%d1%80%d1%8f\/\",\"name\":\"\u041f\u0456\u0440'\u044f - Pasmanteria Krakowska\",\"isPartOf\":{\"@id\":\"https:\/\/pasmanteriakrakowska.pl\/#website\"},\"primaryImageOfPage\":{\"@id\":\"https:\/\/pasmanteriakrakowska.pl\/uk\/%d0%bf%d1%96%d1%80%d1%8f\/#primaryimage\"},\"image\":{\"@id\":\"https:\/\/pasmanteriakrakowska.pl\/uk\/%d0%bf%d1%96%d1%80%d1%8f\/#primaryimage\"},\"thumbnailUrl\":\"https:\/\/pasmanteriakrakowska.pl\/wp-content\/uploads\/2022\/11\/DSC01770-768x512.jpg\",\"datePublished\":\"2022-11-28T22:55:58+00:00\",\"dateModified\":\"2022-12-06T16:34:28+00:00\",\"breadcrumb\":{\"@id\":\"https:\/\/pasmanteriakrakowska.pl\/uk\/%d0%bf%d1%96%d1%80%d1%8f\/#breadcrumb\"},\"inLanguage\":\"uk\",\"potentialAction\":[{\"@type\":\"ReadAction\",\"target\":[\"https:\/\/pasmanteriakrakowska.pl\/uk\/%d0%bf%d1%96%d1%80%d1%8f\/\"]}]},{\"@type\":\"ImageObject\",\"inLanguage\":\"uk\",\"@id\":\"https:\/\/pasmanteriakrakowska.pl\/uk\/%d0%bf%d1%96%d1%80%d1%8f\/#primaryimage\",\"url\":\"https:\/\/pasmanteriakrakowska.pl\/wp-content\/uploads\/2022\/11\/DSC01770-scaled.jpg\",\"contentUrl\":\"https:\/\/pasmanteriakrakowska.pl\/wp-content\/uploads\/2022\/11\/DSC01770-scaled.jpg\",\"width\":2560,\"height\":1707},{\"@type\":\"BreadcrumbList\",\"@id\":\"https:\/\/pasmanteriakrakowska.pl\/uk\/%d0%bf%d1%96%d1%80%d1%8f\/#breadcrumb\",\"itemListElement\":[{\"@type\":\"ListItem\",\"position\":1,\"name\":\"Home\",\"item\":\"https:\/\/pasmanteriakrakowska.pl\/uk\/strona-glowna\/\"},{\"@type\":\"ListItem\",\"position\":2,\"name\":\"\u041f\u0456\u0440&#8217;\u044f\"}]},{\"@type\":\"WebSite\",\"@id\":\"https:\/\/pasmanteriakrakowska.pl\/#website\",\"url\":\"https:\/\/pasmanteriakrakowska.pl\/\",\"name\":\"Pasmanteria Krakowska\",\"description\":\"Pasmanteria, kordonki, Ariadna, nici, guziki, gumy, ta\u015bma rzep, mulina, kanwa, sznurowad\u0142a, decoupage, scrapbooking, ta\u015bmy firanowe, ig\u0142y,\",\"publisher\":{\"@id\":\"https:\/\/pasmanteriakrakowska.pl\/#organization\"},\"potentialAction\":[{\"@type\":\"SearchAction\",\"target\":{\"@type\":\"EntryPoint\",\"urlTemplate\":\"https:\/\/pasmanteriakrakowska.pl\/?s={search_term_string}\"},\"query-input\":\"required name=search_term_string\"}],\"inLanguage\":\"uk\"},{\"@type\":\"Organization\",\"@id\":\"https:\/\/pasmanteriakrakowska.pl\/#organization\",\"name\":\"Pasmanteria Krakowska\",\"url\":\"https:\/\/pasmanteriakrakowska.pl\/\",\"logo\":{\"@type\":\"ImageObject\",\"inLanguage\":\"uk\",\"@id\":\"https:\/\/pasmanteriakrakowska.pl\/#\/schema\/logo\/image\/\",\"url\":\"https:\/\/pasmanteria.local:8890\/wp-content\/uploads\/2015\/12\/logo_pasmanteria21.png\",\"contentUrl\":\"https:\/\/pasmanteria.local:8890\/wp-content\/uploads\/2015\/12\/logo_pasmanteria21.png\",\"width\":440,\"height\":97,\"caption\":\"Pasmanteria Krakowska\"},\"image\":{\"@id\":\"https:\/\/pasmanteriakrakowska.pl\/#\/schema\/logo\/image\/\"},\"sameAs\":[\"https:\/\/www.facebook.com\/Pasmanteria-Krakowska-196842967590498\"]}]}<\/script>\n<!-- \/ Yoast SEO Premium plugin. -->","yoast_head_json":{"title":"\u041f\u0456\u0440'\u044f - Pasmanteria Krakowska","robots":{"index":"index","follow":"follow","max-snippet":"max-snippet:-1","max-image-preview":"max-image-preview:large","max-video-preview":"max-video-preview:-1"},"canonical":"https:\/\/pasmanteriakrakowska.pl\/uk\/%d0%bf%d1%96%d1%80%d1%8f\/","og_locale":"uk_UA","og_type":"article","og_title":"\u041f\u0456\u0440'\u044f","og_description":"Poprzednie Nast\u0119pne \u041f\u0456\u0440\u2019\u044f \u043d\u0430 \u0441\u0442\u0440\u0456\u0447\u0446\u0456 \u0432 \u0448\u0438\u0440\u043e\u043a\u0456\u0439 \u043f\u0430\u043b\u0456\u0442\u0440\u0456 \u043a\u043e\u043b\u044c\u043e\u0440\u0456\u0432 \u043d\u0430\u0434\u0438\u0445\u0430\u044e\u0442\u044c \u043d\u0430 \u0440\u0456\u0437\u043d\u043e\u043c\u0430\u043d\u0456\u0442\u043d\u0435 \u0432\u0438\u043a\u043e\u0440\u0438\u0441\u0442\u0430\u043d\u043d\u044f. \u041f\u0440\u043e\u043f\u043e\u043d\u043e\u0432\u0430\u043d\u0430 \u043f\u0440\u043e\u0434\u0443\u043a\u0446\u0456\u044f &#8211; \u043d\u0430\u0442\u0443\u0440\u0430\u043b\u044c\u043d\u0435 \u043f\u0456\u0440&#8217;\u044f \u043f\u0456\u0432\u043d\u044f \u0442\u0430 \u0441\u0442\u0440\u0430\u0443\u0441\u0430 \u0437 \u043d\u0430\u0442\u0443\u0440\u0430\u043b\u044c\u043d\u0438\u043c \u0437\u0430\u0431\u0430\u0440\u0432\u043b\u0435\u043d\u043d\u044f\u043c \u0442\u0430 \u043f\u043e\u0444\u0430\u0440\u0431\u043e\u0432\u0430\u043d\u0435. \u0412\u0438 \u043c\u043e\u0436\u0435\u0442\u0435 \u043b\u0435\u0433\u043a\u043e \u0432\u0438\u043a\u043e\u0440\u0438\u0441\u0442\u043e\u0432\u0443\u0432\u0430\u0442\u0438 \u0457\u0445 \u0434\u043b\u044f \u043e\u0431\u0440\u043e\u0431\u043a\u0438 \u0441\u0443\u043a\u043d\u0456, \u0431\u043b\u0443\u0437\u0438, \u0441\u0432\u0435\u0442\u0440\u0430, \u0441\u0443\u043c\u043e\u0447\u043a\u0438 \u0447\u0438 \u0432\u0437\u0443\u0442\u0442\u044f \u0430\u0431\u043e \u044f\u043a \u044e\u0432\u0435\u043b\u0456\u0440\u043d\u0438\u0439 \u0430\u043a\u0441\u0435\u0441\u0443\u0430\u0440. \u0412\u043e\u043d\u0438 \u0454 \u043c\u043e\u0434\u043d\u0438\u043c \u0434\u043e\u043f\u043e\u0432\u043d\u0435\u043d\u043d\u044f\u043c \u0434\u043e \u043a\u0430\u0440\u043d\u0430\u0432\u0430\u043b\u044c\u043d\u0438\u0445 \u0441\u0442\u0438\u043b\u0456\u0437\u0430\u0446\u0456\u0439.","og_url":"https:\/\/pasmanteriakrakowska.pl\/uk\/%d0%bf%d1%96%d1%80%d1%8f\/","og_site_name":"Pasmanteria Krakowska","article_publisher":"https:\/\/www.facebook.com\/Pasmanteria-Krakowska-196842967590498","article_modified_time":"2022-12-06T16:34:28+00:00","og_image":[{"url":"https:\/\/pasmanteriakrakowska.pl\/wp-content\/uploads\/2022\/11\/DSC01770-768x512.jpg"}],"schema":{"@context":"https:\/\/schema.org","@graph":[{"@type":"WebPage","@id":"https:\/\/pasmanteriakrakowska.pl\/uk\/%d0%bf%d1%96%d1%80%d1%8f\/","url":"https:\/\/pasmanteriakrakowska.pl\/uk\/%d0%bf%d1%96%d1%80%d1%8f\/","name":"\u041f\u0456\u0440'\u044f - Pasmanteria Krakowska","isPartOf":{"@id":"https:\/\/pasmanteriakrakowska.pl\/#website"},"primaryImageOfPage":{"@id":"https:\/\/pasmanteriakrakowska.pl\/uk\/%d0%bf%d1%96%d1%80%d1%8f\/#primaryimage"},"image":{"@id":"https:\/\/pasmanteriakrakowska.pl\/uk\/%d0%bf%d1%96%d1%80%d1%8f\/#primaryimage"},"thumbnailUrl":"https:\/\/pasmanteriakrakowska.pl\/wp-content\/uploads\/2022\/11\/DSC01770-768x512.jpg","datePublished":"2022-11-28T22:55:58+00:00","dateModified":"2022-12-06T16:34:28+00:00","breadcrumb":{"@id":"https:\/\/pasmanteriakrakowska.pl\/uk\/%d0%bf%d1%96%d1%80%d1%8f\/#breadcrumb"},"inLanguage":"uk","potentialAction":[{"@type":"ReadAction","target":["https:\/\/pasmanteriakrakowska.pl\/uk\/%d0%bf%d1%96%d1%80%d1%8f\/"]}]},{"@type":"ImageObject","inLanguage":"uk","@id":"https:\/\/pasmanteriakrakowska.pl\/uk\/%d0%bf%d1%96%d1%80%d1%8f\/#primaryimage","url":"https:\/\/pasmanteriakrakowska.pl\/wp-content\/uploads\/2022\/11\/DSC01770-scaled.jpg","contentUrl":"https:\/\/pasmanteriakrakowska.pl\/wp-content\/uploads\/2022\/11\/DSC01770-scaled.jpg","width":2560,"height":1707},{"@type":"BreadcrumbList","@id":"https:\/\/pasmanteriakrakowska.pl\/uk\/%d0%bf%d1%96%d1%80%d1%8f\/#breadcrumb","itemListElement":[{"@type":"ListItem","position":1,"name":"Home","item":"https:\/\/pasmanteriakrakowska.pl\/uk\/strona-glowna\/"},{"@type":"ListItem","position":2,"name":"\u041f\u0456\u0440&#8217;\u044f"}]},{"@type":"WebSite","@id":"https:\/\/pasmanteriakrakowska.pl\/#website","url":"https:\/\/pasmanteriakrakowska.pl\/","name":"Pasmanteria Krakowska","description":"Pasmanteria, kordonki, Ariadna, nici, guziki, gumy, ta\u015bma rzep, mulina, kanwa, sznurowad\u0142a, decoupage, scrapbooking, ta\u015bmy firanowe, ig\u0142y,","publisher":{"@id":"https:\/\/pasmanteriakrakowska.pl\/#organization"},"potentialAction":[{"@type":"SearchAction","target":{"@type":"EntryPoint","urlTemplate":"https:\/\/pasmanteriakrakowska.pl\/?s={search_term_string}"},"query-input":"required name=search_term_string"}],"inLanguage":"uk"},{"@type":"Organization","@id":"https:\/\/pasmanteriakrakowska.pl\/#organization","name":"Pasmanteria Krakowska","url":"https:\/\/pasmanteriakrakowska.pl\/","logo":{"@type":"ImageObject","inLanguage":"uk","@id":"https:\/\/pasmanteriakrakowska.pl\/#\/schema\/logo\/image\/","url":"https:\/\/pasmanteria.local:8890\/wp-content\/uploads\/2015\/12\/logo_pasmanteria21.png","contentUrl":"https:\/\/pasmanteria.local:8890\/wp-content\/uploads\/2015\/12\/logo_pasmanteria21.png","width":440,"height":97,"caption":"Pasmanteria Krakowska"},"image":{"@id":"https:\/\/pasmanteriakrakowska.pl\/#\/schema\/logo\/image\/"},"sameAs":["https:\/\/www.facebook.com\/Pasmanteria-Krakowska-196842967590498"]}]}},"_links":{"self":[{"href":"https:\/\/pasmanteriakrakowska.pl\/uk\/wp-json\/wp\/v2\/pages\/1400","targetHints":{"allow":["GET"]}}],"collection":[{"href":"https:\/\/pasmanteriakrakowska.pl\/uk\/wp-json\/wp\/v2\/pages"}],"about":[{"href":"https:\/\/pasmanteriakrakowska.pl\/uk\/wp-json\/wp\/v2\/types\/page"}],"author":[{"embeddable":true,"href":"https:\/\/pasmanteriakrakowska.pl\/uk\/wp-json\/wp\/v2\/users\/1"}],"replies":[{"embeddable":true,"href":"https:\/\/pasmanteriakrakowska.pl\/uk\/wp-json\/wp\/v2\/comments?post=1400"}],"version-history":[{"count":0,"href":"https:\/\/pasmanteriakrakowska.pl\/uk\/wp-json\/wp\/v2\/pages\/1400\/revisions"}],"wp:attachment":[{"href":"https:\/\/pasmanteriakrakowska.pl\/uk\/wp-json\/wp\/v2\/media?parent=1400"}],"curies":[{"name":"wp","href":"https:\/\/api.w.org\/{rel}","templated":true}]}}