{"id":1021,"date":"2022-04-19T15:02:14","date_gmt":"2022-04-19T13:02:14","guid":{"rendered":"https:\/\/pasmanteriakrakowska.pl\/%d0%bf%d0%be%d1%81%d0%bb%d1%83%d0%b3%d0%b8-%d0%b7-%d0%bf%d0%be%d1%88%d0%b8%d1%82%d1%82%d1%8f-%d0%be%d0%b4%d1%8f%d0%b3%d1%83\/"},"modified":"2022-04-19T15:02:15","modified_gmt":"2022-04-19T13:02:15","slug":"%d0%bf%d0%be%d1%81%d0%bb%d1%83%d0%b3%d0%b8-%d0%b7-%d0%bf%d0%be%d1%88%d0%b8%d1%82%d1%82%d1%8f-%d0%be%d0%b4%d1%8f%d0%b3%d1%83","status":"publish","type":"page","link":"https:\/\/pasmanteriakrakowska.pl\/uk\/%d0%bf%d0%be%d1%81%d0%bb%d1%83%d0%b3%d0%b8-%d0%b7-%d0%bf%d0%be%d1%88%d0%b8%d1%82%d1%82%d1%8f-%d0%be%d0%b4%d1%8f%d0%b3%d1%83\/","title":{"rendered":"\u041f\u043e\u0441\u043b\u0443\u0433\u0438 \u0437 \u043f\u043e\u0448\u0438\u0442\u0442\u044f \u043e\u0434\u044f\u0433\u0443"},"content":{"rendered":"\t\t<div data-elementor-type=\"wp-page\" data-elementor-id=\"1021\" class=\"elementor elementor-1021 elementor-215\" data-elementor-post-type=\"page\">\n\t\t\t\t\t\t<section class=\"elementor-section elementor-top-section elementor-element elementor-element-2253649 elementor-section-boxed elementor-section-height-default elementor-section-height-default\" data-id=\"2253649\" data-element_type=\"section\">\n\t\t\t\t\t\t<div class=\"elementor-container elementor-column-gap-default\">\n\t\t\t\t\t<div class=\"elementor-column elementor-col-50 elementor-top-column elementor-element elementor-element-5263fe3\" data-id=\"5263fe3\" data-element_type=\"column\">\n\t\t\t<div class=\"elementor-widget-wrap elementor-element-populated\">\n\t\t\t\t\t\t<div class=\"elementor-element elementor-element-43ed99a elementor-widget elementor-widget-image\" data-id=\"43ed99a\" data-element_type=\"widget\" data-widget_type=\"image.default\">\n\t\t\t\t<div class=\"elementor-widget-container\">\n\t\t\t<style>\/*! elementor - v3.23.0 - 25-07-2024 *\/\n.elementor-widget-image{text-align:center}.elementor-widget-image a{display:inline-block}.elementor-widget-image a img[src$=\".svg\"]{width:48px}.elementor-widget-image img{vertical-align:middle;display:inline-block}<\/style>\t\t\t\t\t\t\t\t\t\t<img fetchpriority=\"high\" decoding=\"async\" width=\"1024\" height=\"683\" src=\"https:\/\/pasmanteriakrakowska.pl\/wp-content\/uploads\/2015\/11\/11-1024x683.jpg\" class=\"attachment-large size-large wp-image-917\" alt=\"\" srcset=\"https:\/\/pasmanteriakrakowska.pl\/wp-content\/uploads\/2015\/11\/11-1024x683.jpg 1024w, https:\/\/pasmanteriakrakowska.pl\/wp-content\/uploads\/2015\/11\/11-300x200.jpg 300w, https:\/\/pasmanteriakrakowska.pl\/wp-content\/uploads\/2015\/11\/11.jpg 1688w\" sizes=\"(max-width: 1024px) 100vw, 1024px\" \/>\t\t\t\t\t\t\t\t\t\t\t\t\t<\/div>\n\t\t\t\t<\/div>\n\t\t\t\t\t<\/div>\n\t\t<\/div>\n\t\t\t\t<div class=\"elementor-column elementor-col-50 elementor-top-column elementor-element elementor-element-c412dd6\" data-id=\"c412dd6\" data-element_type=\"column\">\n\t\t\t<div class=\"elementor-widget-wrap elementor-element-populated\">\n\t\t\t\t\t\t<div class=\"elementor-element elementor-element-14be312 elementor-widget elementor-widget-text-editor\" data-id=\"14be312\" data-element_type=\"widget\" data-widget_type=\"text-editor.default\">\n\t\t\t\t<div class=\"elementor-widget-container\">\n\t\t\t<style>\/*! elementor - v3.23.0 - 25-07-2024 *\/\n.elementor-widget-text-editor.elementor-drop-cap-view-stacked .elementor-drop-cap{background-color:#69727d;color:#fff}.elementor-widget-text-editor.elementor-drop-cap-view-framed .elementor-drop-cap{color:#69727d;border:3px solid;background-color:transparent}.elementor-widget-text-editor:not(.elementor-drop-cap-view-default) .elementor-drop-cap{margin-top:8px}.elementor-widget-text-editor:not(.elementor-drop-cap-view-default) .elementor-drop-cap-letter{width:1em;height:1em}.elementor-widget-text-editor .elementor-drop-cap{float:left;text-align:center;line-height:1;font-size:50px}.elementor-widget-text-editor .elementor-drop-cap-letter{display:inline-block}<\/style>\t\t\t\t<p>\u041d\u0430\u0434\u0430\u0454\u043c\u043e \u0434\u0440\u0456\u0431\u043d\u0456 \u043f\u043e\u0441\u043b\u0443\u0433\u0438 \u0437 \u043f\u043e\u0448\u0438\u0442\u0442\u044f \u043e\u0434\u044f\u0433\u0443, \u0437\u043c\u0456\u043d\u0443 \u043e\u0434\u044f\u0433\u0443, \u043f\u0440\u0438\u0448\u0438\u0432\u0430\u043d\u043d\u044f \u0491\u0443\u0434\u0437\u0438\u043a\u0456\u0432, \u0448\u0442\u043e\u043f\u0430\u043d\u043d\u044f \u0442\u043e\u0449\u043e. \u0423\u0441\u0456 \u043d\u0435\u043e\u0431\u0445\u0456\u0434\u043d\u0456 \u0430\u043a\u0441\u0435\u0441\u0443\u0430\u0440\u0438 \u0412\u0438 \u043c\u043e\u0436\u0435\u0442\u0435 \u0432\u0438\u0431\u0440\u0430\u0442\u0438 \u043d\u0430 \u043c\u0456\u0441\u0446\u0456. \u0423 \u043d\u0430\u0448\u0456\u0439 \u043f\u0440\u043e\u043f\u043e\u0437\u0438\u0446\u0456\u0457 \u0442\u0430\u043a\u043e\u0436 \u0432\u0445\u043e\u0434\u044f\u0442\u044c \u0415\u041a\u0421\u041f\u0420\u0415\u0421-\u041f\u041e\u0421\u041b\u0423\u0413\u0418, \u044f\u043a\u0456 \u0432\u0438\u043a\u043e\u043d\u0443\u044e\u0442\u044c\u0441\u044f \u043f\u0440\u043e\u0442\u044f\u0433\u043e\u043c 2 \u0433\u043e\u0434\u0438\u043d!<\/p>\n<p>&nbsp;<\/p>\n<p>\u041e\u0431\u0441\u044f\u0433 \u043f\u043e\u0441\u043b\u0443\u0433:<\/p>\n<ul>\n<li>\u0412\u0448\u0438\u0432\u0430\u043d\u043d\u044f \u0431\u043b\u0438\u0441\u043a\u0430\u0432\u043e\u043a<\/li>\n<li>\u0423\u043a\u043e\u0440\u043e\u0447\u0435\u043d\u043d\u044f \u043e\u0434\u044f\u0433\u0443<\/li>\n<li>\u0423\u043a\u043e\u0440\u043e\u0447\u0435\u043d\u043d\u044f \u0434\u0436\u0438\u043d\u0441\u0456\u0432 \u0456\u0437 \u0437\u0431\u0435\u0440\u0435\u0436\u0435\u043d\u043d\u044f\u043c \u043e\u0440\u0438\u0433\u0456\u043d\u0430\u043b\u044c\u043d\u043e\u0457 \u043e\u0431\u0440\u043e\u0431\u043a\u0438<\/li>\n<li>\u041f\u0456\u0434\u0431\u043e\u0440 \u043e\u0434\u044f\u0433\u0443, \u0432\u043a\u043b\u044e\u0447\u0430\u044e\u0447\u0438 \u043a\u043e\u0441\u0442\u044e\u043c\u0438, \u0436\u0430\u043a\u0435\u0442\u0438, \u043f\u0430\u043b\u044c\u0442\u043e<\/li>\n<li>\u041e\u0431\u0448\u0438\u0432\u0430\u043d\u043d\u044f \u043f\u0435\u0442\u0435\u043b\u044c<\/li>\n<li>\u041f\u0440\u0438\u0448\u0438\u0432\u0430\u043d\u043d\u044f \u0433\u0443\u0434\u0437\u0438\u043a\u0456\u0432<\/li>\n<li>\u0420\u0435\u043c\u043e\u043d\u0442 \u043e\u0434\u044f\u0433\u0443<\/li>\n<li>\u041f\u043e\u0448\u0438\u0442\u0442\u044f \u0434\u0435\u043a\u043e\u0440\u0430\u0442\u0438\u0432\u043d\u0438\u0445 \u0441\u0442\u0440\u0456\u0447\u043e\u043a, \u043c\u0435\u0440\u0435\u0436\u0438\u0432\u0430 \u0442\u0430 \u0430\u043f\u043b\u0456\u043a\u0430\u0446\u0456\u0439<\/li>\n<li>\u041e\u043a\u0430\u043d\u0442\u043e\u0432\u043a\u0430 \u0448\u0442\u043e\u0440 \u0456 \u0433\u0430\u0440\u0434\u0438\u043d<\/li>\n<\/ul>\n<p>\u041d\u0430\u0448\u0430 \u0448\u0432\u0430\u0447\u043a\u0430 \u043c\u043e\u0436\u0435 \u0434\u043e\u043f\u043e\u043c\u043e\u0433\u0442\u0438 \u0442\u0430 \u043f\u043e\u0440\u0430\u0434\u0438\u0442\u0438 \u0432\u0430\u043c \u0443 \u0432\u0438\u0431\u043e\u0440\u0456 \u043f\u0440\u0430\u0432\u0438\u043b\u044c\u043d\u0438\u0445 \u0441\u0442\u0440\u0456\u0447\u043e\u043a, \u0430 \u0442\u0430\u043a\u043e\u0436 \u044f\u043a \u0432\u0456\u0434\u043a\u043e\u0440\u0438\u0433\u0443\u0432\u0430\u0442\u0438 \u0447\u0438 \u0432\u0456\u0434\u0440\u0435\u043c\u043e\u043d\u0442\u0443\u0432\u0430\u0442\u0438 \u043e\u0434\u044f\u0433. \u0428\u0432\u0438\u0434\u043a\u043e \u0442\u0430 \u043d\u0430\u0434\u0456\u0439\u043d\u043e!<br \/>\n<strong>\u041b\u0430\u0441\u043a\u0430\u0432\u043e \u043f\u0440\u043e\u0441\u0438\u043c\u043e!<\/strong><\/p>\n\t\t\t\t\t\t<\/div>\n\t\t\t\t<\/div>\n\t\t\t\t\t<\/div>\n\t\t<\/div>\n\t\t\t\t\t<\/div>\n\t\t<\/section>\n\t\t\t\t<\/div>\n\t\t","protected":false},"excerpt":{"rendered":"<p>\u041d\u0430\u0434\u0430\u0454\u043c\u043e \u0434\u0440\u0456\u0431\u043d\u0456 \u043f\u043e\u0441\u043b\u0443\u0433\u0438 \u0437 \u043f\u043e\u0448\u0438\u0442\u0442\u044f \u043e\u0434\u044f\u0433\u0443, \u0437\u043c\u0456\u043d\u0443 \u043e\u0434\u044f\u0433\u0443, \u043f\u0440\u0438\u0448\u0438\u0432\u0430\u043d\u043d\u044f \u0491\u0443\u0434\u0437\u0438\u043a\u0456\u0432, \u0448\u0442\u043e\u043f\u0430\u043d\u043d\u044f \u0442\u043e\u0449\u043e. \u0423\u0441\u0456 \u043d\u0435\u043e\u0431\u0445\u0456\u0434\u043d\u0456 \u0430\u043a\u0441\u0435\u0441\u0443\u0430\u0440\u0438 \u0412\u0438 \u043c\u043e\u0436\u0435\u0442\u0435 \u0432\u0438\u0431\u0440\u0430\u0442\u0438 \u043d\u0430 \u043c\u0456\u0441\u0446\u0456. \u0423 \u043d\u0430\u0448\u0456\u0439 \u043f\u0440\u043e\u043f\u043e\u0437\u0438\u0446\u0456\u0457 \u0442\u0430\u043a\u043e\u0436 \u0432\u0445\u043e\u0434\u044f\u0442\u044c \u0415\u041a\u0421\u041f\u0420\u0415\u0421-\u041f\u041e\u0421\u041b\u0423\u0413\u0418, \u044f\u043a\u0456 \u0432\u0438\u043a\u043e\u043d\u0443\u044e\u0442\u044c\u0441\u044f \u043f\u0440\u043e\u0442\u044f\u0433\u043e\u043c 2 \u0433\u043e\u0434\u0438\u043d! &nbsp; \u041e\u0431\u0441\u044f\u0433 \u043f\u043e\u0441\u043b\u0443\u0433: \u0412\u0448\u0438\u0432\u0430\u043d\u043d\u044f \u0431\u043b\u0438\u0441\u043a\u0430\u0432\u043e\u043a \u0423\u043a\u043e\u0440\u043e\u0447\u0435\u043d\u043d\u044f \u043e\u0434\u044f\u0433\u0443 \u0423\u043a\u043e\u0440\u043e\u0447\u0435\u043d\u043d\u044f \u0434\u0436\u0438\u043d\u0441\u0456\u0432 \u0456\u0437 \u0437\u0431\u0435\u0440\u0435\u0436\u0435\u043d\u043d\u044f\u043c \u043e\u0440\u0438\u0433\u0456\u043d\u0430\u043b\u044c\u043d\u043e\u0457 \u043e\u0431\u0440\u043e\u0431\u043a\u0438 \u041f\u0456\u0434\u0431\u043e\u0440 \u043e\u0434\u044f\u0433\u0443, \u0432\u043a\u043b\u044e\u0447\u0430\u044e\u0447\u0438 \u043a\u043e\u0441\u0442\u044e\u043c\u0438, \u0436\u0430\u043a\u0435\u0442\u0438, \u043f\u0430\u043b\u044c\u0442\u043e [&hellip;]<\/p>\n","protected":false},"author":1,"featured_media":0,"parent":0,"menu_order":0,"comment_status":"closed","ping_status":"closed","template":"","meta":{"_monsterinsights_skip_tracking":false,"_monsterinsights_sitenote_active":false,"_monsterinsights_sitenote_note":"","_monsterinsights_sitenote_category":0,"footnotes":""},"class_list":["post-1021","page","type-page","status-publish","hentry"],"yoast_head":"<!-- This site is optimized with the Yoast SEO Premium plugin v22.3 (Yoast SEO v22.3) - https:\/\/yoast.com\/wordpress\/plugins\/seo\/ -->\n<title>\u041f\u043e\u0441\u043b\u0443\u0433\u0438 \u0437 \u043f\u043e\u0448\u0438\u0442\u0442\u044f \u043e\u0434\u044f\u0433\u0443 - Pasmanteria Krakowska<\/title>\n<meta name=\"robots\" content=\"index, follow, max-snippet:-1, max-image-preview:large, max-video-preview:-1\" \/>\n<link rel=\"canonical\" href=\"https:\/\/pasmanteriakrakowska.pl\/uk\/%d0%bf%d0%be%d1%81%d0%bb%d1%83%d0%b3%d0%b8-%d0%b7-%d0%bf%d0%be%d1%88%d0%b8%d1%82%d1%82%d1%8f-%d0%be%d0%b4%d1%8f%d0%b3%d1%83\/\" \/>\n<meta property=\"og:locale\" content=\"uk_UA\" \/>\n<meta property=\"og:type\" content=\"article\" \/>\n<meta property=\"og:title\" content=\"\u041f\u043e\u0441\u043b\u0443\u0433\u0438 \u0437 \u043f\u043e\u0448\u0438\u0442\u0442\u044f \u043e\u0434\u044f\u0433\u0443\" \/>\n<meta property=\"og:description\" content=\"\u041d\u0430\u0434\u0430\u0454\u043c\u043e \u0434\u0440\u0456\u0431\u043d\u0456 \u043f\u043e\u0441\u043b\u0443\u0433\u0438 \u0437 \u043f\u043e\u0448\u0438\u0442\u0442\u044f \u043e\u0434\u044f\u0433\u0443, \u0437\u043c\u0456\u043d\u0443 \u043e\u0434\u044f\u0433\u0443, \u043f\u0440\u0438\u0448\u0438\u0432\u0430\u043d\u043d\u044f \u0491\u0443\u0434\u0437\u0438\u043a\u0456\u0432, \u0448\u0442\u043e\u043f\u0430\u043d\u043d\u044f \u0442\u043e\u0449\u043e. \u0423\u0441\u0456 \u043d\u0435\u043e\u0431\u0445\u0456\u0434\u043d\u0456 \u0430\u043a\u0441\u0435\u0441\u0443\u0430\u0440\u0438 \u0412\u0438 \u043c\u043e\u0436\u0435\u0442\u0435 \u0432\u0438\u0431\u0440\u0430\u0442\u0438 \u043d\u0430 \u043c\u0456\u0441\u0446\u0456. \u0423 \u043d\u0430\u0448\u0456\u0439 \u043f\u0440\u043e\u043f\u043e\u0437\u0438\u0446\u0456\u0457 \u0442\u0430\u043a\u043e\u0436 \u0432\u0445\u043e\u0434\u044f\u0442\u044c \u0415\u041a\u0421\u041f\u0420\u0415\u0421-\u041f\u041e\u0421\u041b\u0423\u0413\u0418, \u044f\u043a\u0456 \u0432\u0438\u043a\u043e\u043d\u0443\u044e\u0442\u044c\u0441\u044f \u043f\u0440\u043e\u0442\u044f\u0433\u043e\u043c 2 \u0433\u043e\u0434\u0438\u043d! &nbsp; \u041e\u0431\u0441\u044f\u0433 \u043f\u043e\u0441\u043b\u0443\u0433: \u0412\u0448\u0438\u0432\u0430\u043d\u043d\u044f \u0431\u043b\u0438\u0441\u043a\u0430\u0432\u043e\u043a \u0423\u043a\u043e\u0440\u043e\u0447\u0435\u043d\u043d\u044f \u043e\u0434\u044f\u0433\u0443 \u0423\u043a\u043e\u0440\u043e\u0447\u0435\u043d\u043d\u044f \u0434\u0436\u0438\u043d\u0441\u0456\u0432 \u0456\u0437 \u0437\u0431\u0435\u0440\u0435\u0436\u0435\u043d\u043d\u044f\u043c \u043e\u0440\u0438\u0433\u0456\u043d\u0430\u043b\u044c\u043d\u043e\u0457 \u043e\u0431\u0440\u043e\u0431\u043a\u0438 \u041f\u0456\u0434\u0431\u043e\u0440 \u043e\u0434\u044f\u0433\u0443, \u0432\u043a\u043b\u044e\u0447\u0430\u044e\u0447\u0438 \u043a\u043e\u0441\u0442\u044e\u043c\u0438, \u0436\u0430\u043a\u0435\u0442\u0438, \u043f\u0430\u043b\u044c\u0442\u043e [&hellip;]\" \/>\n<meta property=\"og:url\" content=\"https:\/\/pasmanteriakrakowska.pl\/uk\/%d0%bf%d0%be%d1%81%d0%bb%d1%83%d0%b3%d0%b8-%d0%b7-%d0%bf%d0%be%d1%88%d0%b8%d1%82%d1%82%d1%8f-%d0%be%d0%b4%d1%8f%d0%b3%d1%83\/\" \/>\n<meta property=\"og:site_name\" content=\"Pasmanteria Krakowska\" \/>\n<meta property=\"article:publisher\" content=\"https:\/\/www.facebook.com\/Pasmanteria-Krakowska-196842967590498\" \/>\n<meta property=\"article:modified_time\" content=\"2022-04-19T13:02:15+00:00\" \/>\n<meta property=\"og:image\" content=\"https:\/\/pasmanteriakrakowska.pl\/wp-content\/uploads\/2015\/11\/11-1024x683.jpg\" \/>\n<script type=\"application\/ld+json\" class=\"yoast-schema-graph\">{\"@context\":\"https:\/\/schema.org\",\"@graph\":[{\"@type\":\"WebPage\",\"@id\":\"https:\/\/pasmanteriakrakowska.pl\/uk\/%d0%bf%d0%be%d1%81%d0%bb%d1%83%d0%b3%d0%b8-%d0%b7-%d0%bf%d0%be%d1%88%d0%b8%d1%82%d1%82%d1%8f-%d0%be%d0%b4%d1%8f%d0%b3%d1%83\/\",\"url\":\"https:\/\/pasmanteriakrakowska.pl\/uk\/%d0%bf%d0%be%d1%81%d0%bb%d1%83%d0%b3%d0%b8-%d0%b7-%d0%bf%d0%be%d1%88%d0%b8%d1%82%d1%82%d1%8f-%d0%be%d0%b4%d1%8f%d0%b3%d1%83\/\",\"name\":\"\u041f\u043e\u0441\u043b\u0443\u0433\u0438 \u0437 \u043f\u043e\u0448\u0438\u0442\u0442\u044f \u043e\u0434\u044f\u0433\u0443 - Pasmanteria Krakowska\",\"isPartOf\":{\"@id\":\"https:\/\/pasmanteriakrakowska.pl\/#website\"},\"primaryImageOfPage\":{\"@id\":\"https:\/\/pasmanteriakrakowska.pl\/uk\/%d0%bf%d0%be%d1%81%d0%bb%d1%83%d0%b3%d0%b8-%d0%b7-%d0%bf%d0%be%d1%88%d0%b8%d1%82%d1%82%d1%8f-%d0%be%d0%b4%d1%8f%d0%b3%d1%83\/#primaryimage\"},\"image\":{\"@id\":\"https:\/\/pasmanteriakrakowska.pl\/uk\/%d0%bf%d0%be%d1%81%d0%bb%d1%83%d0%b3%d0%b8-%d0%b7-%d0%bf%d0%be%d1%88%d0%b8%d1%82%d1%82%d1%8f-%d0%be%d0%b4%d1%8f%d0%b3%d1%83\/#primaryimage\"},\"thumbnailUrl\":\"https:\/\/pasmanteriakrakowska.pl\/wp-content\/uploads\/2015\/11\/11-1024x683.jpg\",\"datePublished\":\"2022-04-19T13:02:14+00:00\",\"dateModified\":\"2022-04-19T13:02:15+00:00\",\"breadcrumb\":{\"@id\":\"https:\/\/pasmanteriakrakowska.pl\/uk\/%d0%bf%d0%be%d1%81%d0%bb%d1%83%d0%b3%d0%b8-%d0%b7-%d0%bf%d0%be%d1%88%d0%b8%d1%82%d1%82%d1%8f-%d0%be%d0%b4%d1%8f%d0%b3%d1%83\/#breadcrumb\"},\"inLanguage\":\"uk\",\"potentialAction\":[{\"@type\":\"ReadAction\",\"target\":[\"https:\/\/pasmanteriakrakowska.pl\/uk\/%d0%bf%d0%be%d1%81%d0%bb%d1%83%d0%b3%d0%b8-%d0%b7-%d0%bf%d0%be%d1%88%d0%b8%d1%82%d1%82%d1%8f-%d0%be%d0%b4%d1%8f%d0%b3%d1%83\/\"]}]},{\"@type\":\"ImageObject\",\"inLanguage\":\"uk\",\"@id\":\"https:\/\/pasmanteriakrakowska.pl\/uk\/%d0%bf%d0%be%d1%81%d0%bb%d1%83%d0%b3%d0%b8-%d0%b7-%d0%bf%d0%be%d1%88%d0%b8%d1%82%d1%82%d1%8f-%d0%be%d0%b4%d1%8f%d0%b3%d1%83\/#primaryimage\",\"url\":\"https:\/\/pasmanteriakrakowska.pl\/wp-content\/uploads\/2015\/11\/11.jpg\",\"contentUrl\":\"https:\/\/pasmanteriakrakowska.pl\/wp-content\/uploads\/2015\/11\/11.jpg\",\"width\":1688,\"height\":1126,\"caption\":\"\u041f\u043e\u0440\u0442\u043d\u043e\u0439 \u043f\u043e\u0434\u0433\u043e\u043d\u044f\u0435\u0442 \u043f\u043b\u0430\u0442\u044c\u0435 \/ \u043f\u043e\u0448\u0438\u0432 \u043e\u0434\u0435\u0436\u0434\u044b. \u041c\u044f\u0433\u043a\u0438\u0439 \u0444\u043e\u043a\u0443\u0441\"},{\"@type\":\"BreadcrumbList\",\"@id\":\"https:\/\/pasmanteriakrakowska.pl\/uk\/%d0%bf%d0%be%d1%81%d0%bb%d1%83%d0%b3%d0%b8-%d0%b7-%d0%bf%d0%be%d1%88%d0%b8%d1%82%d1%82%d1%8f-%d0%be%d0%b4%d1%8f%d0%b3%d1%83\/#breadcrumb\",\"itemListElement\":[{\"@type\":\"ListItem\",\"position\":1,\"name\":\"Home\",\"item\":\"https:\/\/pasmanteriakrakowska.pl\/uk\/strona-glowna\/\"},{\"@type\":\"ListItem\",\"position\":2,\"name\":\"\u041f\u043e\u0441\u043b\u0443\u0433\u0438 \u0437 \u043f\u043e\u0448\u0438\u0442\u0442\u044f \u043e\u0434\u044f\u0433\u0443\"}]},{\"@type\":\"WebSite\",\"@id\":\"https:\/\/pasmanteriakrakowska.pl\/#website\",\"url\":\"https:\/\/pasmanteriakrakowska.pl\/\",\"name\":\"Pasmanteria Krakowska\",\"description\":\"Pasmanteria, kordonki, Ariadna, nici, guziki, gumy, ta\u015bma rzep, mulina, kanwa, sznurowad\u0142a, decoupage, scrapbooking, ta\u015bmy firanowe, ig\u0142y,\",\"publisher\":{\"@id\":\"https:\/\/pasmanteriakrakowska.pl\/#organization\"},\"potentialAction\":[{\"@type\":\"SearchAction\",\"target\":{\"@type\":\"EntryPoint\",\"urlTemplate\":\"https:\/\/pasmanteriakrakowska.pl\/?s={search_term_string}\"},\"query-input\":\"required name=search_term_string\"}],\"inLanguage\":\"uk\"},{\"@type\":\"Organization\",\"@id\":\"https:\/\/pasmanteriakrakowska.pl\/#organization\",\"name\":\"Pasmanteria Krakowska\",\"url\":\"https:\/\/pasmanteriakrakowska.pl\/\",\"logo\":{\"@type\":\"ImageObject\",\"inLanguage\":\"uk\",\"@id\":\"https:\/\/pasmanteriakrakowska.pl\/#\/schema\/logo\/image\/\",\"url\":\"https:\/\/pasmanteria.local:8890\/wp-content\/uploads\/2015\/12\/logo_pasmanteria21.png\",\"contentUrl\":\"https:\/\/pasmanteria.local:8890\/wp-content\/uploads\/2015\/12\/logo_pasmanteria21.png\",\"width\":440,\"height\":97,\"caption\":\"Pasmanteria Krakowska\"},\"image\":{\"@id\":\"https:\/\/pasmanteriakrakowska.pl\/#\/schema\/logo\/image\/\"},\"sameAs\":[\"https:\/\/www.facebook.com\/Pasmanteria-Krakowska-196842967590498\"]}]}<\/script>\n<!-- \/ Yoast SEO Premium plugin. -->","yoast_head_json":{"title":"\u041f\u043e\u0441\u043b\u0443\u0433\u0438 \u0437 \u043f\u043e\u0448\u0438\u0442\u0442\u044f \u043e\u0434\u044f\u0433\u0443 - Pasmanteria Krakowska","robots":{"index":"index","follow":"follow","max-snippet":"max-snippet:-1","max-image-preview":"max-image-preview:large","max-video-preview":"max-video-preview:-1"},"canonical":"https:\/\/pasmanteriakrakowska.pl\/uk\/%d0%bf%d0%be%d1%81%d0%bb%d1%83%d0%b3%d0%b8-%d0%b7-%d0%bf%d0%be%d1%88%d0%b8%d1%82%d1%82%d1%8f-%d0%be%d0%b4%d1%8f%d0%b3%d1%83\/","og_locale":"uk_UA","og_type":"article","og_title":"\u041f\u043e\u0441\u043b\u0443\u0433\u0438 \u0437 \u043f\u043e\u0448\u0438\u0442\u0442\u044f \u043e\u0434\u044f\u0433\u0443","og_description":"\u041d\u0430\u0434\u0430\u0454\u043c\u043e \u0434\u0440\u0456\u0431\u043d\u0456 \u043f\u043e\u0441\u043b\u0443\u0433\u0438 \u0437 \u043f\u043e\u0448\u0438\u0442\u0442\u044f \u043e\u0434\u044f\u0433\u0443, \u0437\u043c\u0456\u043d\u0443 \u043e\u0434\u044f\u0433\u0443, \u043f\u0440\u0438\u0448\u0438\u0432\u0430\u043d\u043d\u044f \u0491\u0443\u0434\u0437\u0438\u043a\u0456\u0432, \u0448\u0442\u043e\u043f\u0430\u043d\u043d\u044f \u0442\u043e\u0449\u043e. \u0423\u0441\u0456 \u043d\u0435\u043e\u0431\u0445\u0456\u0434\u043d\u0456 \u0430\u043a\u0441\u0435\u0441\u0443\u0430\u0440\u0438 \u0412\u0438 \u043c\u043e\u0436\u0435\u0442\u0435 \u0432\u0438\u0431\u0440\u0430\u0442\u0438 \u043d\u0430 \u043c\u0456\u0441\u0446\u0456. \u0423 \u043d\u0430\u0448\u0456\u0439 \u043f\u0440\u043e\u043f\u043e\u0437\u0438\u0446\u0456\u0457 \u0442\u0430\u043a\u043e\u0436 \u0432\u0445\u043e\u0434\u044f\u0442\u044c \u0415\u041a\u0421\u041f\u0420\u0415\u0421-\u041f\u041e\u0421\u041b\u0423\u0413\u0418, \u044f\u043a\u0456 \u0432\u0438\u043a\u043e\u043d\u0443\u044e\u0442\u044c\u0441\u044f \u043f\u0440\u043e\u0442\u044f\u0433\u043e\u043c 2 \u0433\u043e\u0434\u0438\u043d! &nbsp; \u041e\u0431\u0441\u044f\u0433 \u043f\u043e\u0441\u043b\u0443\u0433: \u0412\u0448\u0438\u0432\u0430\u043d\u043d\u044f \u0431\u043b\u0438\u0441\u043a\u0430\u0432\u043e\u043a \u0423\u043a\u043e\u0440\u043e\u0447\u0435\u043d\u043d\u044f \u043e\u0434\u044f\u0433\u0443 \u0423\u043a\u043e\u0440\u043e\u0447\u0435\u043d\u043d\u044f \u0434\u0436\u0438\u043d\u0441\u0456\u0432 \u0456\u0437 \u0437\u0431\u0435\u0440\u0435\u0436\u0435\u043d\u043d\u044f\u043c \u043e\u0440\u0438\u0433\u0456\u043d\u0430\u043b\u044c\u043d\u043e\u0457 \u043e\u0431\u0440\u043e\u0431\u043a\u0438 \u041f\u0456\u0434\u0431\u043e\u0440 \u043e\u0434\u044f\u0433\u0443, \u0432\u043a\u043b\u044e\u0447\u0430\u044e\u0447\u0438 \u043a\u043e\u0441\u0442\u044e\u043c\u0438, \u0436\u0430\u043a\u0435\u0442\u0438, \u043f\u0430\u043b\u044c\u0442\u043e [&hellip;]","og_url":"https:\/\/pasmanteriakrakowska.pl\/uk\/%d0%bf%d0%be%d1%81%d0%bb%d1%83%d0%b3%d0%b8-%d0%b7-%d0%bf%d0%be%d1%88%d0%b8%d1%82%d1%82%d1%8f-%d0%be%d0%b4%d1%8f%d0%b3%d1%83\/","og_site_name":"Pasmanteria Krakowska","article_publisher":"https:\/\/www.facebook.com\/Pasmanteria-Krakowska-196842967590498","article_modified_time":"2022-04-19T13:02:15+00:00","og_image":[{"url":"https:\/\/pasmanteriakrakowska.pl\/wp-content\/uploads\/2015\/11\/11-1024x683.jpg"}],"schema":{"@context":"https:\/\/schema.org","@graph":[{"@type":"WebPage","@id":"https:\/\/pasmanteriakrakowska.pl\/uk\/%d0%bf%d0%be%d1%81%d0%bb%d1%83%d0%b3%d0%b8-%d0%b7-%d0%bf%d0%be%d1%88%d0%b8%d1%82%d1%82%d1%8f-%d0%be%d0%b4%d1%8f%d0%b3%d1%83\/","url":"https:\/\/pasmanteriakrakowska.pl\/uk\/%d0%bf%d0%be%d1%81%d0%bb%d1%83%d0%b3%d0%b8-%d0%b7-%d0%bf%d0%be%d1%88%d0%b8%d1%82%d1%82%d1%8f-%d0%be%d0%b4%d1%8f%d0%b3%d1%83\/","name":"\u041f\u043e\u0441\u043b\u0443\u0433\u0438 \u0437 \u043f\u043e\u0448\u0438\u0442\u0442\u044f \u043e\u0434\u044f\u0433\u0443 - Pasmanteria Krakowska","isPartOf":{"@id":"https:\/\/pasmanteriakrakowska.pl\/#website"},"primaryImageOfPage":{"@id":"https:\/\/pasmanteriakrakowska.pl\/uk\/%d0%bf%d0%be%d1%81%d0%bb%d1%83%d0%b3%d0%b8-%d0%b7-%d0%bf%d0%be%d1%88%d0%b8%d1%82%d1%82%d1%8f-%d0%be%d0%b4%d1%8f%d0%b3%d1%83\/#primaryimage"},"image":{"@id":"https:\/\/pasmanteriakrakowska.pl\/uk\/%d0%bf%d0%be%d1%81%d0%bb%d1%83%d0%b3%d0%b8-%d0%b7-%d0%bf%d0%be%d1%88%d0%b8%d1%82%d1%82%d1%8f-%d0%be%d0%b4%d1%8f%d0%b3%d1%83\/#primaryimage"},"thumbnailUrl":"https:\/\/pasmanteriakrakowska.pl\/wp-content\/uploads\/2015\/11\/11-1024x683.jpg","datePublished":"2022-04-19T13:02:14+00:00","dateModified":"2022-04-19T13:02:15+00:00","breadcrumb":{"@id":"https:\/\/pasmanteriakrakowska.pl\/uk\/%d0%bf%d0%be%d1%81%d0%bb%d1%83%d0%b3%d0%b8-%d0%b7-%d0%bf%d0%be%d1%88%d0%b8%d1%82%d1%82%d1%8f-%d0%be%d0%b4%d1%8f%d0%b3%d1%83\/#breadcrumb"},"inLanguage":"uk","potentialAction":[{"@type":"ReadAction","target":["https:\/\/pasmanteriakrakowska.pl\/uk\/%d0%bf%d0%be%d1%81%d0%bb%d1%83%d0%b3%d0%b8-%d0%b7-%d0%bf%d0%be%d1%88%d0%b8%d1%82%d1%82%d1%8f-%d0%be%d0%b4%d1%8f%d0%b3%d1%83\/"]}]},{"@type":"ImageObject","inLanguage":"uk","@id":"https:\/\/pasmanteriakrakowska.pl\/uk\/%d0%bf%d0%be%d1%81%d0%bb%d1%83%d0%b3%d0%b8-%d0%b7-%d0%bf%d0%be%d1%88%d0%b8%d1%82%d1%82%d1%8f-%d0%be%d0%b4%d1%8f%d0%b3%d1%83\/#primaryimage","url":"https:\/\/pasmanteriakrakowska.pl\/wp-content\/uploads\/2015\/11\/11.jpg","contentUrl":"https:\/\/pasmanteriakrakowska.pl\/wp-content\/uploads\/2015\/11\/11.jpg","width":1688,"height":1126,"caption":"\u041f\u043e\u0440\u0442\u043d\u043e\u0439 \u043f\u043e\u0434\u0433\u043e\u043d\u044f\u0435\u0442 \u043f\u043b\u0430\u0442\u044c\u0435 \/ \u043f\u043e\u0448\u0438\u0432 \u043e\u0434\u0435\u0436\u0434\u044b. \u041c\u044f\u0433\u043a\u0438\u0439 \u0444\u043e\u043a\u0443\u0441"},{"@type":"BreadcrumbList","@id":"https:\/\/pasmanteriakrakowska.pl\/uk\/%d0%bf%d0%be%d1%81%d0%bb%d1%83%d0%b3%d0%b8-%d0%b7-%d0%bf%d0%be%d1%88%d0%b8%d1%82%d1%82%d1%8f-%d0%be%d0%b4%d1%8f%d0%b3%d1%83\/#breadcrumb","itemListElement":[{"@type":"ListItem","position":1,"name":"Home","item":"https:\/\/pasmanteriakrakowska.pl\/uk\/strona-glowna\/"},{"@type":"ListItem","position":2,"name":"\u041f\u043e\u0441\u043b\u0443\u0433\u0438 \u0437 \u043f\u043e\u0448\u0438\u0442\u0442\u044f \u043e\u0434\u044f\u0433\u0443"}]},{"@type":"WebSite","@id":"https:\/\/pasmanteriakrakowska.pl\/#website","url":"https:\/\/pasmanteriakrakowska.pl\/","name":"Pasmanteria Krakowska","description":"Pasmanteria, kordonki, Ariadna, nici, guziki, gumy, ta\u015bma rzep, mulina, kanwa, sznurowad\u0142a, decoupage, scrapbooking, ta\u015bmy firanowe, ig\u0142y,","publisher":{"@id":"https:\/\/pasmanteriakrakowska.pl\/#organization"},"potentialAction":[{"@type":"SearchAction","target":{"@type":"EntryPoint","urlTemplate":"https:\/\/pasmanteriakrakowska.pl\/?s={search_term_string}"},"query-input":"required name=search_term_string"}],"inLanguage":"uk"},{"@type":"Organization","@id":"https:\/\/pasmanteriakrakowska.pl\/#organization","name":"Pasmanteria Krakowska","url":"https:\/\/pasmanteriakrakowska.pl\/","logo":{"@type":"ImageObject","inLanguage":"uk","@id":"https:\/\/pasmanteriakrakowska.pl\/#\/schema\/logo\/image\/","url":"https:\/\/pasmanteria.local:8890\/wp-content\/uploads\/2015\/12\/logo_pasmanteria21.png","contentUrl":"https:\/\/pasmanteria.local:8890\/wp-content\/uploads\/2015\/12\/logo_pasmanteria21.png","width":440,"height":97,"caption":"Pasmanteria Krakowska"},"image":{"@id":"https:\/\/pasmanteriakrakowska.pl\/#\/schema\/logo\/image\/"},"sameAs":["https:\/\/www.facebook.com\/Pasmanteria-Krakowska-196842967590498"]}]}},"_links":{"self":[{"href":"https:\/\/pasmanteriakrakowska.pl\/uk\/wp-json\/wp\/v2\/pages\/1021","targetHints":{"allow":["GET"]}}],"collection":[{"href":"https:\/\/pasmanteriakrakowska.pl\/uk\/wp-json\/wp\/v2\/pages"}],"about":[{"href":"https:\/\/pasmanteriakrakowska.pl\/uk\/wp-json\/wp\/v2\/types\/page"}],"author":[{"embeddable":true,"href":"https:\/\/pasmanteriakrakowska.pl\/uk\/wp-json\/wp\/v2\/users\/1"}],"replies":[{"embeddable":true,"href":"https:\/\/pasmanteriakrakowska.pl\/uk\/wp-json\/wp\/v2\/comments?post=1021"}],"version-history":[{"count":0,"href":"https:\/\/pasmanteriakrakowska.pl\/uk\/wp-json\/wp\/v2\/pages\/1021\/revisions"}],"wp:attachment":[{"href":"https:\/\/pasmanteriakrakowska.pl\/uk\/wp-json\/wp\/v2\/media?parent=1021"}],"curies":[{"name":"wp","href":"https:\/\/api.w.org\/{rel}","templated":true}]}}