{"id":1009,"date":"2022-04-19T14:54:49","date_gmt":"2022-04-19T12:54:49","guid":{"rendered":"https:\/\/pasmanteriakrakowska.pl\/%d0%b4%d0%b5%d0%ba%d0%be%d1%80%d0%b0%d1%82%d0%b8%d0%b2%d0%bd%d1%96-%d1%88%d0%bd%d1%83%d1%80%d0%ba%d0%b8\/"},"modified":"2022-04-19T14:54:49","modified_gmt":"2022-04-19T12:54:49","slug":"%d0%b4%d0%b5%d0%ba%d0%be%d1%80%d0%b0%d1%82%d0%b8%d0%b2%d0%bd%d1%96-%d1%88%d0%bd%d1%83%d1%80%d0%ba%d0%b8","status":"publish","type":"page","link":"https:\/\/pasmanteriakrakowska.pl\/uk\/%d0%b4%d0%b5%d0%ba%d0%be%d1%80%d0%b0%d1%82%d0%b8%d0%b2%d0%bd%d1%96-%d1%88%d0%bd%d1%83%d1%80%d0%ba%d0%b8\/","title":{"rendered":"\u0414\u0415\u041a\u041e\u0420\u0410\u0422\u0418\u0412\u041d\u0406 \u0428\u041d\u0423\u0420\u041a\u0418"},"content":{"rendered":"\t\t<div data-elementor-type=\"wp-page\" data-elementor-id=\"1009\" class=\"elementor elementor-1009 elementor-20\" data-elementor-post-type=\"page\">\n\t\t\t\t\t\t<section class=\"elementor-section elementor-top-section elementor-element elementor-element-5f89c4e elementor-section-boxed elementor-section-height-default elementor-section-height-default\" data-id=\"5f89c4e\" data-element_type=\"section\">\n\t\t\t\t\t\t<div class=\"elementor-container elementor-column-gap-default\">\n\t\t\t\t\t<div class=\"elementor-column elementor-col-50 elementor-top-column elementor-element elementor-element-67f7e7b\" data-id=\"67f7e7b\" data-element_type=\"column\">\n\t\t\t<div class=\"elementor-widget-wrap elementor-element-populated\">\n\t\t\t\t\t\t<div class=\"elementor-element elementor-element-1fe6a4a elementor-widget elementor-widget-image\" data-id=\"1fe6a4a\" data-element_type=\"widget\" data-widget_type=\"image.default\">\n\t\t\t\t<div class=\"elementor-widget-container\">\n\t\t\t<style>\/*! elementor - v3.23.0 - 25-07-2024 *\/\n.elementor-widget-image{text-align:center}.elementor-widget-image a{display:inline-block}.elementor-widget-image a img[src$=\".svg\"]{width:48px}.elementor-widget-image img{vertical-align:middle;display:inline-block}<\/style>\t\t\t\t\t\t\t\t\t\t<img fetchpriority=\"high\" decoding=\"async\" width=\"537\" height=\"339\" src=\"https:\/\/pasmanteriakrakowska.pl\/wp-content\/uploads\/2015\/11\/kord01.jpg\" class=\"attachment-large size-large wp-image-941\" alt=\"\" srcset=\"https:\/\/pasmanteriakrakowska.pl\/wp-content\/uploads\/2015\/11\/kord01.jpg 537w, https:\/\/pasmanteriakrakowska.pl\/wp-content\/uploads\/2015\/11\/kord01-300x189.jpg 300w\" sizes=\"(max-width: 537px) 100vw, 537px\" \/>\t\t\t\t\t\t\t\t\t\t\t\t\t<\/div>\n\t\t\t\t<\/div>\n\t\t\t\t\t<\/div>\n\t\t<\/div>\n\t\t\t\t<div class=\"elementor-column elementor-col-50 elementor-top-column elementor-element elementor-element-6921eea\" data-id=\"6921eea\" data-element_type=\"column\">\n\t\t\t<div class=\"elementor-widget-wrap elementor-element-populated\">\n\t\t\t\t\t\t<div class=\"elementor-element elementor-element-256a2e5 elementor-widget elementor-widget-text-editor\" data-id=\"256a2e5\" data-element_type=\"widget\" data-widget_type=\"text-editor.default\">\n\t\t\t\t<div class=\"elementor-widget-container\">\n\t\t\t<style>\/*! elementor - v3.23.0 - 25-07-2024 *\/\n.elementor-widget-text-editor.elementor-drop-cap-view-stacked .elementor-drop-cap{background-color:#69727d;color:#fff}.elementor-widget-text-editor.elementor-drop-cap-view-framed .elementor-drop-cap{color:#69727d;border:3px solid;background-color:transparent}.elementor-widget-text-editor:not(.elementor-drop-cap-view-default) .elementor-drop-cap{margin-top:8px}.elementor-widget-text-editor:not(.elementor-drop-cap-view-default) .elementor-drop-cap-letter{width:1em;height:1em}.elementor-widget-text-editor .elementor-drop-cap{float:left;text-align:center;line-height:1;font-size:50px}.elementor-widget-text-editor .elementor-drop-cap-letter{display:inline-block}<\/style>\t\t\t\t<p>\u0412\u0438\u0441\u043e\u043a\u043e\u044f\u043a\u0456\u0441\u043d\u0456 \u0434\u0435\u043a\u043e\u0440\u0430\u0442\u0438\u0432\u043d\u0456 \u0448\u043d\u0443\u0440\u043a\u0438 \u0432\u0456\u0434 Coats \u0432\u043a\u043b\u044e\u0447\u0430\u044e\u0442\u044c \u0431\u0456\u043b\u044c\u0448\u0435 50 \u043a\u043e\u043b\u044c\u043e\u0440\u0456\u0432 \u043c\u043e\u0434\u0435\u043b\u0456 Puppets, \u043a\u0456\u043b\u044c\u043a\u0430 \u0442\u0438\u043f\u0456\u0432 \u0442\u043e\u0432\u0449\u0438\u043d\u0438 \u0448\u043d\u0443\u0440\u0430 Aida \u0456 \u0456\u0434\u0435\u0430\u043b\u044c\u043d\u0438\u0439 \u0434\u043b\u044f \u0440\u0443\u043a\u043e\u0434\u0456\u043b\u043b\u044f \u0448\u043d\u0443\u0440\u043e\u043a Babylo. \u0414\u043b\u044f \u0446\u044c\u043e\u0433\u043e \u0432\u0456\u0434\u043c\u0456\u043d\u043d\u043e \u043f\u0456\u0434\u0456\u0439\u0434\u0443\u0442\u044c \u0433\u0430\u0447\u043a\u0438 Pony, Prym, \u0431\u0430\u043c\u0431\u0443\u043a\u043e\u0432\u0456, \u043f\u043b\u0430\u0441\u0442\u0438\u043a\u043e\u0432\u0456 \u0456 \u0442\u0443\u043d\u0456\u0441\u044c\u043a\u0456 \u0433\u0430\u0447\u043a\u0438.<\/p>\n\t\t\t\t\t\t<\/div>\n\t\t\t\t<\/div>\n\t\t\t\t\t<\/div>\n\t\t<\/div>\n\t\t\t\t\t<\/div>\n\t\t<\/section>\n\t\t\t\t<\/div>\n\t\t","protected":false},"excerpt":{"rendered":"<p>\u0412\u0438\u0441\u043e\u043a\u043e\u044f\u043a\u0456\u0441\u043d\u0456 \u0434\u0435\u043a\u043e\u0440\u0430\u0442\u0438\u0432\u043d\u0456 \u0448\u043d\u0443\u0440\u043a\u0438 \u0432\u0456\u0434 Coats \u0432\u043a\u043b\u044e\u0447\u0430\u044e\u0442\u044c \u0431\u0456\u043b\u044c\u0448\u0435 50 \u043a\u043e\u043b\u044c\u043e\u0440\u0456\u0432 \u043c\u043e\u0434\u0435\u043b\u0456 Puppets, \u043a\u0456\u043b\u044c\u043a\u0430 \u0442\u0438\u043f\u0456\u0432 \u0442\u043e\u0432\u0449\u0438\u043d\u0438 \u0448\u043d\u0443\u0440\u0430 Aida \u0456 \u0456\u0434\u0435\u0430\u043b\u044c\u043d\u0438\u0439 \u0434\u043b\u044f \u0440\u0443\u043a\u043e\u0434\u0456\u043b\u043b\u044f \u0448\u043d\u0443\u0440\u043e\u043a Babylo. \u0414\u043b\u044f \u0446\u044c\u043e\u0433\u043e \u0432\u0456\u0434\u043c\u0456\u043d\u043d\u043e \u043f\u0456\u0434\u0456\u0439\u0434\u0443\u0442\u044c \u0433\u0430\u0447\u043a\u0438 Pony, Prym, \u0431\u0430\u043c\u0431\u0443\u043a\u043e\u0432\u0456, \u043f\u043b\u0430\u0441\u0442\u0438\u043a\u043e\u0432\u0456 \u0456 \u0442\u0443\u043d\u0456\u0441\u044c\u043a\u0456 \u0433\u0430\u0447\u043a\u0438.<\/p>\n","protected":false},"author":1,"featured_media":0,"parent":0,"menu_order":0,"comment_status":"closed","ping_status":"closed","template":"","meta":{"_monsterinsights_skip_tracking":false,"_monsterinsights_sitenote_active":false,"_monsterinsights_sitenote_note":"","_monsterinsights_sitenote_category":0,"footnotes":""},"class_list":["post-1009","page","type-page","status-publish","hentry"],"yoast_head":"<!-- This site is optimized with the Yoast SEO Premium plugin v22.3 (Yoast SEO v22.3) - https:\/\/yoast.com\/wordpress\/plugins\/seo\/ -->\n<title>\u0414\u0415\u041a\u041e\u0420\u0410\u0422\u0418\u0412\u041d\u0406 \u0428\u041d\u0423\u0420\u041a\u0418 - Pasmanteria Krakowska<\/title>\n<meta name=\"robots\" content=\"index, follow, max-snippet:-1, max-image-preview:large, max-video-preview:-1\" \/>\n<link rel=\"canonical\" href=\"https:\/\/pasmanteriakrakowska.pl\/uk\/%d0%b4%d0%b5%d0%ba%d0%be%d1%80%d0%b0%d1%82%d0%b8%d0%b2%d0%bd%d1%96-%d1%88%d0%bd%d1%83%d1%80%d0%ba%d0%b8\/\" \/>\n<meta property=\"og:locale\" content=\"uk_UA\" \/>\n<meta property=\"og:type\" content=\"article\" \/>\n<meta property=\"og:title\" content=\"\u0414\u0415\u041a\u041e\u0420\u0410\u0422\u0418\u0412\u041d\u0406 \u0428\u041d\u0423\u0420\u041a\u0418\" \/>\n<meta property=\"og:description\" content=\"\u0412\u0438\u0441\u043e\u043a\u043e\u044f\u043a\u0456\u0441\u043d\u0456 \u0434\u0435\u043a\u043e\u0440\u0430\u0442\u0438\u0432\u043d\u0456 \u0448\u043d\u0443\u0440\u043a\u0438 \u0432\u0456\u0434 Coats \u0432\u043a\u043b\u044e\u0447\u0430\u044e\u0442\u044c \u0431\u0456\u043b\u044c\u0448\u0435 50 \u043a\u043e\u043b\u044c\u043e\u0440\u0456\u0432 \u043c\u043e\u0434\u0435\u043b\u0456 Puppets, \u043a\u0456\u043b\u044c\u043a\u0430 \u0442\u0438\u043f\u0456\u0432 \u0442\u043e\u0432\u0449\u0438\u043d\u0438 \u0448\u043d\u0443\u0440\u0430 Aida \u0456 \u0456\u0434\u0435\u0430\u043b\u044c\u043d\u0438\u0439 \u0434\u043b\u044f \u0440\u0443\u043a\u043e\u0434\u0456\u043b\u043b\u044f \u0448\u043d\u0443\u0440\u043e\u043a Babylo. \u0414\u043b\u044f \u0446\u044c\u043e\u0433\u043e \u0432\u0456\u0434\u043c\u0456\u043d\u043d\u043e \u043f\u0456\u0434\u0456\u0439\u0434\u0443\u0442\u044c \u0433\u0430\u0447\u043a\u0438 Pony, Prym, \u0431\u0430\u043c\u0431\u0443\u043a\u043e\u0432\u0456, \u043f\u043b\u0430\u0441\u0442\u0438\u043a\u043e\u0432\u0456 \u0456 \u0442\u0443\u043d\u0456\u0441\u044c\u043a\u0456 \u0433\u0430\u0447\u043a\u0438.\" \/>\n<meta property=\"og:url\" content=\"https:\/\/pasmanteriakrakowska.pl\/uk\/%d0%b4%d0%b5%d0%ba%d0%be%d1%80%d0%b0%d1%82%d0%b8%d0%b2%d0%bd%d1%96-%d1%88%d0%bd%d1%83%d1%80%d0%ba%d0%b8\/\" \/>\n<meta property=\"og:site_name\" content=\"Pasmanteria Krakowska\" \/>\n<meta property=\"article:publisher\" content=\"https:\/\/www.facebook.com\/Pasmanteria-Krakowska-196842967590498\" \/>\n<meta property=\"og:image\" content=\"https:\/\/pasmanteriakrakowska.pl\/wp-content\/uploads\/2015\/11\/kord01.jpg\" \/>\n<script type=\"application\/ld+json\" class=\"yoast-schema-graph\">{\"@context\":\"https:\/\/schema.org\",\"@graph\":[{\"@type\":\"WebPage\",\"@id\":\"https:\/\/pasmanteriakrakowska.pl\/uk\/%d0%b4%d0%b5%d0%ba%d0%be%d1%80%d0%b0%d1%82%d0%b8%d0%b2%d0%bd%d1%96-%d1%88%d0%bd%d1%83%d1%80%d0%ba%d0%b8\/\",\"url\":\"https:\/\/pasmanteriakrakowska.pl\/uk\/%d0%b4%d0%b5%d0%ba%d0%be%d1%80%d0%b0%d1%82%d0%b8%d0%b2%d0%bd%d1%96-%d1%88%d0%bd%d1%83%d1%80%d0%ba%d0%b8\/\",\"name\":\"\u0414\u0415\u041a\u041e\u0420\u0410\u0422\u0418\u0412\u041d\u0406 \u0428\u041d\u0423\u0420\u041a\u0418 - Pasmanteria Krakowska\",\"isPartOf\":{\"@id\":\"https:\/\/pasmanteriakrakowska.pl\/#website\"},\"primaryImageOfPage\":{\"@id\":\"https:\/\/pasmanteriakrakowska.pl\/uk\/%d0%b4%d0%b5%d0%ba%d0%be%d1%80%d0%b0%d1%82%d0%b8%d0%b2%d0%bd%d1%96-%d1%88%d0%bd%d1%83%d1%80%d0%ba%d0%b8\/#primaryimage\"},\"image\":{\"@id\":\"https:\/\/pasmanteriakrakowska.pl\/uk\/%d0%b4%d0%b5%d0%ba%d0%be%d1%80%d0%b0%d1%82%d0%b8%d0%b2%d0%bd%d1%96-%d1%88%d0%bd%d1%83%d1%80%d0%ba%d0%b8\/#primaryimage\"},\"thumbnailUrl\":\"https:\/\/pasmanteriakrakowska.pl\/wp-content\/uploads\/2015\/11\/kord01.jpg\",\"datePublished\":\"2022-04-19T12:54:49+00:00\",\"dateModified\":\"2022-04-19T12:54:49+00:00\",\"breadcrumb\":{\"@id\":\"https:\/\/pasmanteriakrakowska.pl\/uk\/%d0%b4%d0%b5%d0%ba%d0%be%d1%80%d0%b0%d1%82%d0%b8%d0%b2%d0%bd%d1%96-%d1%88%d0%bd%d1%83%d1%80%d0%ba%d0%b8\/#breadcrumb\"},\"inLanguage\":\"uk\",\"potentialAction\":[{\"@type\":\"ReadAction\",\"target\":[\"https:\/\/pasmanteriakrakowska.pl\/uk\/%d0%b4%d0%b5%d0%ba%d0%be%d1%80%d0%b0%d1%82%d0%b8%d0%b2%d0%bd%d1%96-%d1%88%d0%bd%d1%83%d1%80%d0%ba%d0%b8\/\"]}]},{\"@type\":\"ImageObject\",\"inLanguage\":\"uk\",\"@id\":\"https:\/\/pasmanteriakrakowska.pl\/uk\/%d0%b4%d0%b5%d0%ba%d0%be%d1%80%d0%b0%d1%82%d0%b8%d0%b2%d0%bd%d1%96-%d1%88%d0%bd%d1%83%d1%80%d0%ba%d0%b8\/#primaryimage\",\"url\":\"https:\/\/pasmanteriakrakowska.pl\/wp-content\/uploads\/2015\/11\/kord01.jpg\",\"contentUrl\":\"https:\/\/pasmanteriakrakowska.pl\/wp-content\/uploads\/2015\/11\/kord01.jpg\",\"width\":537,\"height\":339},{\"@type\":\"BreadcrumbList\",\"@id\":\"https:\/\/pasmanteriakrakowska.pl\/uk\/%d0%b4%d0%b5%d0%ba%d0%be%d1%80%d0%b0%d1%82%d0%b8%d0%b2%d0%bd%d1%96-%d1%88%d0%bd%d1%83%d1%80%d0%ba%d0%b8\/#breadcrumb\",\"itemListElement\":[{\"@type\":\"ListItem\",\"position\":1,\"name\":\"Home\",\"item\":\"https:\/\/pasmanteriakrakowska.pl\/uk\/strona-glowna\/\"},{\"@type\":\"ListItem\",\"position\":2,\"name\":\"\u0414\u0415\u041a\u041e\u0420\u0410\u0422\u0418\u0412\u041d\u0406 \u0428\u041d\u0423\u0420\u041a\u0418\"}]},{\"@type\":\"WebSite\",\"@id\":\"https:\/\/pasmanteriakrakowska.pl\/#website\",\"url\":\"https:\/\/pasmanteriakrakowska.pl\/\",\"name\":\"Pasmanteria Krakowska\",\"description\":\"Pasmanteria, kordonki, Ariadna, nici, guziki, gumy, ta\u015bma rzep, mulina, kanwa, sznurowad\u0142a, decoupage, scrapbooking, ta\u015bmy firanowe, ig\u0142y,\",\"publisher\":{\"@id\":\"https:\/\/pasmanteriakrakowska.pl\/#organization\"},\"potentialAction\":[{\"@type\":\"SearchAction\",\"target\":{\"@type\":\"EntryPoint\",\"urlTemplate\":\"https:\/\/pasmanteriakrakowska.pl\/?s={search_term_string}\"},\"query-input\":\"required name=search_term_string\"}],\"inLanguage\":\"uk\"},{\"@type\":\"Organization\",\"@id\":\"https:\/\/pasmanteriakrakowska.pl\/#organization\",\"name\":\"Pasmanteria Krakowska\",\"url\":\"https:\/\/pasmanteriakrakowska.pl\/\",\"logo\":{\"@type\":\"ImageObject\",\"inLanguage\":\"uk\",\"@id\":\"https:\/\/pasmanteriakrakowska.pl\/#\/schema\/logo\/image\/\",\"url\":\"https:\/\/pasmanteria.local:8890\/wp-content\/uploads\/2015\/12\/logo_pasmanteria21.png\",\"contentUrl\":\"https:\/\/pasmanteria.local:8890\/wp-content\/uploads\/2015\/12\/logo_pasmanteria21.png\",\"width\":440,\"height\":97,\"caption\":\"Pasmanteria Krakowska\"},\"image\":{\"@id\":\"https:\/\/pasmanteriakrakowska.pl\/#\/schema\/logo\/image\/\"},\"sameAs\":[\"https:\/\/www.facebook.com\/Pasmanteria-Krakowska-196842967590498\"]}]}<\/script>\n<!-- \/ Yoast SEO Premium plugin. -->","yoast_head_json":{"title":"\u0414\u0415\u041a\u041e\u0420\u0410\u0422\u0418\u0412\u041d\u0406 \u0428\u041d\u0423\u0420\u041a\u0418 - Pasmanteria Krakowska","robots":{"index":"index","follow":"follow","max-snippet":"max-snippet:-1","max-image-preview":"max-image-preview:large","max-video-preview":"max-video-preview:-1"},"canonical":"https:\/\/pasmanteriakrakowska.pl\/uk\/%d0%b4%d0%b5%d0%ba%d0%be%d1%80%d0%b0%d1%82%d0%b8%d0%b2%d0%bd%d1%96-%d1%88%d0%bd%d1%83%d1%80%d0%ba%d0%b8\/","og_locale":"uk_UA","og_type":"article","og_title":"\u0414\u0415\u041a\u041e\u0420\u0410\u0422\u0418\u0412\u041d\u0406 \u0428\u041d\u0423\u0420\u041a\u0418","og_description":"\u0412\u0438\u0441\u043e\u043a\u043e\u044f\u043a\u0456\u0441\u043d\u0456 \u0434\u0435\u043a\u043e\u0440\u0430\u0442\u0438\u0432\u043d\u0456 \u0448\u043d\u0443\u0440\u043a\u0438 \u0432\u0456\u0434 Coats \u0432\u043a\u043b\u044e\u0447\u0430\u044e\u0442\u044c \u0431\u0456\u043b\u044c\u0448\u0435 50 \u043a\u043e\u043b\u044c\u043e\u0440\u0456\u0432 \u043c\u043e\u0434\u0435\u043b\u0456 Puppets, \u043a\u0456\u043b\u044c\u043a\u0430 \u0442\u0438\u043f\u0456\u0432 \u0442\u043e\u0432\u0449\u0438\u043d\u0438 \u0448\u043d\u0443\u0440\u0430 Aida \u0456 \u0456\u0434\u0435\u0430\u043b\u044c\u043d\u0438\u0439 \u0434\u043b\u044f \u0440\u0443\u043a\u043e\u0434\u0456\u043b\u043b\u044f \u0448\u043d\u0443\u0440\u043e\u043a Babylo. \u0414\u043b\u044f \u0446\u044c\u043e\u0433\u043e \u0432\u0456\u0434\u043c\u0456\u043d\u043d\u043e \u043f\u0456\u0434\u0456\u0439\u0434\u0443\u0442\u044c \u0433\u0430\u0447\u043a\u0438 Pony, Prym, \u0431\u0430\u043c\u0431\u0443\u043a\u043e\u0432\u0456, \u043f\u043b\u0430\u0441\u0442\u0438\u043a\u043e\u0432\u0456 \u0456 \u0442\u0443\u043d\u0456\u0441\u044c\u043a\u0456 \u0433\u0430\u0447\u043a\u0438.","og_url":"https:\/\/pasmanteriakrakowska.pl\/uk\/%d0%b4%d0%b5%d0%ba%d0%be%d1%80%d0%b0%d1%82%d0%b8%d0%b2%d0%bd%d1%96-%d1%88%d0%bd%d1%83%d1%80%d0%ba%d0%b8\/","og_site_name":"Pasmanteria Krakowska","article_publisher":"https:\/\/www.facebook.com\/Pasmanteria-Krakowska-196842967590498","og_image":[{"url":"https:\/\/pasmanteriakrakowska.pl\/wp-content\/uploads\/2015\/11\/kord01.jpg"}],"schema":{"@context":"https:\/\/schema.org","@graph":[{"@type":"WebPage","@id":"https:\/\/pasmanteriakrakowska.pl\/uk\/%d0%b4%d0%b5%d0%ba%d0%be%d1%80%d0%b0%d1%82%d0%b8%d0%b2%d0%bd%d1%96-%d1%88%d0%bd%d1%83%d1%80%d0%ba%d0%b8\/","url":"https:\/\/pasmanteriakrakowska.pl\/uk\/%d0%b4%d0%b5%d0%ba%d0%be%d1%80%d0%b0%d1%82%d0%b8%d0%b2%d0%bd%d1%96-%d1%88%d0%bd%d1%83%d1%80%d0%ba%d0%b8\/","name":"\u0414\u0415\u041a\u041e\u0420\u0410\u0422\u0418\u0412\u041d\u0406 \u0428\u041d\u0423\u0420\u041a\u0418 - Pasmanteria Krakowska","isPartOf":{"@id":"https:\/\/pasmanteriakrakowska.pl\/#website"},"primaryImageOfPage":{"@id":"https:\/\/pasmanteriakrakowska.pl\/uk\/%d0%b4%d0%b5%d0%ba%d0%be%d1%80%d0%b0%d1%82%d0%b8%d0%b2%d0%bd%d1%96-%d1%88%d0%bd%d1%83%d1%80%d0%ba%d0%b8\/#primaryimage"},"image":{"@id":"https:\/\/pasmanteriakrakowska.pl\/uk\/%d0%b4%d0%b5%d0%ba%d0%be%d1%80%d0%b0%d1%82%d0%b8%d0%b2%d0%bd%d1%96-%d1%88%d0%bd%d1%83%d1%80%d0%ba%d0%b8\/#primaryimage"},"thumbnailUrl":"https:\/\/pasmanteriakrakowska.pl\/wp-content\/uploads\/2015\/11\/kord01.jpg","datePublished":"2022-04-19T12:54:49+00:00","dateModified":"2022-04-19T12:54:49+00:00","breadcrumb":{"@id":"https:\/\/pasmanteriakrakowska.pl\/uk\/%d0%b4%d0%b5%d0%ba%d0%be%d1%80%d0%b0%d1%82%d0%b8%d0%b2%d0%bd%d1%96-%d1%88%d0%bd%d1%83%d1%80%d0%ba%d0%b8\/#breadcrumb"},"inLanguage":"uk","potentialAction":[{"@type":"ReadAction","target":["https:\/\/pasmanteriakrakowska.pl\/uk\/%d0%b4%d0%b5%d0%ba%d0%be%d1%80%d0%b0%d1%82%d0%b8%d0%b2%d0%bd%d1%96-%d1%88%d0%bd%d1%83%d1%80%d0%ba%d0%b8\/"]}]},{"@type":"ImageObject","inLanguage":"uk","@id":"https:\/\/pasmanteriakrakowska.pl\/uk\/%d0%b4%d0%b5%d0%ba%d0%be%d1%80%d0%b0%d1%82%d0%b8%d0%b2%d0%bd%d1%96-%d1%88%d0%bd%d1%83%d1%80%d0%ba%d0%b8\/#primaryimage","url":"https:\/\/pasmanteriakrakowska.pl\/wp-content\/uploads\/2015\/11\/kord01.jpg","contentUrl":"https:\/\/pasmanteriakrakowska.pl\/wp-content\/uploads\/2015\/11\/kord01.jpg","width":537,"height":339},{"@type":"BreadcrumbList","@id":"https:\/\/pasmanteriakrakowska.pl\/uk\/%d0%b4%d0%b5%d0%ba%d0%be%d1%80%d0%b0%d1%82%d0%b8%d0%b2%d0%bd%d1%96-%d1%88%d0%bd%d1%83%d1%80%d0%ba%d0%b8\/#breadcrumb","itemListElement":[{"@type":"ListItem","position":1,"name":"Home","item":"https:\/\/pasmanteriakrakowska.pl\/uk\/strona-glowna\/"},{"@type":"ListItem","position":2,"name":"\u0414\u0415\u041a\u041e\u0420\u0410\u0422\u0418\u0412\u041d\u0406 \u0428\u041d\u0423\u0420\u041a\u0418"}]},{"@type":"WebSite","@id":"https:\/\/pasmanteriakrakowska.pl\/#website","url":"https:\/\/pasmanteriakrakowska.pl\/","name":"Pasmanteria Krakowska","description":"Pasmanteria, kordonki, Ariadna, nici, guziki, gumy, ta\u015bma rzep, mulina, kanwa, sznurowad\u0142a, decoupage, scrapbooking, ta\u015bmy firanowe, ig\u0142y,","publisher":{"@id":"https:\/\/pasmanteriakrakowska.pl\/#organization"},"potentialAction":[{"@type":"SearchAction","target":{"@type":"EntryPoint","urlTemplate":"https:\/\/pasmanteriakrakowska.pl\/?s={search_term_string}"},"query-input":"required name=search_term_string"}],"inLanguage":"uk"},{"@type":"Organization","@id":"https:\/\/pasmanteriakrakowska.pl\/#organization","name":"Pasmanteria Krakowska","url":"https:\/\/pasmanteriakrakowska.pl\/","logo":{"@type":"ImageObject","inLanguage":"uk","@id":"https:\/\/pasmanteriakrakowska.pl\/#\/schema\/logo\/image\/","url":"https:\/\/pasmanteria.local:8890\/wp-content\/uploads\/2015\/12\/logo_pasmanteria21.png","contentUrl":"https:\/\/pasmanteria.local:8890\/wp-content\/uploads\/2015\/12\/logo_pasmanteria21.png","width":440,"height":97,"caption":"Pasmanteria Krakowska"},"image":{"@id":"https:\/\/pasmanteriakrakowska.pl\/#\/schema\/logo\/image\/"},"sameAs":["https:\/\/www.facebook.com\/Pasmanteria-Krakowska-196842967590498"]}]}},"_links":{"self":[{"href":"https:\/\/pasmanteriakrakowska.pl\/uk\/wp-json\/wp\/v2\/pages\/1009","targetHints":{"allow":["GET"]}}],"collection":[{"href":"https:\/\/pasmanteriakrakowska.pl\/uk\/wp-json\/wp\/v2\/pages"}],"about":[{"href":"https:\/\/pasmanteriakrakowska.pl\/uk\/wp-json\/wp\/v2\/types\/page"}],"author":[{"embeddable":true,"href":"https:\/\/pasmanteriakrakowska.pl\/uk\/wp-json\/wp\/v2\/users\/1"}],"replies":[{"embeddable":true,"href":"https:\/\/pasmanteriakrakowska.pl\/uk\/wp-json\/wp\/v2\/comments?post=1009"}],"version-history":[{"count":0,"href":"https:\/\/pasmanteriakrakowska.pl\/uk\/wp-json\/wp\/v2\/pages\/1009\/revisions"}],"wp:attachment":[{"href":"https:\/\/pasmanteriakrakowska.pl\/uk\/wp-json\/wp\/v2\/media?parent=1009"}],"curies":[{"name":"wp","href":"https:\/\/api.w.org\/{rel}","templated":true}]}}