{"id":1005,"date":"2022-04-19T14:53:09","date_gmt":"2022-04-19T12:53:09","guid":{"rendered":"https:\/\/pasmanteriakrakowska.pl\/%d0%b4%d1%80%d1%96%d0%b1%d0%bd%d1%96-%d0%bf%d0%be%d0%b7%d1%83%d0%bc%d0%b5%d0%bd%d1%82%d0%bd%d1%96-%d0%b2%d0%b8%d1%80%d0%be%d0%b1%d0%b8\/"},"modified":"2022-04-19T14:53:10","modified_gmt":"2022-04-19T12:53:10","slug":"%d0%b4%d1%80%d1%96%d0%b1%d0%bd%d1%96-%d0%bf%d0%be%d0%b7%d1%83%d0%bc%d0%b5%d0%bd%d1%82%d0%bd%d1%96-%d0%b2%d0%b8%d1%80%d0%be%d0%b1%d0%b8","status":"publish","type":"page","link":"https:\/\/pasmanteriakrakowska.pl\/uk\/%d0%b4%d1%80%d1%96%d0%b1%d0%bd%d1%96-%d0%bf%d0%be%d0%b7%d1%83%d0%bc%d0%b5%d0%bd%d1%82%d0%bd%d1%96-%d0%b2%d0%b8%d1%80%d0%be%d0%b1%d0%b8\/","title":{"rendered":"\u0414\u0420\u0406\u0411\u041d\u0406 \u041f\u041e\u0417\u0423\u041c\u0415\u041d\u0422\u041d\u0406 \u0412\u0418\u0420\u041e\u0411\u0418"},"content":{"rendered":"\t\t<div data-elementor-type=\"wp-page\" data-elementor-id=\"1005\" class=\"elementor elementor-1005 elementor-190\" data-elementor-post-type=\"page\">\n\t\t\t\t\t\t<section class=\"elementor-section elementor-top-section elementor-element elementor-element-c12719a elementor-section-boxed elementor-section-height-default elementor-section-height-default\" data-id=\"c12719a\" data-element_type=\"section\">\n\t\t\t\t\t\t<div class=\"elementor-container elementor-column-gap-default\">\n\t\t\t\t\t<div class=\"elementor-column elementor-col-100 elementor-top-column elementor-element elementor-element-2690407\" data-id=\"2690407\" data-element_type=\"column\">\n\t\t\t<div class=\"elementor-widget-wrap elementor-element-populated\">\n\t\t\t\t\t\t<div class=\"elementor-element elementor-element-fca2843 elementor-widget elementor-widget-text-editor\" data-id=\"fca2843\" data-element_type=\"widget\" data-widget_type=\"text-editor.default\">\n\t\t\t\t<div class=\"elementor-widget-container\">\n\t\t\t<style>\/*! elementor - v3.23.0 - 25-07-2024 *\/\n.elementor-widget-text-editor.elementor-drop-cap-view-stacked .elementor-drop-cap{background-color:#69727d;color:#fff}.elementor-widget-text-editor.elementor-drop-cap-view-framed .elementor-drop-cap{color:#69727d;border:3px solid;background-color:transparent}.elementor-widget-text-editor:not(.elementor-drop-cap-view-default) .elementor-drop-cap{margin-top:8px}.elementor-widget-text-editor:not(.elementor-drop-cap-view-default) .elementor-drop-cap-letter{width:1em;height:1em}.elementor-widget-text-editor .elementor-drop-cap{float:left;text-align:center;line-height:1;font-size:50px}.elementor-widget-text-editor .elementor-drop-cap-letter{display:inline-block}<\/style>\t\t\t\t<p style=\"text-align: center;\">\u0413\u043e\u043b\u043a\u0438, \u043d\u0430\u043f\u0435\u0440\u0441\u0442\u043a\u0438, \u0440\u0456\u0437\u0446\u0456 \u0442\u0430 \u0448\u0432\u0435\u0439\u043d\u0456 \u043c\u0435\u0442\u0440\u0438 &#8211; \u0432\u0441\u0435 \u043d\u0435\u043e\u0431\u0445\u0456\u0434\u043d\u0435 \u0434\u043b\u044f \u043b\u044e\u0434\u0435\u0439, \u044f\u043a\u0456 \u0437\u043d\u0430\u0439\u043e\u043c\u0456 \u0437 \u0448\u0438\u0442\u0442\u044f\u043c \u0456 \u043c\u043e\u0434\u0438\u0444\u0456\u043a\u0430\u0446\u0456\u044f\u043c\u0438, \u0430 \u0442\u0430\u043a\u043e\u0436 \u0434\u043b\u044f \u0442\u0438\u0445, \u0445\u0442\u043e \u0442\u0456\u043b\u044c\u043a\u0438 \u043f\u043e\u0447\u0438\u043d\u0430\u0454 \u0441\u0432\u043e\u044e \u043f\u0440\u0438\u0433\u043e\u0434\u0443 \u0437 \u0433\u0430\u043b\u0430\u043d\u0442\u0435\u0440\u0435\u0454\u044e, \u0443 \u043d\u0430\u0441 \u0454 \u0431\u0430\u0433\u0430\u0442\u043e \u0440\u0456\u0437\u043d\u0438\u0445 \u0440\u043e\u0431\u043e\u0447\u0438\u0445 \u0456\u043d\u0441\u0442\u0440\u0443\u043c\u0435\u043d\u0442\u0456\u0432. \u041c\u0438 \u043d\u0430\u043c\u0430\u0433\u0430\u0454\u043c\u043e\u0441\u044f \u0441\u043b\u0456\u0434\u0443\u0432\u0430\u0442\u0438 \u043c\u043e\u0434\u0456, \u0449\u043e\u0431 \u043d\u0430\u0448\u0430 \u043f\u0440\u043e\u0434\u0443\u043a\u0446\u0456\u044f \u0432\u0456\u0434\u043f\u043e\u0432\u0456\u0434\u0430\u043b\u0430 \u0437\u0440\u043e\u0441\u0442\u0430\u044e\u0447\u0438\u043c \u0432\u0438\u043c\u043e\u0433\u0430\u043c \u043d\u0430\u0448\u0438\u0445 \u043a\u043b\u0456\u0454\u043d\u0442\u0456\u0432. \u0423 \u043d\u0430\u0448\u0456\u0439 \u043f\u0440\u043e\u043f\u043e\u0437\u0438\u0446\u0456\u0457 \u0442\u0430\u043a\u043e\u0436 \u0454 \u0430\u043a\u0441\u0435\u0441\u0443\u0430\u0440\u0438 \u0434\u043b\u044f \u043d\u0438\u0436\u043d\u044c\u043e\u0457 \u0431\u0456\u043b\u0438\u0437\u043d\u0438 Julimex: \u043b\u044f\u043c\u043a\u0438, \u043f\u043e\u0434\u043e\u0432\u0436\u0443\u0432\u0430\u0447\u0456 \u043a\u043e\u043d\u0442\u0443\u0440\u0456\u0432, \u043a\u043b\u0456\u043f\u0441\u0438 \u0442\u0430 \u0430\u043a\u0441\u0435\u0441\u0443\u0430\u0440\u0438, \u0442\u0430\u043a\u0456 \u044f\u043a \u0441\u043a\u043e\u0431\u0438 \u0442\u0430 \u0433\u0430\u0447\u043a\u0438, \u0446\u0435 \u0435\u043b\u0435\u043c\u0435\u043d\u0442\u0438, \u044f\u043a\u0456 \u0434\u043e\u043f\u043e\u043c\u043e\u0436\u0443\u0442\u044c \u0432\u0430\u043c \u043d\u0430\u043b\u0430\u0448\u0442\u0443\u0432\u0430\u0442\u0438 \u043a\u043e\u0436\u043d\u0443 \u0431\u0456\u043b\u0438\u0437\u043d\u0443 \u0432\u0456\u0434\u043f\u043e\u0432\u0456\u0434\u043d\u043e \u0434\u043e \u0432\u0430\u0448\u0438\u0445 \u043f\u043e\u0442\u0440\u0435\u0431.<\/p>\n\t\t\t\t\t\t<\/div>\n\t\t\t\t<\/div>\n\t\t\t\t\t<\/div>\n\t\t<\/div>\n\t\t\t\t\t<\/div>\n\t\t<\/section>\n\t\t\t\t<section class=\"elementor-section elementor-top-section elementor-element elementor-element-b7b8b34 elementor-section-boxed elementor-section-height-default elementor-section-height-default\" data-id=\"b7b8b34\" data-element_type=\"section\">\n\t\t\t\t\t\t<div class=\"elementor-container elementor-column-gap-default\">\n\t\t\t\t\t<div class=\"elementor-column elementor-col-25 elementor-top-column elementor-element elementor-element-dab8a4b\" data-id=\"dab8a4b\" data-element_type=\"column\">\n\t\t\t<div class=\"elementor-widget-wrap elementor-element-populated\">\n\t\t\t\t\t\t<div class=\"elementor-element elementor-element-8731b7d elementor-widget elementor-widget-image\" data-id=\"8731b7d\" data-element_type=\"widget\" data-widget_type=\"image.default\">\n\t\t\t\t<div class=\"elementor-widget-container\">\n\t\t\t<style>\/*! elementor - v3.23.0 - 25-07-2024 *\/\n.elementor-widget-image{text-align:center}.elementor-widget-image a{display:inline-block}.elementor-widget-image a img[src$=\".svg\"]{width:48px}.elementor-widget-image img{vertical-align:middle;display:inline-block}<\/style>\t\t\t\t\t\t\t\t\t\t<img fetchpriority=\"high\" decoding=\"async\" width=\"300\" height=\"300\" src=\"https:\/\/pasmanteriakrakowska.pl\/wp-content\/uploads\/2015\/11\/drob01.jpg\" class=\"attachment-large size-large wp-image-861\" alt=\"\" srcset=\"https:\/\/pasmanteriakrakowska.pl\/wp-content\/uploads\/2015\/11\/drob01.jpg 300w, https:\/\/pasmanteriakrakowska.pl\/wp-content\/uploads\/2015\/11\/drob01-150x150.jpg 150w\" sizes=\"(max-width: 300px) 100vw, 300px\" \/>\t\t\t\t\t\t\t\t\t\t\t\t\t<\/div>\n\t\t\t\t<\/div>\n\t\t\t\t\t<\/div>\n\t\t<\/div>\n\t\t\t\t<div class=\"elementor-column elementor-col-25 elementor-top-column elementor-element elementor-element-29f8b0a\" data-id=\"29f8b0a\" data-element_type=\"column\">\n\t\t\t<div class=\"elementor-widget-wrap elementor-element-populated\">\n\t\t\t\t\t\t<div class=\"elementor-element elementor-element-55c0132 elementor-widget elementor-widget-image\" data-id=\"55c0132\" data-element_type=\"widget\" data-widget_type=\"image.default\">\n\t\t\t\t<div class=\"elementor-widget-container\">\n\t\t\t\t\t\t\t\t\t\t\t\t\t<img decoding=\"async\" width=\"300\" height=\"300\" src=\"https:\/\/pasmanteriakrakowska.pl\/wp-content\/uploads\/2015\/11\/drob02.jpg\" class=\"attachment-large size-large wp-image-863\" alt=\"\" srcset=\"https:\/\/pasmanteriakrakowska.pl\/wp-content\/uploads\/2015\/11\/drob02.jpg 300w, https:\/\/pasmanteriakrakowska.pl\/wp-content\/uploads\/2015\/11\/drob02-150x150.jpg 150w\" sizes=\"(max-width: 300px) 100vw, 300px\" \/>\t\t\t\t\t\t\t\t\t\t\t\t\t<\/div>\n\t\t\t\t<\/div>\n\t\t\t\t\t<\/div>\n\t\t<\/div>\n\t\t\t\t<div class=\"elementor-column elementor-col-25 elementor-top-column elementor-element elementor-element-89c075b\" data-id=\"89c075b\" data-element_type=\"column\">\n\t\t\t<div class=\"elementor-widget-wrap elementor-element-populated\">\n\t\t\t\t\t\t<div class=\"elementor-element elementor-element-970fd22 elementor-widget elementor-widget-image\" data-id=\"970fd22\" data-element_type=\"widget\" data-widget_type=\"image.default\">\n\t\t\t\t<div class=\"elementor-widget-container\">\n\t\t\t\t\t\t\t\t\t\t\t\t\t<img decoding=\"async\" width=\"300\" height=\"300\" src=\"https:\/\/pasmanteriakrakowska.pl\/wp-content\/uploads\/2015\/11\/drob03.jpg\" class=\"attachment-large size-large wp-image-865\" alt=\"\" srcset=\"https:\/\/pasmanteriakrakowska.pl\/wp-content\/uploads\/2015\/11\/drob03.jpg 300w, https:\/\/pasmanteriakrakowska.pl\/wp-content\/uploads\/2015\/11\/drob03-150x150.jpg 150w\" sizes=\"(max-width: 300px) 100vw, 300px\" \/>\t\t\t\t\t\t\t\t\t\t\t\t\t<\/div>\n\t\t\t\t<\/div>\n\t\t\t\t\t<\/div>\n\t\t<\/div>\n\t\t\t\t<div class=\"elementor-column elementor-col-25 elementor-top-column elementor-element elementor-element-740c8cf\" data-id=\"740c8cf\" data-element_type=\"column\">\n\t\t\t<div class=\"elementor-widget-wrap elementor-element-populated\">\n\t\t\t\t\t\t<div class=\"elementor-element elementor-element-5a50449 elementor-widget elementor-widget-image\" data-id=\"5a50449\" data-element_type=\"widget\" data-widget_type=\"image.default\">\n\t\t\t\t<div class=\"elementor-widget-container\">\n\t\t\t\t\t\t\t\t\t\t\t\t\t<img loading=\"lazy\" decoding=\"async\" width=\"300\" height=\"300\" src=\"https:\/\/pasmanteriakrakowska.pl\/wp-content\/uploads\/2015\/11\/drob04.jpg\" class=\"attachment-large size-large wp-image-879\" alt=\"\" srcset=\"https:\/\/pasmanteriakrakowska.pl\/wp-content\/uploads\/2015\/11\/drob04.jpg 300w, https:\/\/pasmanteriakrakowska.pl\/wp-content\/uploads\/2015\/11\/drob04-150x150.jpg 150w\" sizes=\"(max-width: 300px) 100vw, 300px\" \/>\t\t\t\t\t\t\t\t\t\t\t\t\t<\/div>\n\t\t\t\t<\/div>\n\t\t\t\t\t<\/div>\n\t\t<\/div>\n\t\t\t\t\t<\/div>\n\t\t<\/section>\n\t\t\t\t<\/div>\n\t\t","protected":false},"excerpt":{"rendered":"<p>\u0413\u043e\u043b\u043a\u0438, \u043d\u0430\u043f\u0435\u0440\u0441\u0442\u043a\u0438, \u0440\u0456\u0437\u0446\u0456 \u0442\u0430 \u0448\u0432\u0435\u0439\u043d\u0456 \u043c\u0435\u0442\u0440\u0438 &#8211; \u0432\u0441\u0435 \u043d\u0435\u043e\u0431\u0445\u0456\u0434\u043d\u0435 \u0434\u043b\u044f \u043b\u044e\u0434\u0435\u0439, \u044f\u043a\u0456 \u0437\u043d\u0430\u0439\u043e\u043c\u0456 \u0437 \u0448\u0438\u0442\u0442\u044f\u043c \u0456 \u043c\u043e\u0434\u0438\u0444\u0456\u043a\u0430\u0446\u0456\u044f\u043c\u0438, \u0430 \u0442\u0430\u043a\u043e\u0436 \u0434\u043b\u044f \u0442\u0438\u0445, \u0445\u0442\u043e \u0442\u0456\u043b\u044c\u043a\u0438 \u043f\u043e\u0447\u0438\u043d\u0430\u0454 \u0441\u0432\u043e\u044e \u043f\u0440\u0438\u0433\u043e\u0434\u0443 \u0437 \u0433\u0430\u043b\u0430\u043d\u0442\u0435\u0440\u0435\u0454\u044e, \u0443 \u043d\u0430\u0441 \u0454 \u0431\u0430\u0433\u0430\u0442\u043e \u0440\u0456\u0437\u043d\u0438\u0445 \u0440\u043e\u0431\u043e\u0447\u0438\u0445 \u0456\u043d\u0441\u0442\u0440\u0443\u043c\u0435\u043d\u0442\u0456\u0432. \u041c\u0438 \u043d\u0430\u043c\u0430\u0433\u0430\u0454\u043c\u043e\u0441\u044f \u0441\u043b\u0456\u0434\u0443\u0432\u0430\u0442\u0438 \u043c\u043e\u0434\u0456, \u0449\u043e\u0431 \u043d\u0430\u0448\u0430 \u043f\u0440\u043e\u0434\u0443\u043a\u0446\u0456\u044f \u0432\u0456\u0434\u043f\u043e\u0432\u0456\u0434\u0430\u043b\u0430 \u0437\u0440\u043e\u0441\u0442\u0430\u044e\u0447\u0438\u043c \u0432\u0438\u043c\u043e\u0433\u0430\u043c \u043d\u0430\u0448\u0438\u0445 \u043a\u043b\u0456\u0454\u043d\u0442\u0456\u0432. \u0423 \u043d\u0430\u0448\u0456\u0439 \u043f\u0440\u043e\u043f\u043e\u0437\u0438\u0446\u0456\u0457 [&hellip;]<\/p>\n","protected":false},"author":1,"featured_media":0,"parent":0,"menu_order":0,"comment_status":"closed","ping_status":"closed","template":"","meta":{"_monsterinsights_skip_tracking":false,"_monsterinsights_sitenote_active":false,"_monsterinsights_sitenote_note":"","_monsterinsights_sitenote_category":0,"footnotes":""},"class_list":["post-1005","page","type-page","status-publish","hentry"],"yoast_head":"<!-- This site is optimized with the Yoast SEO Premium plugin v22.3 (Yoast SEO v22.3) - https:\/\/yoast.com\/wordpress\/plugins\/seo\/ -->\n<title>\u0414\u0420\u0406\u0411\u041d\u0406 \u041f\u041e\u0417\u0423\u041c\u0415\u041d\u0422\u041d\u0406 \u0412\u0418\u0420\u041e\u0411\u0418 - Pasmanteria Krakowska<\/title>\n<meta name=\"robots\" content=\"index, follow, max-snippet:-1, max-image-preview:large, max-video-preview:-1\" \/>\n<link rel=\"canonical\" href=\"https:\/\/pasmanteriakrakowska.pl\/uk\/%d0%b4%d1%80%d1%96%d0%b1%d0%bd%d1%96-%d0%bf%d0%be%d0%b7%d1%83%d0%bc%d0%b5%d0%bd%d1%82%d0%bd%d1%96-%d0%b2%d0%b8%d1%80%d0%be%d0%b1%d0%b8\/\" \/>\n<meta property=\"og:locale\" content=\"uk_UA\" \/>\n<meta property=\"og:type\" content=\"article\" \/>\n<meta property=\"og:title\" content=\"\u0414\u0420\u0406\u0411\u041d\u0406 \u041f\u041e\u0417\u0423\u041c\u0415\u041d\u0422\u041d\u0406 \u0412\u0418\u0420\u041e\u0411\u0418\" \/>\n<meta property=\"og:description\" content=\"\u0413\u043e\u043b\u043a\u0438, \u043d\u0430\u043f\u0435\u0440\u0441\u0442\u043a\u0438, \u0440\u0456\u0437\u0446\u0456 \u0442\u0430 \u0448\u0432\u0435\u0439\u043d\u0456 \u043c\u0435\u0442\u0440\u0438 &#8211; \u0432\u0441\u0435 \u043d\u0435\u043e\u0431\u0445\u0456\u0434\u043d\u0435 \u0434\u043b\u044f \u043b\u044e\u0434\u0435\u0439, \u044f\u043a\u0456 \u0437\u043d\u0430\u0439\u043e\u043c\u0456 \u0437 \u0448\u0438\u0442\u0442\u044f\u043c \u0456 \u043c\u043e\u0434\u0438\u0444\u0456\u043a\u0430\u0446\u0456\u044f\u043c\u0438, \u0430 \u0442\u0430\u043a\u043e\u0436 \u0434\u043b\u044f \u0442\u0438\u0445, \u0445\u0442\u043e \u0442\u0456\u043b\u044c\u043a\u0438 \u043f\u043e\u0447\u0438\u043d\u0430\u0454 \u0441\u0432\u043e\u044e \u043f\u0440\u0438\u0433\u043e\u0434\u0443 \u0437 \u0433\u0430\u043b\u0430\u043d\u0442\u0435\u0440\u0435\u0454\u044e, \u0443 \u043d\u0430\u0441 \u0454 \u0431\u0430\u0433\u0430\u0442\u043e \u0440\u0456\u0437\u043d\u0438\u0445 \u0440\u043e\u0431\u043e\u0447\u0438\u0445 \u0456\u043d\u0441\u0442\u0440\u0443\u043c\u0435\u043d\u0442\u0456\u0432. \u041c\u0438 \u043d\u0430\u043c\u0430\u0433\u0430\u0454\u043c\u043e\u0441\u044f \u0441\u043b\u0456\u0434\u0443\u0432\u0430\u0442\u0438 \u043c\u043e\u0434\u0456, \u0449\u043e\u0431 \u043d\u0430\u0448\u0430 \u043f\u0440\u043e\u0434\u0443\u043a\u0446\u0456\u044f \u0432\u0456\u0434\u043f\u043e\u0432\u0456\u0434\u0430\u043b\u0430 \u0437\u0440\u043e\u0441\u0442\u0430\u044e\u0447\u0438\u043c \u0432\u0438\u043c\u043e\u0433\u0430\u043c \u043d\u0430\u0448\u0438\u0445 \u043a\u043b\u0456\u0454\u043d\u0442\u0456\u0432. \u0423 \u043d\u0430\u0448\u0456\u0439 \u043f\u0440\u043e\u043f\u043e\u0437\u0438\u0446\u0456\u0457 [&hellip;]\" \/>\n<meta property=\"og:url\" content=\"https:\/\/pasmanteriakrakowska.pl\/uk\/%d0%b4%d1%80%d1%96%d0%b1%d0%bd%d1%96-%d0%bf%d0%be%d0%b7%d1%83%d0%bc%d0%b5%d0%bd%d1%82%d0%bd%d1%96-%d0%b2%d0%b8%d1%80%d0%be%d0%b1%d0%b8\/\" \/>\n<meta property=\"og:site_name\" content=\"Pasmanteria Krakowska\" \/>\n<meta property=\"article:publisher\" content=\"https:\/\/www.facebook.com\/Pasmanteria-Krakowska-196842967590498\" \/>\n<meta property=\"article:modified_time\" content=\"2022-04-19T12:53:10+00:00\" \/>\n<meta property=\"og:image\" content=\"https:\/\/pasmanteriakrakowska.pl\/wp-content\/uploads\/2015\/11\/drob01.jpg\" \/>\n<script type=\"application\/ld+json\" class=\"yoast-schema-graph\">{\"@context\":\"https:\/\/schema.org\",\"@graph\":[{\"@type\":\"WebPage\",\"@id\":\"https:\/\/pasmanteriakrakowska.pl\/uk\/%d0%b4%d1%80%d1%96%d0%b1%d0%bd%d1%96-%d0%bf%d0%be%d0%b7%d1%83%d0%bc%d0%b5%d0%bd%d1%82%d0%bd%d1%96-%d0%b2%d0%b8%d1%80%d0%be%d0%b1%d0%b8\/\",\"url\":\"https:\/\/pasmanteriakrakowska.pl\/uk\/%d0%b4%d1%80%d1%96%d0%b1%d0%bd%d1%96-%d0%bf%d0%be%d0%b7%d1%83%d0%bc%d0%b5%d0%bd%d1%82%d0%bd%d1%96-%d0%b2%d0%b8%d1%80%d0%be%d0%b1%d0%b8\/\",\"name\":\"\u0414\u0420\u0406\u0411\u041d\u0406 \u041f\u041e\u0417\u0423\u041c\u0415\u041d\u0422\u041d\u0406 \u0412\u0418\u0420\u041e\u0411\u0418 - Pasmanteria Krakowska\",\"isPartOf\":{\"@id\":\"https:\/\/pasmanteriakrakowska.pl\/#website\"},\"primaryImageOfPage\":{\"@id\":\"https:\/\/pasmanteriakrakowska.pl\/uk\/%d0%b4%d1%80%d1%96%d0%b1%d0%bd%d1%96-%d0%bf%d0%be%d0%b7%d1%83%d0%bc%d0%b5%d0%bd%d1%82%d0%bd%d1%96-%d0%b2%d0%b8%d1%80%d0%be%d0%b1%d0%b8\/#primaryimage\"},\"image\":{\"@id\":\"https:\/\/pasmanteriakrakowska.pl\/uk\/%d0%b4%d1%80%d1%96%d0%b1%d0%bd%d1%96-%d0%bf%d0%be%d0%b7%d1%83%d0%bc%d0%b5%d0%bd%d1%82%d0%bd%d1%96-%d0%b2%d0%b8%d1%80%d0%be%d0%b1%d0%b8\/#primaryimage\"},\"thumbnailUrl\":\"https:\/\/pasmanteriakrakowska.pl\/wp-content\/uploads\/2015\/11\/drob01.jpg\",\"datePublished\":\"2022-04-19T12:53:09+00:00\",\"dateModified\":\"2022-04-19T12:53:10+00:00\",\"breadcrumb\":{\"@id\":\"https:\/\/pasmanteriakrakowska.pl\/uk\/%d0%b4%d1%80%d1%96%d0%b1%d0%bd%d1%96-%d0%bf%d0%be%d0%b7%d1%83%d0%bc%d0%b5%d0%bd%d1%82%d0%bd%d1%96-%d0%b2%d0%b8%d1%80%d0%be%d0%b1%d0%b8\/#breadcrumb\"},\"inLanguage\":\"uk\",\"potentialAction\":[{\"@type\":\"ReadAction\",\"target\":[\"https:\/\/pasmanteriakrakowska.pl\/uk\/%d0%b4%d1%80%d1%96%d0%b1%d0%bd%d1%96-%d0%bf%d0%be%d0%b7%d1%83%d0%bc%d0%b5%d0%bd%d1%82%d0%bd%d1%96-%d0%b2%d0%b8%d1%80%d0%be%d0%b1%d0%b8\/\"]}]},{\"@type\":\"ImageObject\",\"inLanguage\":\"uk\",\"@id\":\"https:\/\/pasmanteriakrakowska.pl\/uk\/%d0%b4%d1%80%d1%96%d0%b1%d0%bd%d1%96-%d0%bf%d0%be%d0%b7%d1%83%d0%bc%d0%b5%d0%bd%d1%82%d0%bd%d1%96-%d0%b2%d0%b8%d1%80%d0%be%d0%b1%d0%b8\/#primaryimage\",\"url\":\"https:\/\/pasmanteriakrakowska.pl\/wp-content\/uploads\/2015\/11\/drob01.jpg\",\"contentUrl\":\"https:\/\/pasmanteriakrakowska.pl\/wp-content\/uploads\/2015\/11\/drob01.jpg\",\"width\":300,\"height\":300},{\"@type\":\"BreadcrumbList\",\"@id\":\"https:\/\/pasmanteriakrakowska.pl\/uk\/%d0%b4%d1%80%d1%96%d0%b1%d0%bd%d1%96-%d0%bf%d0%be%d0%b7%d1%83%d0%bc%d0%b5%d0%bd%d1%82%d0%bd%d1%96-%d0%b2%d0%b8%d1%80%d0%be%d0%b1%d0%b8\/#breadcrumb\",\"itemListElement\":[{\"@type\":\"ListItem\",\"position\":1,\"name\":\"Home\",\"item\":\"https:\/\/pasmanteriakrakowska.pl\/uk\/strona-glowna\/\"},{\"@type\":\"ListItem\",\"position\":2,\"name\":\"\u0414\u0420\u0406\u0411\u041d\u0406 \u041f\u041e\u0417\u0423\u041c\u0415\u041d\u0422\u041d\u0406 \u0412\u0418\u0420\u041e\u0411\u0418\"}]},{\"@type\":\"WebSite\",\"@id\":\"https:\/\/pasmanteriakrakowska.pl\/#website\",\"url\":\"https:\/\/pasmanteriakrakowska.pl\/\",\"name\":\"Pasmanteria Krakowska\",\"description\":\"Pasmanteria, kordonki, Ariadna, nici, guziki, gumy, ta\u015bma rzep, mulina, kanwa, sznurowad\u0142a, decoupage, scrapbooking, ta\u015bmy firanowe, ig\u0142y,\",\"publisher\":{\"@id\":\"https:\/\/pasmanteriakrakowska.pl\/#organization\"},\"potentialAction\":[{\"@type\":\"SearchAction\",\"target\":{\"@type\":\"EntryPoint\",\"urlTemplate\":\"https:\/\/pasmanteriakrakowska.pl\/?s={search_term_string}\"},\"query-input\":\"required name=search_term_string\"}],\"inLanguage\":\"uk\"},{\"@type\":\"Organization\",\"@id\":\"https:\/\/pasmanteriakrakowska.pl\/#organization\",\"name\":\"Pasmanteria Krakowska\",\"url\":\"https:\/\/pasmanteriakrakowska.pl\/\",\"logo\":{\"@type\":\"ImageObject\",\"inLanguage\":\"uk\",\"@id\":\"https:\/\/pasmanteriakrakowska.pl\/#\/schema\/logo\/image\/\",\"url\":\"https:\/\/pasmanteria.local:8890\/wp-content\/uploads\/2015\/12\/logo_pasmanteria21.png\",\"contentUrl\":\"https:\/\/pasmanteria.local:8890\/wp-content\/uploads\/2015\/12\/logo_pasmanteria21.png\",\"width\":440,\"height\":97,\"caption\":\"Pasmanteria Krakowska\"},\"image\":{\"@id\":\"https:\/\/pasmanteriakrakowska.pl\/#\/schema\/logo\/image\/\"},\"sameAs\":[\"https:\/\/www.facebook.com\/Pasmanteria-Krakowska-196842967590498\"]}]}<\/script>\n<!-- \/ Yoast SEO Premium plugin. -->","yoast_head_json":{"title":"\u0414\u0420\u0406\u0411\u041d\u0406 \u041f\u041e\u0417\u0423\u041c\u0415\u041d\u0422\u041d\u0406 \u0412\u0418\u0420\u041e\u0411\u0418 - Pasmanteria Krakowska","robots":{"index":"index","follow":"follow","max-snippet":"max-snippet:-1","max-image-preview":"max-image-preview:large","max-video-preview":"max-video-preview:-1"},"canonical":"https:\/\/pasmanteriakrakowska.pl\/uk\/%d0%b4%d1%80%d1%96%d0%b1%d0%bd%d1%96-%d0%bf%d0%be%d0%b7%d1%83%d0%bc%d0%b5%d0%bd%d1%82%d0%bd%d1%96-%d0%b2%d0%b8%d1%80%d0%be%d0%b1%d0%b8\/","og_locale":"uk_UA","og_type":"article","og_title":"\u0414\u0420\u0406\u0411\u041d\u0406 \u041f\u041e\u0417\u0423\u041c\u0415\u041d\u0422\u041d\u0406 \u0412\u0418\u0420\u041e\u0411\u0418","og_description":"\u0413\u043e\u043b\u043a\u0438, \u043d\u0430\u043f\u0435\u0440\u0441\u0442\u043a\u0438, \u0440\u0456\u0437\u0446\u0456 \u0442\u0430 \u0448\u0432\u0435\u0439\u043d\u0456 \u043c\u0435\u0442\u0440\u0438 &#8211; \u0432\u0441\u0435 \u043d\u0435\u043e\u0431\u0445\u0456\u0434\u043d\u0435 \u0434\u043b\u044f \u043b\u044e\u0434\u0435\u0439, \u044f\u043a\u0456 \u0437\u043d\u0430\u0439\u043e\u043c\u0456 \u0437 \u0448\u0438\u0442\u0442\u044f\u043c \u0456 \u043c\u043e\u0434\u0438\u0444\u0456\u043a\u0430\u0446\u0456\u044f\u043c\u0438, \u0430 \u0442\u0430\u043a\u043e\u0436 \u0434\u043b\u044f \u0442\u0438\u0445, \u0445\u0442\u043e \u0442\u0456\u043b\u044c\u043a\u0438 \u043f\u043e\u0447\u0438\u043d\u0430\u0454 \u0441\u0432\u043e\u044e \u043f\u0440\u0438\u0433\u043e\u0434\u0443 \u0437 \u0433\u0430\u043b\u0430\u043d\u0442\u0435\u0440\u0435\u0454\u044e, \u0443 \u043d\u0430\u0441 \u0454 \u0431\u0430\u0433\u0430\u0442\u043e \u0440\u0456\u0437\u043d\u0438\u0445 \u0440\u043e\u0431\u043e\u0447\u0438\u0445 \u0456\u043d\u0441\u0442\u0440\u0443\u043c\u0435\u043d\u0442\u0456\u0432. \u041c\u0438 \u043d\u0430\u043c\u0430\u0433\u0430\u0454\u043c\u043e\u0441\u044f \u0441\u043b\u0456\u0434\u0443\u0432\u0430\u0442\u0438 \u043c\u043e\u0434\u0456, \u0449\u043e\u0431 \u043d\u0430\u0448\u0430 \u043f\u0440\u043e\u0434\u0443\u043a\u0446\u0456\u044f \u0432\u0456\u0434\u043f\u043e\u0432\u0456\u0434\u0430\u043b\u0430 \u0437\u0440\u043e\u0441\u0442\u0430\u044e\u0447\u0438\u043c \u0432\u0438\u043c\u043e\u0433\u0430\u043c \u043d\u0430\u0448\u0438\u0445 \u043a\u043b\u0456\u0454\u043d\u0442\u0456\u0432. \u0423 \u043d\u0430\u0448\u0456\u0439 \u043f\u0440\u043e\u043f\u043e\u0437\u0438\u0446\u0456\u0457 [&hellip;]","og_url":"https:\/\/pasmanteriakrakowska.pl\/uk\/%d0%b4%d1%80%d1%96%d0%b1%d0%bd%d1%96-%d0%bf%d0%be%d0%b7%d1%83%d0%bc%d0%b5%d0%bd%d1%82%d0%bd%d1%96-%d0%b2%d0%b8%d1%80%d0%be%d0%b1%d0%b8\/","og_site_name":"Pasmanteria Krakowska","article_publisher":"https:\/\/www.facebook.com\/Pasmanteria-Krakowska-196842967590498","article_modified_time":"2022-04-19T12:53:10+00:00","og_image":[{"url":"https:\/\/pasmanteriakrakowska.pl\/wp-content\/uploads\/2015\/11\/drob01.jpg"}],"schema":{"@context":"https:\/\/schema.org","@graph":[{"@type":"WebPage","@id":"https:\/\/pasmanteriakrakowska.pl\/uk\/%d0%b4%d1%80%d1%96%d0%b1%d0%bd%d1%96-%d0%bf%d0%be%d0%b7%d1%83%d0%bc%d0%b5%d0%bd%d1%82%d0%bd%d1%96-%d0%b2%d0%b8%d1%80%d0%be%d0%b1%d0%b8\/","url":"https:\/\/pasmanteriakrakowska.pl\/uk\/%d0%b4%d1%80%d1%96%d0%b1%d0%bd%d1%96-%d0%bf%d0%be%d0%b7%d1%83%d0%bc%d0%b5%d0%bd%d1%82%d0%bd%d1%96-%d0%b2%d0%b8%d1%80%d0%be%d0%b1%d0%b8\/","name":"\u0414\u0420\u0406\u0411\u041d\u0406 \u041f\u041e\u0417\u0423\u041c\u0415\u041d\u0422\u041d\u0406 \u0412\u0418\u0420\u041e\u0411\u0418 - Pasmanteria Krakowska","isPartOf":{"@id":"https:\/\/pasmanteriakrakowska.pl\/#website"},"primaryImageOfPage":{"@id":"https:\/\/pasmanteriakrakowska.pl\/uk\/%d0%b4%d1%80%d1%96%d0%b1%d0%bd%d1%96-%d0%bf%d0%be%d0%b7%d1%83%d0%bc%d0%b5%d0%bd%d1%82%d0%bd%d1%96-%d0%b2%d0%b8%d1%80%d0%be%d0%b1%d0%b8\/#primaryimage"},"image":{"@id":"https:\/\/pasmanteriakrakowska.pl\/uk\/%d0%b4%d1%80%d1%96%d0%b1%d0%bd%d1%96-%d0%bf%d0%be%d0%b7%d1%83%d0%bc%d0%b5%d0%bd%d1%82%d0%bd%d1%96-%d0%b2%d0%b8%d1%80%d0%be%d0%b1%d0%b8\/#primaryimage"},"thumbnailUrl":"https:\/\/pasmanteriakrakowska.pl\/wp-content\/uploads\/2015\/11\/drob01.jpg","datePublished":"2022-04-19T12:53:09+00:00","dateModified":"2022-04-19T12:53:10+00:00","breadcrumb":{"@id":"https:\/\/pasmanteriakrakowska.pl\/uk\/%d0%b4%d1%80%d1%96%d0%b1%d0%bd%d1%96-%d0%bf%d0%be%d0%b7%d1%83%d0%bc%d0%b5%d0%bd%d1%82%d0%bd%d1%96-%d0%b2%d0%b8%d1%80%d0%be%d0%b1%d0%b8\/#breadcrumb"},"inLanguage":"uk","potentialAction":[{"@type":"ReadAction","target":["https:\/\/pasmanteriakrakowska.pl\/uk\/%d0%b4%d1%80%d1%96%d0%b1%d0%bd%d1%96-%d0%bf%d0%be%d0%b7%d1%83%d0%bc%d0%b5%d0%bd%d1%82%d0%bd%d1%96-%d0%b2%d0%b8%d1%80%d0%be%d0%b1%d0%b8\/"]}]},{"@type":"ImageObject","inLanguage":"uk","@id":"https:\/\/pasmanteriakrakowska.pl\/uk\/%d0%b4%d1%80%d1%96%d0%b1%d0%bd%d1%96-%d0%bf%d0%be%d0%b7%d1%83%d0%bc%d0%b5%d0%bd%d1%82%d0%bd%d1%96-%d0%b2%d0%b8%d1%80%d0%be%d0%b1%d0%b8\/#primaryimage","url":"https:\/\/pasmanteriakrakowska.pl\/wp-content\/uploads\/2015\/11\/drob01.jpg","contentUrl":"https:\/\/pasmanteriakrakowska.pl\/wp-content\/uploads\/2015\/11\/drob01.jpg","width":300,"height":300},{"@type":"BreadcrumbList","@id":"https:\/\/pasmanteriakrakowska.pl\/uk\/%d0%b4%d1%80%d1%96%d0%b1%d0%bd%d1%96-%d0%bf%d0%be%d0%b7%d1%83%d0%bc%d0%b5%d0%bd%d1%82%d0%bd%d1%96-%d0%b2%d0%b8%d1%80%d0%be%d0%b1%d0%b8\/#breadcrumb","itemListElement":[{"@type":"ListItem","position":1,"name":"Home","item":"https:\/\/pasmanteriakrakowska.pl\/uk\/strona-glowna\/"},{"@type":"ListItem","position":2,"name":"\u0414\u0420\u0406\u0411\u041d\u0406 \u041f\u041e\u0417\u0423\u041c\u0415\u041d\u0422\u041d\u0406 \u0412\u0418\u0420\u041e\u0411\u0418"}]},{"@type":"WebSite","@id":"https:\/\/pasmanteriakrakowska.pl\/#website","url":"https:\/\/pasmanteriakrakowska.pl\/","name":"Pasmanteria Krakowska","description":"Pasmanteria, kordonki, Ariadna, nici, guziki, gumy, ta\u015bma rzep, mulina, kanwa, sznurowad\u0142a, decoupage, scrapbooking, ta\u015bmy firanowe, ig\u0142y,","publisher":{"@id":"https:\/\/pasmanteriakrakowska.pl\/#organization"},"potentialAction":[{"@type":"SearchAction","target":{"@type":"EntryPoint","urlTemplate":"https:\/\/pasmanteriakrakowska.pl\/?s={search_term_string}"},"query-input":"required name=search_term_string"}],"inLanguage":"uk"},{"@type":"Organization","@id":"https:\/\/pasmanteriakrakowska.pl\/#organization","name":"Pasmanteria Krakowska","url":"https:\/\/pasmanteriakrakowska.pl\/","logo":{"@type":"ImageObject","inLanguage":"uk","@id":"https:\/\/pasmanteriakrakowska.pl\/#\/schema\/logo\/image\/","url":"https:\/\/pasmanteria.local:8890\/wp-content\/uploads\/2015\/12\/logo_pasmanteria21.png","contentUrl":"https:\/\/pasmanteria.local:8890\/wp-content\/uploads\/2015\/12\/logo_pasmanteria21.png","width":440,"height":97,"caption":"Pasmanteria Krakowska"},"image":{"@id":"https:\/\/pasmanteriakrakowska.pl\/#\/schema\/logo\/image\/"},"sameAs":["https:\/\/www.facebook.com\/Pasmanteria-Krakowska-196842967590498"]}]}},"_links":{"self":[{"href":"https:\/\/pasmanteriakrakowska.pl\/uk\/wp-json\/wp\/v2\/pages\/1005","targetHints":{"allow":["GET"]}}],"collection":[{"href":"https:\/\/pasmanteriakrakowska.pl\/uk\/wp-json\/wp\/v2\/pages"}],"about":[{"href":"https:\/\/pasmanteriakrakowska.pl\/uk\/wp-json\/wp\/v2\/types\/page"}],"author":[{"embeddable":true,"href":"https:\/\/pasmanteriakrakowska.pl\/uk\/wp-json\/wp\/v2\/users\/1"}],"replies":[{"embeddable":true,"href":"https:\/\/pasmanteriakrakowska.pl\/uk\/wp-json\/wp\/v2\/comments?post=1005"}],"version-history":[{"count":0,"href":"https:\/\/pasmanteriakrakowska.pl\/uk\/wp-json\/wp\/v2\/pages\/1005\/revisions"}],"wp:attachment":[{"href":"https:\/\/pasmanteriakrakowska.pl\/uk\/wp-json\/wp\/v2\/media?parent=1005"}],"curies":[{"name":"wp","href":"https:\/\/api.w.org\/{rel}","templated":true}]}}