{"id":1177,"date":"2022-05-02T12:02:05","date_gmt":"2022-05-02T10:02:05","guid":{"rendered":"https:\/\/pasmanteriakrakowska.pl\/tailoring-services\/"},"modified":"2022-05-02T12:02:05","modified_gmt":"2022-05-02T10:02:05","slug":"tailoring-services","status":"publish","type":"page","link":"https:\/\/pasmanteriakrakowska.pl\/en\/tailoring-services\/","title":{"rendered":"Tailoring services"},"content":{"rendered":"\t\t<div data-elementor-type=\"wp-page\" data-elementor-id=\"1177\" class=\"elementor elementor-1177 elementor-215\" data-elementor-post-type=\"page\">\n\t\t\t\t\t\t<section class=\"elementor-section elementor-top-section elementor-element elementor-element-2253649 elementor-section-boxed elementor-section-height-default elementor-section-height-default\" data-id=\"2253649\" data-element_type=\"section\">\n\t\t\t\t\t\t<div class=\"elementor-container elementor-column-gap-default\">\n\t\t\t\t\t<div class=\"elementor-column elementor-col-50 elementor-top-column elementor-element elementor-element-5263fe3\" data-id=\"5263fe3\" data-element_type=\"column\">\n\t\t\t<div class=\"elementor-widget-wrap elementor-element-populated\">\n\t\t\t\t\t\t<div class=\"elementor-element elementor-element-43ed99a elementor-widget elementor-widget-image\" data-id=\"43ed99a\" data-element_type=\"widget\" data-widget_type=\"image.default\">\n\t\t\t\t<div class=\"elementor-widget-container\">\n\t\t\t<style>\/*! elementor - v3.23.0 - 25-07-2024 *\/\n.elementor-widget-image{text-align:center}.elementor-widget-image a{display:inline-block}.elementor-widget-image a img[src$=\".svg\"]{width:48px}.elementor-widget-image img{vertical-align:middle;display:inline-block}<\/style>\t\t\t\t\t\t\t\t\t\t<img fetchpriority=\"high\" decoding=\"async\" width=\"1024\" height=\"683\" src=\"https:\/\/pasmanteriakrakowska.pl\/wp-content\/uploads\/2015\/11\/11-1024x683.jpg\" class=\"attachment-large size-large wp-image-916\" alt=\"\" srcset=\"https:\/\/pasmanteriakrakowska.pl\/wp-content\/uploads\/2015\/11\/11-1024x683.jpg 1024w, https:\/\/pasmanteriakrakowska.pl\/wp-content\/uploads\/2015\/11\/11-300x200.jpg 300w, https:\/\/pasmanteriakrakowska.pl\/wp-content\/uploads\/2015\/11\/11.jpg 1688w\" sizes=\"(max-width: 1024px) 100vw, 1024px\" \/>\t\t\t\t\t\t\t\t\t\t\t\t\t<\/div>\n\t\t\t\t<\/div>\n\t\t\t\t\t<\/div>\n\t\t<\/div>\n\t\t\t\t<div class=\"elementor-column elementor-col-50 elementor-top-column elementor-element elementor-element-c412dd6\" data-id=\"c412dd6\" data-element_type=\"column\">\n\t\t\t<div class=\"elementor-widget-wrap elementor-element-populated\">\n\t\t\t\t\t\t<div class=\"elementor-element elementor-element-14be312 elementor-widget elementor-widget-text-editor\" data-id=\"14be312\" data-element_type=\"widget\" data-widget_type=\"text-editor.default\">\n\t\t\t\t<div class=\"elementor-widget-container\">\n\t\t\t<style>\/*! elementor - v3.23.0 - 25-07-2024 *\/\n.elementor-widget-text-editor.elementor-drop-cap-view-stacked .elementor-drop-cap{background-color:#69727d;color:#fff}.elementor-widget-text-editor.elementor-drop-cap-view-framed .elementor-drop-cap{color:#69727d;border:3px solid;background-color:transparent}.elementor-widget-text-editor:not(.elementor-drop-cap-view-default) .elementor-drop-cap{margin-top:8px}.elementor-widget-text-editor:not(.elementor-drop-cap-view-default) .elementor-drop-cap-letter{width:1em;height:1em}.elementor-widget-text-editor .elementor-drop-cap{float:left;text-align:center;line-height:1;font-size:50px}.elementor-widget-text-editor .elementor-drop-cap-letter{display:inline-block}<\/style>\t\t\t\t<p>We provide minor tailoring services, corrections of clothing, sewing buttons, darning, etc. You can choose all the necessary accessories on the spot. Our offer also includes EXPRESS SERVICES, performed within 2 hours!<\/p>\n<p lang=\"zxx\" align=\"left\">Scope of services:<\/p>\n<ul>\n<li style=\"list-style-type: none;\">\n<ul>\n<li>Sewing zippers<\/li>\n<li>Shorten clothing<\/li>\n<li>Shortening the jeans while keeping the original finish<\/li>\n<li>Matching clothes, including suits, jackets, coats<\/li>\n<li>Buttonholes<\/li>\n<li>Sewing buttons<\/li>\n<li>Repair of clothes<\/li>\n<li>Decorative ribbons, lace, appliqu\u00e9s<\/li>\n<\/ul>\n<\/li>\n<\/ul>\n<p>sewing in<\/p>\n<ul>\n<li>Edging of curtains and curtains<\/li>\n<\/ul>\n<p lang=\"zxx\" align=\"left\">Our seamstress can help and advise you in choosing the right tapes, how to fit or repair your clothes. Fast and reliable!<br \/>\n<strong>You are warmly welcome<\/strong>!<\/p>\n\t\t\t\t\t\t<\/div>\n\t\t\t\t<\/div>\n\t\t\t\t\t<\/div>\n\t\t<\/div>\n\t\t\t\t\t<\/div>\n\t\t<\/section>\n\t\t\t\t<\/div>\n\t\t","protected":false},"excerpt":{"rendered":"<p>We provide minor tailoring services, corrections of clothing, sewing buttons, darning, etc. You can choose all the necessary accessories on the spot. Our offer also includes EXPRESS SERVICES, performed within 2 hours! Scope of services: Sewing zippers Shorten clothing Shortening the jeans while keeping the original finish Matching clothes, including [&hellip;]<\/p>\n","protected":false},"author":1,"featured_media":0,"parent":0,"menu_order":0,"comment_status":"closed","ping_status":"closed","template":"","meta":{"_monsterinsights_skip_tracking":false,"_monsterinsights_sitenote_active":false,"_monsterinsights_sitenote_note":"","_monsterinsights_sitenote_category":0,"footnotes":""},"class_list":["post-1177","page","type-page","status-publish","hentry"],"yoast_head":"<!-- This site is optimized with the Yoast SEO Premium plugin v22.3 (Yoast SEO v22.3) - https:\/\/yoast.com\/wordpress\/plugins\/seo\/ -->\n<title>Tailoring services - Pasmanteria Krakowska<\/title>\n<meta name=\"robots\" content=\"index, follow, max-snippet:-1, max-image-preview:large, max-video-preview:-1\" \/>\n<link rel=\"canonical\" href=\"https:\/\/pasmanteriakrakowska.pl\/en\/tailoring-services\/\" \/>\n<meta property=\"og:locale\" content=\"en_US\" \/>\n<meta property=\"og:type\" content=\"article\" \/>\n<meta property=\"og:title\" content=\"Tailoring services\" \/>\n<meta property=\"og:description\" content=\"We provide minor tailoring services, corrections of clothing, sewing buttons, darning, etc. You can choose all the necessary accessories on the spot. Our offer also includes EXPRESS SERVICES, performed within 2 hours! Scope of services: Sewing zippers Shorten clothing Shortening the jeans while keeping the original finish Matching clothes, including [&hellip;]\" \/>\n<meta property=\"og:url\" content=\"https:\/\/pasmanteriakrakowska.pl\/en\/tailoring-services\/\" \/>\n<meta property=\"og:site_name\" content=\"Pasmanteria Krakowska\" \/>\n<meta property=\"article:publisher\" content=\"https:\/\/www.facebook.com\/Pasmanteria-Krakowska-196842967590498\" \/>\n<meta property=\"og:image\" content=\"https:\/\/pasmanteriakrakowska.pl\/wp-content\/uploads\/2015\/11\/11-1024x683.jpg\" \/>\n<script type=\"application\/ld+json\" class=\"yoast-schema-graph\">{\"@context\":\"https:\/\/schema.org\",\"@graph\":[{\"@type\":\"WebPage\",\"@id\":\"https:\/\/pasmanteriakrakowska.pl\/en\/tailoring-services\/\",\"url\":\"https:\/\/pasmanteriakrakowska.pl\/en\/tailoring-services\/\",\"name\":\"Tailoring services - Pasmanteria Krakowska\",\"isPartOf\":{\"@id\":\"https:\/\/pasmanteriakrakowska.pl\/#website\"},\"primaryImageOfPage\":{\"@id\":\"https:\/\/pasmanteriakrakowska.pl\/en\/tailoring-services\/#primaryimage\"},\"image\":{\"@id\":\"https:\/\/pasmanteriakrakowska.pl\/en\/tailoring-services\/#primaryimage\"},\"thumbnailUrl\":\"https:\/\/pasmanteriakrakowska.pl\/wp-content\/uploads\/2015\/11\/11-1024x683.jpg\",\"datePublished\":\"2022-05-02T10:02:05+00:00\",\"dateModified\":\"2022-05-02T10:02:05+00:00\",\"breadcrumb\":{\"@id\":\"https:\/\/pasmanteriakrakowska.pl\/en\/tailoring-services\/#breadcrumb\"},\"inLanguage\":\"en-US\",\"potentialAction\":[{\"@type\":\"ReadAction\",\"target\":[\"https:\/\/pasmanteriakrakowska.pl\/en\/tailoring-services\/\"]}]},{\"@type\":\"ImageObject\",\"inLanguage\":\"en-US\",\"@id\":\"https:\/\/pasmanteriakrakowska.pl\/en\/tailoring-services\/#primaryimage\",\"url\":\"https:\/\/pasmanteriakrakowska.pl\/wp-content\/uploads\/2015\/11\/11.jpg\",\"contentUrl\":\"https:\/\/pasmanteriakrakowska.pl\/wp-content\/uploads\/2015\/11\/11.jpg\",\"width\":1688,\"height\":1126,\"caption\":\"A tailor is laying out a dress\/Sewing layout. Soft focus\"},{\"@type\":\"BreadcrumbList\",\"@id\":\"https:\/\/pasmanteriakrakowska.pl\/en\/tailoring-services\/#breadcrumb\",\"itemListElement\":[{\"@type\":\"ListItem\",\"position\":1,\"name\":\"Home\",\"item\":\"https:\/\/pasmanteriakrakowska.pl\/en\/\"},{\"@type\":\"ListItem\",\"position\":2,\"name\":\"Tailoring services\"}]},{\"@type\":\"WebSite\",\"@id\":\"https:\/\/pasmanteriakrakowska.pl\/#website\",\"url\":\"https:\/\/pasmanteriakrakowska.pl\/\",\"name\":\"Pasmanteria Krakowska\",\"description\":\"Pasmanteria, kordonki, Ariadna, nici, guziki, gumy, ta\u015bma rzep, mulina, kanwa, sznurowad\u0142a, decoupage, scrapbooking, ta\u015bmy firanowe, ig\u0142y,\",\"publisher\":{\"@id\":\"https:\/\/pasmanteriakrakowska.pl\/#organization\"},\"potentialAction\":[{\"@type\":\"SearchAction\",\"target\":{\"@type\":\"EntryPoint\",\"urlTemplate\":\"https:\/\/pasmanteriakrakowska.pl\/?s={search_term_string}\"},\"query-input\":\"required name=search_term_string\"}],\"inLanguage\":\"en-US\"},{\"@type\":\"Organization\",\"@id\":\"https:\/\/pasmanteriakrakowska.pl\/#organization\",\"name\":\"Pasmanteria Krakowska\",\"url\":\"https:\/\/pasmanteriakrakowska.pl\/\",\"logo\":{\"@type\":\"ImageObject\",\"inLanguage\":\"en-US\",\"@id\":\"https:\/\/pasmanteriakrakowska.pl\/#\/schema\/logo\/image\/\",\"url\":\"https:\/\/pasmanteria.local:8890\/wp-content\/uploads\/2015\/12\/logo_pasmanteria21.png\",\"contentUrl\":\"https:\/\/pasmanteria.local:8890\/wp-content\/uploads\/2015\/12\/logo_pasmanteria21.png\",\"width\":440,\"height\":97,\"caption\":\"Pasmanteria Krakowska\"},\"image\":{\"@id\":\"https:\/\/pasmanteriakrakowska.pl\/#\/schema\/logo\/image\/\"},\"sameAs\":[\"https:\/\/www.facebook.com\/Pasmanteria-Krakowska-196842967590498\"]}]}<\/script>\n<!-- \/ Yoast SEO Premium plugin. -->","yoast_head_json":{"title":"Tailoring services - Pasmanteria Krakowska","robots":{"index":"index","follow":"follow","max-snippet":"max-snippet:-1","max-image-preview":"max-image-preview:large","max-video-preview":"max-video-preview:-1"},"canonical":"https:\/\/pasmanteriakrakowska.pl\/en\/tailoring-services\/","og_locale":"en_US","og_type":"article","og_title":"Tailoring services","og_description":"We provide minor tailoring services, corrections of clothing, sewing buttons, darning, etc. You can choose all the necessary accessories on the spot. Our offer also includes EXPRESS SERVICES, performed within 2 hours! Scope of services: Sewing zippers Shorten clothing Shortening the jeans while keeping the original finish Matching clothes, including [&hellip;]","og_url":"https:\/\/pasmanteriakrakowska.pl\/en\/tailoring-services\/","og_site_name":"Pasmanteria Krakowska","article_publisher":"https:\/\/www.facebook.com\/Pasmanteria-Krakowska-196842967590498","og_image":[{"url":"https:\/\/pasmanteriakrakowska.pl\/wp-content\/uploads\/2015\/11\/11-1024x683.jpg"}],"schema":{"@context":"https:\/\/schema.org","@graph":[{"@type":"WebPage","@id":"https:\/\/pasmanteriakrakowska.pl\/en\/tailoring-services\/","url":"https:\/\/pasmanteriakrakowska.pl\/en\/tailoring-services\/","name":"Tailoring services - Pasmanteria Krakowska","isPartOf":{"@id":"https:\/\/pasmanteriakrakowska.pl\/#website"},"primaryImageOfPage":{"@id":"https:\/\/pasmanteriakrakowska.pl\/en\/tailoring-services\/#primaryimage"},"image":{"@id":"https:\/\/pasmanteriakrakowska.pl\/en\/tailoring-services\/#primaryimage"},"thumbnailUrl":"https:\/\/pasmanteriakrakowska.pl\/wp-content\/uploads\/2015\/11\/11-1024x683.jpg","datePublished":"2022-05-02T10:02:05+00:00","dateModified":"2022-05-02T10:02:05+00:00","breadcrumb":{"@id":"https:\/\/pasmanteriakrakowska.pl\/en\/tailoring-services\/#breadcrumb"},"inLanguage":"en-US","potentialAction":[{"@type":"ReadAction","target":["https:\/\/pasmanteriakrakowska.pl\/en\/tailoring-services\/"]}]},{"@type":"ImageObject","inLanguage":"en-US","@id":"https:\/\/pasmanteriakrakowska.pl\/en\/tailoring-services\/#primaryimage","url":"https:\/\/pasmanteriakrakowska.pl\/wp-content\/uploads\/2015\/11\/11.jpg","contentUrl":"https:\/\/pasmanteriakrakowska.pl\/wp-content\/uploads\/2015\/11\/11.jpg","width":1688,"height":1126,"caption":"A tailor is laying out a dress\/Sewing layout. Soft focus"},{"@type":"BreadcrumbList","@id":"https:\/\/pasmanteriakrakowska.pl\/en\/tailoring-services\/#breadcrumb","itemListElement":[{"@type":"ListItem","position":1,"name":"Home","item":"https:\/\/pasmanteriakrakowska.pl\/en\/"},{"@type":"ListItem","position":2,"name":"Tailoring services"}]},{"@type":"WebSite","@id":"https:\/\/pasmanteriakrakowska.pl\/#website","url":"https:\/\/pasmanteriakrakowska.pl\/","name":"Pasmanteria Krakowska","description":"Pasmanteria, kordonki, Ariadna, nici, guziki, gumy, ta\u015bma rzep, mulina, kanwa, sznurowad\u0142a, decoupage, scrapbooking, ta\u015bmy firanowe, ig\u0142y,","publisher":{"@id":"https:\/\/pasmanteriakrakowska.pl\/#organization"},"potentialAction":[{"@type":"SearchAction","target":{"@type":"EntryPoint","urlTemplate":"https:\/\/pasmanteriakrakowska.pl\/?s={search_term_string}"},"query-input":"required name=search_term_string"}],"inLanguage":"en-US"},{"@type":"Organization","@id":"https:\/\/pasmanteriakrakowska.pl\/#organization","name":"Pasmanteria Krakowska","url":"https:\/\/pasmanteriakrakowska.pl\/","logo":{"@type":"ImageObject","inLanguage":"en-US","@id":"https:\/\/pasmanteriakrakowska.pl\/#\/schema\/logo\/image\/","url":"https:\/\/pasmanteria.local:8890\/wp-content\/uploads\/2015\/12\/logo_pasmanteria21.png","contentUrl":"https:\/\/pasmanteria.local:8890\/wp-content\/uploads\/2015\/12\/logo_pasmanteria21.png","width":440,"height":97,"caption":"Pasmanteria Krakowska"},"image":{"@id":"https:\/\/pasmanteriakrakowska.pl\/#\/schema\/logo\/image\/"},"sameAs":["https:\/\/www.facebook.com\/Pasmanteria-Krakowska-196842967590498"]}]}},"_links":{"self":[{"href":"https:\/\/pasmanteriakrakowska.pl\/en\/wp-json\/wp\/v2\/pages\/1177","targetHints":{"allow":["GET"]}}],"collection":[{"href":"https:\/\/pasmanteriakrakowska.pl\/en\/wp-json\/wp\/v2\/pages"}],"about":[{"href":"https:\/\/pasmanteriakrakowska.pl\/en\/wp-json\/wp\/v2\/types\/page"}],"author":[{"embeddable":true,"href":"https:\/\/pasmanteriakrakowska.pl\/en\/wp-json\/wp\/v2\/users\/1"}],"replies":[{"embeddable":true,"href":"https:\/\/pasmanteriakrakowska.pl\/en\/wp-json\/wp\/v2\/comments?post=1177"}],"version-history":[{"count":0,"href":"https:\/\/pasmanteriakrakowska.pl\/en\/wp-json\/wp\/v2\/pages\/1177\/revisions"}],"wp:attachment":[{"href":"https:\/\/pasmanteriakrakowska.pl\/en\/wp-json\/wp\/v2\/media?parent=1177"}],"curies":[{"name":"wp","href":"https:\/\/api.w.org\/{rel}","templated":true}]}}