{"id":1171,"date":"2022-05-02T11:55:10","date_gmt":"2022-05-02T09:55:10","guid":{"rendered":"https:\/\/pasmanteriakrakowska.pl\/threads\/"},"modified":"2022-05-02T11:55:10","modified_gmt":"2022-05-02T09:55:10","slug":"threads","status":"publish","type":"page","link":"https:\/\/pasmanteriakrakowska.pl\/en\/threads\/","title":{"rendered":"Threads"},"content":{"rendered":"\t\t<div data-elementor-type=\"wp-page\" data-elementor-id=\"1171\" class=\"elementor elementor-1171 elementor-18\" data-elementor-post-type=\"page\">\n\t\t\t\t\t\t<section class=\"elementor-section elementor-top-section elementor-element elementor-element-6e535da elementor-section-content-middle elementor-section-boxed elementor-section-height-default elementor-section-height-default\" data-id=\"6e535da\" data-element_type=\"section\">\n\t\t\t\t\t\t<div class=\"elementor-container elementor-column-gap-default\">\n\t\t\t\t\t<div class=\"elementor-column elementor-col-100 elementor-top-column elementor-element elementor-element-d211535\" data-id=\"d211535\" data-element_type=\"column\">\n\t\t\t<div class=\"elementor-widget-wrap elementor-element-populated\">\n\t\t\t\t\t\t<section class=\"elementor-section elementor-inner-section elementor-element elementor-element-019f6d7 elementor-section-content-middle elementor-section-boxed elementor-section-height-default elementor-section-height-default\" data-id=\"019f6d7\" data-element_type=\"section\">\n\t\t\t\t\t\t<div class=\"elementor-container elementor-column-gap-default\">\n\t\t\t\t\t<div class=\"elementor-column elementor-col-50 elementor-inner-column elementor-element elementor-element-337f51c\" data-id=\"337f51c\" data-element_type=\"column\">\n\t\t\t<div class=\"elementor-widget-wrap elementor-element-populated\">\n\t\t\t\t\t\t<div class=\"elementor-element elementor-element-c05b45e elementor-widget elementor-widget-image\" data-id=\"c05b45e\" data-element_type=\"widget\" data-widget_type=\"image.default\">\n\t\t\t\t<div class=\"elementor-widget-container\">\n\t\t\t<style>\/*! elementor - v3.23.0 - 25-07-2024 *\/\n.elementor-widget-image{text-align:center}.elementor-widget-image a{display:inline-block}.elementor-widget-image a img[src$=\".svg\"]{width:48px}.elementor-widget-image img{vertical-align:middle;display:inline-block}<\/style>\t\t\t\t\t\t\t\t\t\t<img fetchpriority=\"high\" decoding=\"async\" width=\"400\" height=\"250\" src=\"https:\/\/pasmanteriakrakowska.pl\/wp-content\/uploads\/2015\/11\/nici01.jpg\" class=\"attachment-large size-large wp-image-936\" alt=\"\" srcset=\"https:\/\/pasmanteriakrakowska.pl\/wp-content\/uploads\/2015\/11\/nici01.jpg 400w, https:\/\/pasmanteriakrakowska.pl\/wp-content\/uploads\/2015\/11\/nici01-300x188.jpg 300w\" sizes=\"(max-width: 400px) 100vw, 400px\" \/>\t\t\t\t\t\t\t\t\t\t\t\t\t<\/div>\n\t\t\t\t<\/div>\n\t\t\t\t\t<\/div>\n\t\t<\/div>\n\t\t\t\t<div class=\"elementor-column elementor-col-50 elementor-inner-column elementor-element elementor-element-b843429\" data-id=\"b843429\" data-element_type=\"column\">\n\t\t\t<div class=\"elementor-widget-wrap elementor-element-populated\">\n\t\t\t\t\t\t<div class=\"elementor-element elementor-element-56de485 elementor-widget elementor-widget-heading\" data-id=\"56de485\" data-element_type=\"widget\" data-widget_type=\"heading.default\">\n\t\t\t\t<div class=\"elementor-widget-container\">\n\t\t\t<style>\/*! elementor - v3.23.0 - 25-07-2024 *\/\n.elementor-heading-title{padding:0;margin:0;line-height:1}.elementor-widget-heading .elementor-heading-title[class*=elementor-size-]>a{color:inherit;font-size:inherit;line-height:inherit}.elementor-widget-heading .elementor-heading-title.elementor-size-small{font-size:15px}.elementor-widget-heading .elementor-heading-title.elementor-size-medium{font-size:19px}.elementor-widget-heading .elementor-heading-title.elementor-size-large{font-size:29px}.elementor-widget-heading .elementor-heading-title.elementor-size-xl{font-size:39px}.elementor-widget-heading .elementor-heading-title.elementor-size-xxl{font-size:59px}<\/style><h2 class=\"elementor-heading-title elementor-size-default\">Coats<\/h2>\t\t<\/div>\n\t\t\t\t<\/div>\n\t\t\t\t<div class=\"elementor-element elementor-element-d41c70d elementor-widget elementor-widget-text-editor\" data-id=\"d41c70d\" data-element_type=\"widget\" data-widget_type=\"text-editor.default\">\n\t\t\t\t<div class=\"elementor-widget-container\">\n\t\t\t<style>\/*! elementor - v3.23.0 - 25-07-2024 *\/\n.elementor-widget-text-editor.elementor-drop-cap-view-stacked .elementor-drop-cap{background-color:#69727d;color:#fff}.elementor-widget-text-editor.elementor-drop-cap-view-framed .elementor-drop-cap{color:#69727d;border:3px solid;background-color:transparent}.elementor-widget-text-editor:not(.elementor-drop-cap-view-default) .elementor-drop-cap{margin-top:8px}.elementor-widget-text-editor:not(.elementor-drop-cap-view-default) .elementor-drop-cap-letter{width:1em;height:1em}.elementor-widget-text-editor .elementor-drop-cap{float:left;text-align:center;line-height:1;font-size:50px}.elementor-widget-text-editor .elementor-drop-cap-letter{display:inline-block}<\/style>\t\t\t\t<p style=\"text-align: center;\">Global manufacturer of specialty and standard threads, wide range of 240 colors, highest quality<\/p>\n\t\t\t\t\t\t<\/div>\n\t\t\t\t<\/div>\n\t\t\t\t\t<\/div>\n\t\t<\/div>\n\t\t\t\t\t<\/div>\n\t\t<\/section>\n\t\t\t\t<section class=\"elementor-section elementor-inner-section elementor-element elementor-element-f434134 elementor-section-boxed elementor-section-height-default elementor-section-height-default\" data-id=\"f434134\" data-element_type=\"section\">\n\t\t\t\t\t\t<div class=\"elementor-container elementor-column-gap-default\">\n\t\t\t\t\t<div class=\"elementor-column elementor-col-50 elementor-inner-column elementor-element elementor-element-17333e6\" data-id=\"17333e6\" data-element_type=\"column\">\n\t\t\t<div class=\"elementor-widget-wrap elementor-element-populated\">\n\t\t\t\t\t\t<div class=\"elementor-element elementor-element-7206b72 elementor-widget elementor-widget-image\" data-id=\"7206b72\" data-element_type=\"widget\" data-widget_type=\"image.default\">\n\t\t\t\t<div class=\"elementor-widget-container\">\n\t\t\t\t\t\t\t\t\t\t\t\t\t<img decoding=\"async\" width=\"400\" height=\"250\" src=\"https:\/\/pasmanteriakrakowska.pl\/wp-content\/uploads\/2015\/11\/nici02.jpg\" class=\"attachment-large size-large wp-image-938\" alt=\"\" srcset=\"https:\/\/pasmanteriakrakowska.pl\/wp-content\/uploads\/2015\/11\/nici02.jpg 400w, https:\/\/pasmanteriakrakowska.pl\/wp-content\/uploads\/2015\/11\/nici02-300x188.jpg 300w\" sizes=\"(max-width: 400px) 100vw, 400px\" \/>\t\t\t\t\t\t\t\t\t\t\t\t\t<\/div>\n\t\t\t\t<\/div>\n\t\t\t\t\t<\/div>\n\t\t<\/div>\n\t\t\t\t<div class=\"elementor-column elementor-col-50 elementor-inner-column elementor-element elementor-element-96eb79e\" data-id=\"96eb79e\" data-element_type=\"column\">\n\t\t\t<div class=\"elementor-widget-wrap elementor-element-populated\">\n\t\t\t\t\t\t<div class=\"elementor-element elementor-element-3eb89fb elementor-widget elementor-widget-heading\" data-id=\"3eb89fb\" data-element_type=\"widget\" data-widget_type=\"heading.default\">\n\t\t\t\t<div class=\"elementor-widget-container\">\n\t\t\t<h2 class=\"elementor-heading-title elementor-size-default\">Gutermann<\/h2>\t\t<\/div>\n\t\t\t\t<\/div>\n\t\t\t\t<div class=\"elementor-element elementor-element-42609dd elementor-widget elementor-widget-text-editor\" data-id=\"42609dd\" data-element_type=\"widget\" data-widget_type=\"text-editor.default\">\n\t\t\t\t<div class=\"elementor-widget-container\">\n\t\t\t\t\t\t\t<p style=\"text-align: center;\">The threads of this German company are used by the world&#8217;s sewing plants, they are also used for home use. Ideal as machine thread with a strong weave<\/p>\n\t\t\t\t\t\t<\/div>\n\t\t\t\t<\/div>\n\t\t\t\t\t<\/div>\n\t\t<\/div>\n\t\t\t\t\t<\/div>\n\t\t<\/section>\n\t\t\t\t<section class=\"elementor-section elementor-inner-section elementor-element elementor-element-6746643 elementor-section-boxed elementor-section-height-default elementor-section-height-default\" data-id=\"6746643\" data-element_type=\"section\">\n\t\t\t\t\t\t<div class=\"elementor-container elementor-column-gap-default\">\n\t\t\t\t\t<div class=\"elementor-column elementor-col-50 elementor-inner-column elementor-element elementor-element-284a0a1\" data-id=\"284a0a1\" data-element_type=\"column\">\n\t\t\t<div class=\"elementor-widget-wrap elementor-element-populated\">\n\t\t\t\t\t\t<div class=\"elementor-element elementor-element-a80499c elementor-widget elementor-widget-image\" data-id=\"a80499c\" data-element_type=\"widget\" data-widget_type=\"image.default\">\n\t\t\t\t<div class=\"elementor-widget-container\">\n\t\t\t\t\t\t\t\t\t\t\t\t\t<img decoding=\"async\" width=\"400\" height=\"250\" src=\"https:\/\/pasmanteriakrakowska.pl\/wp-content\/uploads\/2015\/11\/nici03.jpg\" class=\"attachment-large size-large wp-image-954\" alt=\"\" srcset=\"https:\/\/pasmanteriakrakowska.pl\/wp-content\/uploads\/2015\/11\/nici03.jpg 400w, https:\/\/pasmanteriakrakowska.pl\/wp-content\/uploads\/2015\/11\/nici03-300x188.jpg 300w\" sizes=\"(max-width: 400px) 100vw, 400px\" \/>\t\t\t\t\t\t\t\t\t\t\t\t\t<\/div>\n\t\t\t\t<\/div>\n\t\t\t\t\t<\/div>\n\t\t<\/div>\n\t\t\t\t<div class=\"elementor-column elementor-col-50 elementor-inner-column elementor-element elementor-element-4a18479\" data-id=\"4a18479\" data-element_type=\"column\">\n\t\t\t<div class=\"elementor-widget-wrap elementor-element-populated\">\n\t\t\t\t\t\t<div class=\"elementor-element elementor-element-e4a0320 elementor-widget elementor-widget-heading\" data-id=\"e4a0320\" data-element_type=\"widget\" data-widget_type=\"heading.default\">\n\t\t\t\t<div class=\"elementor-widget-container\">\n\t\t\t<h2 class=\"elementor-heading-title elementor-size-default\">Flexible and silky<\/h2>\t\t<\/div>\n\t\t\t\t<\/div>\n\t\t\t\t<div class=\"elementor-element elementor-element-eeb9d28 elementor-widget elementor-widget-text-editor\" data-id=\"eeb9d28\" data-element_type=\"widget\" data-widget_type=\"text-editor.default\">\n\t\t\t\t<div class=\"elementor-widget-container\">\n\t\t\t\t\t\t\t<p style=\"text-align: center;\">Silk is characterized by its luster, softness and smoothness. They are used, among others, in jewelry, are ideal for embroidery and crochet<\/p>\n\t\t\t\t\t\t<\/div>\n\t\t\t\t<\/div>\n\t\t\t\t\t<\/div>\n\t\t<\/div>\n\t\t\t\t\t<\/div>\n\t\t<\/section>\n\t\t\t\t\t<\/div>\n\t\t<\/div>\n\t\t\t\t\t<\/div>\n\t\t<\/section>\n\t\t\t\t<\/div>\n\t\t","protected":false},"excerpt":{"rendered":"<p>Coats Global manufacturer of specialty and standard threads, wide range of 240 colors, highest quality Gutermann The threads of this German company are used by the world&#8217;s sewing plants, they are also used for home use. Ideal as machine thread with a strong weave Flexible and silky Silk is characterized [&hellip;]<\/p>\n","protected":false},"author":1,"featured_media":0,"parent":0,"menu_order":0,"comment_status":"closed","ping_status":"closed","template":"","meta":{"_monsterinsights_skip_tracking":false,"_monsterinsights_sitenote_active":false,"_monsterinsights_sitenote_note":"","_monsterinsights_sitenote_category":0,"footnotes":""},"class_list":["post-1171","page","type-page","status-publish","hentry"],"yoast_head":"<!-- This site is optimized with the Yoast SEO Premium plugin v22.3 (Yoast SEO v22.3) - https:\/\/yoast.com\/wordpress\/plugins\/seo\/ -->\n<title>Threads - Pasmanteria Krakowska<\/title>\n<meta name=\"robots\" content=\"index, follow, max-snippet:-1, max-image-preview:large, max-video-preview:-1\" \/>\n<link rel=\"canonical\" href=\"https:\/\/pasmanteriakrakowska.pl\/en\/threads\/\" \/>\n<meta property=\"og:locale\" content=\"en_US\" \/>\n<meta property=\"og:type\" content=\"article\" \/>\n<meta property=\"og:title\" content=\"Threads\" \/>\n<meta property=\"og:description\" content=\"Coats Global manufacturer of specialty and standard threads, wide range of 240 colors, highest quality Gutermann The threads of this German company are used by the world&#8217;s sewing plants, they are also used for home use. Ideal as machine thread with a strong weave Flexible and silky Silk is characterized [&hellip;]\" \/>\n<meta property=\"og:url\" content=\"https:\/\/pasmanteriakrakowska.pl\/en\/threads\/\" \/>\n<meta property=\"og:site_name\" content=\"Pasmanteria Krakowska\" \/>\n<meta property=\"article:publisher\" content=\"https:\/\/www.facebook.com\/Pasmanteria-Krakowska-196842967590498\" \/>\n<meta property=\"og:image\" content=\"https:\/\/pasmanteriakrakowska.pl\/wp-content\/uploads\/2015\/11\/nici01.jpg\" \/>\n<script type=\"application\/ld+json\" class=\"yoast-schema-graph\">{\"@context\":\"https:\/\/schema.org\",\"@graph\":[{\"@type\":\"WebPage\",\"@id\":\"https:\/\/pasmanteriakrakowska.pl\/en\/threads\/\",\"url\":\"https:\/\/pasmanteriakrakowska.pl\/en\/threads\/\",\"name\":\"Threads - Pasmanteria Krakowska\",\"isPartOf\":{\"@id\":\"https:\/\/pasmanteriakrakowska.pl\/#website\"},\"primaryImageOfPage\":{\"@id\":\"https:\/\/pasmanteriakrakowska.pl\/en\/threads\/#primaryimage\"},\"image\":{\"@id\":\"https:\/\/pasmanteriakrakowska.pl\/en\/threads\/#primaryimage\"},\"thumbnailUrl\":\"https:\/\/pasmanteriakrakowska.pl\/wp-content\/uploads\/2015\/11\/nici01.jpg\",\"datePublished\":\"2022-05-02T09:55:10+00:00\",\"dateModified\":\"2022-05-02T09:55:10+00:00\",\"breadcrumb\":{\"@id\":\"https:\/\/pasmanteriakrakowska.pl\/en\/threads\/#breadcrumb\"},\"inLanguage\":\"en-US\",\"potentialAction\":[{\"@type\":\"ReadAction\",\"target\":[\"https:\/\/pasmanteriakrakowska.pl\/en\/threads\/\"]}]},{\"@type\":\"ImageObject\",\"inLanguage\":\"en-US\",\"@id\":\"https:\/\/pasmanteriakrakowska.pl\/en\/threads\/#primaryimage\",\"url\":\"https:\/\/pasmanteriakrakowska.pl\/wp-content\/uploads\/2015\/11\/nici01.jpg\",\"contentUrl\":\"https:\/\/pasmanteriakrakowska.pl\/wp-content\/uploads\/2015\/11\/nici01.jpg\",\"width\":400,\"height\":250},{\"@type\":\"BreadcrumbList\",\"@id\":\"https:\/\/pasmanteriakrakowska.pl\/en\/threads\/#breadcrumb\",\"itemListElement\":[{\"@type\":\"ListItem\",\"position\":1,\"name\":\"Home\",\"item\":\"https:\/\/pasmanteriakrakowska.pl\/en\/\"},{\"@type\":\"ListItem\",\"position\":2,\"name\":\"Threads\"}]},{\"@type\":\"WebSite\",\"@id\":\"https:\/\/pasmanteriakrakowska.pl\/#website\",\"url\":\"https:\/\/pasmanteriakrakowska.pl\/\",\"name\":\"Pasmanteria Krakowska\",\"description\":\"Pasmanteria, kordonki, Ariadna, nici, guziki, gumy, ta\u015bma rzep, mulina, kanwa, sznurowad\u0142a, decoupage, scrapbooking, ta\u015bmy firanowe, ig\u0142y,\",\"publisher\":{\"@id\":\"https:\/\/pasmanteriakrakowska.pl\/#organization\"},\"potentialAction\":[{\"@type\":\"SearchAction\",\"target\":{\"@type\":\"EntryPoint\",\"urlTemplate\":\"https:\/\/pasmanteriakrakowska.pl\/?s={search_term_string}\"},\"query-input\":\"required name=search_term_string\"}],\"inLanguage\":\"en-US\"},{\"@type\":\"Organization\",\"@id\":\"https:\/\/pasmanteriakrakowska.pl\/#organization\",\"name\":\"Pasmanteria Krakowska\",\"url\":\"https:\/\/pasmanteriakrakowska.pl\/\",\"logo\":{\"@type\":\"ImageObject\",\"inLanguage\":\"en-US\",\"@id\":\"https:\/\/pasmanteriakrakowska.pl\/#\/schema\/logo\/image\/\",\"url\":\"https:\/\/pasmanteria.local:8890\/wp-content\/uploads\/2015\/12\/logo_pasmanteria21.png\",\"contentUrl\":\"https:\/\/pasmanteria.local:8890\/wp-content\/uploads\/2015\/12\/logo_pasmanteria21.png\",\"width\":440,\"height\":97,\"caption\":\"Pasmanteria Krakowska\"},\"image\":{\"@id\":\"https:\/\/pasmanteriakrakowska.pl\/#\/schema\/logo\/image\/\"},\"sameAs\":[\"https:\/\/www.facebook.com\/Pasmanteria-Krakowska-196842967590498\"]}]}<\/script>\n<!-- \/ Yoast SEO Premium plugin. -->","yoast_head_json":{"title":"Threads - Pasmanteria Krakowska","robots":{"index":"index","follow":"follow","max-snippet":"max-snippet:-1","max-image-preview":"max-image-preview:large","max-video-preview":"max-video-preview:-1"},"canonical":"https:\/\/pasmanteriakrakowska.pl\/en\/threads\/","og_locale":"en_US","og_type":"article","og_title":"Threads","og_description":"Coats Global manufacturer of specialty and standard threads, wide range of 240 colors, highest quality Gutermann The threads of this German company are used by the world&#8217;s sewing plants, they are also used for home use. Ideal as machine thread with a strong weave Flexible and silky Silk is characterized [&hellip;]","og_url":"https:\/\/pasmanteriakrakowska.pl\/en\/threads\/","og_site_name":"Pasmanteria Krakowska","article_publisher":"https:\/\/www.facebook.com\/Pasmanteria-Krakowska-196842967590498","og_image":[{"url":"https:\/\/pasmanteriakrakowska.pl\/wp-content\/uploads\/2015\/11\/nici01.jpg"}],"schema":{"@context":"https:\/\/schema.org","@graph":[{"@type":"WebPage","@id":"https:\/\/pasmanteriakrakowska.pl\/en\/threads\/","url":"https:\/\/pasmanteriakrakowska.pl\/en\/threads\/","name":"Threads - Pasmanteria Krakowska","isPartOf":{"@id":"https:\/\/pasmanteriakrakowska.pl\/#website"},"primaryImageOfPage":{"@id":"https:\/\/pasmanteriakrakowska.pl\/en\/threads\/#primaryimage"},"image":{"@id":"https:\/\/pasmanteriakrakowska.pl\/en\/threads\/#primaryimage"},"thumbnailUrl":"https:\/\/pasmanteriakrakowska.pl\/wp-content\/uploads\/2015\/11\/nici01.jpg","datePublished":"2022-05-02T09:55:10+00:00","dateModified":"2022-05-02T09:55:10+00:00","breadcrumb":{"@id":"https:\/\/pasmanteriakrakowska.pl\/en\/threads\/#breadcrumb"},"inLanguage":"en-US","potentialAction":[{"@type":"ReadAction","target":["https:\/\/pasmanteriakrakowska.pl\/en\/threads\/"]}]},{"@type":"ImageObject","inLanguage":"en-US","@id":"https:\/\/pasmanteriakrakowska.pl\/en\/threads\/#primaryimage","url":"https:\/\/pasmanteriakrakowska.pl\/wp-content\/uploads\/2015\/11\/nici01.jpg","contentUrl":"https:\/\/pasmanteriakrakowska.pl\/wp-content\/uploads\/2015\/11\/nici01.jpg","width":400,"height":250},{"@type":"BreadcrumbList","@id":"https:\/\/pasmanteriakrakowska.pl\/en\/threads\/#breadcrumb","itemListElement":[{"@type":"ListItem","position":1,"name":"Home","item":"https:\/\/pasmanteriakrakowska.pl\/en\/"},{"@type":"ListItem","position":2,"name":"Threads"}]},{"@type":"WebSite","@id":"https:\/\/pasmanteriakrakowska.pl\/#website","url":"https:\/\/pasmanteriakrakowska.pl\/","name":"Pasmanteria Krakowska","description":"Pasmanteria, kordonki, Ariadna, nici, guziki, gumy, ta\u015bma rzep, mulina, kanwa, sznurowad\u0142a, decoupage, scrapbooking, ta\u015bmy firanowe, ig\u0142y,","publisher":{"@id":"https:\/\/pasmanteriakrakowska.pl\/#organization"},"potentialAction":[{"@type":"SearchAction","target":{"@type":"EntryPoint","urlTemplate":"https:\/\/pasmanteriakrakowska.pl\/?s={search_term_string}"},"query-input":"required name=search_term_string"}],"inLanguage":"en-US"},{"@type":"Organization","@id":"https:\/\/pasmanteriakrakowska.pl\/#organization","name":"Pasmanteria Krakowska","url":"https:\/\/pasmanteriakrakowska.pl\/","logo":{"@type":"ImageObject","inLanguage":"en-US","@id":"https:\/\/pasmanteriakrakowska.pl\/#\/schema\/logo\/image\/","url":"https:\/\/pasmanteria.local:8890\/wp-content\/uploads\/2015\/12\/logo_pasmanteria21.png","contentUrl":"https:\/\/pasmanteria.local:8890\/wp-content\/uploads\/2015\/12\/logo_pasmanteria21.png","width":440,"height":97,"caption":"Pasmanteria Krakowska"},"image":{"@id":"https:\/\/pasmanteriakrakowska.pl\/#\/schema\/logo\/image\/"},"sameAs":["https:\/\/www.facebook.com\/Pasmanteria-Krakowska-196842967590498"]}]}},"_links":{"self":[{"href":"https:\/\/pasmanteriakrakowska.pl\/en\/wp-json\/wp\/v2\/pages\/1171","targetHints":{"allow":["GET"]}}],"collection":[{"href":"https:\/\/pasmanteriakrakowska.pl\/en\/wp-json\/wp\/v2\/pages"}],"about":[{"href":"https:\/\/pasmanteriakrakowska.pl\/en\/wp-json\/wp\/v2\/types\/page"}],"author":[{"embeddable":true,"href":"https:\/\/pasmanteriakrakowska.pl\/en\/wp-json\/wp\/v2\/users\/1"}],"replies":[{"embeddable":true,"href":"https:\/\/pasmanteriakrakowska.pl\/en\/wp-json\/wp\/v2\/comments?post=1171"}],"version-history":[{"count":0,"href":"https:\/\/pasmanteriakrakowska.pl\/en\/wp-json\/wp\/v2\/pages\/1171\/revisions"}],"wp:attachment":[{"href":"https:\/\/pasmanteriakrakowska.pl\/en\/wp-json\/wp\/v2\/media?parent=1171"}],"curies":[{"name":"wp","href":"https:\/\/api.w.org\/{rel}","templated":true}]}}