{"id":1161,"date":"2022-05-02T11:27:44","date_gmt":"2022-05-02T09:27:44","guid":{"rendered":"https:\/\/pasmanteriakrakowska.pl\/buttons-buckles\/"},"modified":"2022-05-02T11:27:44","modified_gmt":"2022-05-02T09:27:44","slug":"buttons-buckles","status":"publish","type":"page","link":"https:\/\/pasmanteriakrakowska.pl\/en\/buttons-buckles\/","title":{"rendered":"BUTTONS &#038; BUCKLES"},"content":{"rendered":"\t\t<div data-elementor-type=\"wp-page\" data-elementor-id=\"1161\" class=\"elementor elementor-1161 elementor-199\" data-elementor-post-type=\"page\">\n\t\t\t\t\t\t<section class=\"elementor-section elementor-top-section elementor-element elementor-element-c7ce701 elementor-section-boxed elementor-section-height-default elementor-section-height-default\" data-id=\"c7ce701\" data-element_type=\"section\">\n\t\t\t\t\t\t<div class=\"elementor-container elementor-column-gap-default\">\n\t\t\t\t\t<div class=\"elementor-column elementor-col-100 elementor-top-column elementor-element elementor-element-8063c6a\" data-id=\"8063c6a\" data-element_type=\"column\">\n\t\t\t<div class=\"elementor-widget-wrap elementor-element-populated\">\n\t\t\t\t\t\t<section class=\"elementor-section elementor-inner-section elementor-element elementor-element-5339ccf elementor-section-boxed elementor-section-height-default elementor-section-height-default\" data-id=\"5339ccf\" data-element_type=\"section\">\n\t\t\t\t\t\t<div class=\"elementor-container elementor-column-gap-default\">\n\t\t\t\t\t<div class=\"elementor-column elementor-col-50 elementor-inner-column elementor-element elementor-element-3d274cd\" data-id=\"3d274cd\" data-element_type=\"column\">\n\t\t\t<div class=\"elementor-widget-wrap elementor-element-populated\">\n\t\t\t\t\t\t<div class=\"elementor-element elementor-element-6685e41 elementor-widget elementor-widget-image\" data-id=\"6685e41\" data-element_type=\"widget\" data-widget_type=\"image.default\">\n\t\t\t\t<div class=\"elementor-widget-container\">\n\t\t\t<style>\/*! elementor - v3.23.0 - 25-07-2024 *\/\n.elementor-widget-image{text-align:center}.elementor-widget-image a{display:inline-block}.elementor-widget-image a img[src$=\".svg\"]{width:48px}.elementor-widget-image img{vertical-align:middle;display:inline-block}<\/style>\t\t\t\t\t\t\t\t\t\t<img fetchpriority=\"high\" decoding=\"async\" width=\"1024\" height=\"631\" src=\"https:\/\/pasmanteriakrakowska.pl\/wp-content\/uploads\/2022\/04\/AdobeStock_30071882-1024x631.jpeg\" class=\"attachment-large size-large wp-image-1091\" alt=\"\" srcset=\"https:\/\/pasmanteriakrakowska.pl\/wp-content\/uploads\/2022\/04\/AdobeStock_30071882-1024x631.jpeg 1024w, https:\/\/pasmanteriakrakowska.pl\/wp-content\/uploads\/2022\/04\/AdobeStock_30071882-300x185.jpeg 300w, https:\/\/pasmanteriakrakowska.pl\/wp-content\/uploads\/2022\/04\/AdobeStock_30071882-768x473.jpeg 768w, https:\/\/pasmanteriakrakowska.pl\/wp-content\/uploads\/2022\/04\/AdobeStock_30071882-1536x946.jpeg 1536w, https:\/\/pasmanteriakrakowska.pl\/wp-content\/uploads\/2022\/04\/AdobeStock_30071882-2048x1261.jpeg 2048w, https:\/\/pasmanteriakrakowska.pl\/wp-content\/uploads\/2022\/04\/AdobeStock_30071882-130x80.jpeg 130w\" sizes=\"(max-width: 1024px) 100vw, 1024px\" \/>\t\t\t\t\t\t\t\t\t\t\t\t\t<\/div>\n\t\t\t\t<\/div>\n\t\t\t\t\t<\/div>\n\t\t<\/div>\n\t\t\t\t<div class=\"elementor-column elementor-col-50 elementor-inner-column elementor-element elementor-element-87c72db\" data-id=\"87c72db\" data-element_type=\"column\">\n\t\t\t<div class=\"elementor-widget-wrap elementor-element-populated\">\n\t\t\t\t\t\t<div class=\"elementor-element elementor-element-40086d4 elementor-widget elementor-widget-heading\" data-id=\"40086d4\" data-element_type=\"widget\" data-widget_type=\"heading.default\">\n\t\t\t\t<div class=\"elementor-widget-container\">\n\t\t\t<style>\/*! elementor - v3.23.0 - 25-07-2024 *\/\n.elementor-heading-title{padding:0;margin:0;line-height:1}.elementor-widget-heading .elementor-heading-title[class*=elementor-size-]>a{color:inherit;font-size:inherit;line-height:inherit}.elementor-widget-heading .elementor-heading-title.elementor-size-small{font-size:15px}.elementor-widget-heading .elementor-heading-title.elementor-size-medium{font-size:19px}.elementor-widget-heading .elementor-heading-title.elementor-size-large{font-size:29px}.elementor-widget-heading .elementor-heading-title.elementor-size-xl{font-size:39px}.elementor-widget-heading .elementor-heading-title.elementor-size-xxl{font-size:59px}<\/style><h2 class=\"elementor-heading-title elementor-size-default\">Buttons<\/h2>\t\t<\/div>\n\t\t\t\t<\/div>\n\t\t\t\t<div class=\"elementor-element elementor-element-4066110 elementor-widget elementor-widget-text-editor\" data-id=\"4066110\" data-element_type=\"widget\" data-widget_type=\"text-editor.default\">\n\t\t\t\t<div class=\"elementor-widget-container\">\n\t\t\t<style>\/*! elementor - v3.23.0 - 25-07-2024 *\/\n.elementor-widget-text-editor.elementor-drop-cap-view-stacked .elementor-drop-cap{background-color:#69727d;color:#fff}.elementor-widget-text-editor.elementor-drop-cap-view-framed .elementor-drop-cap{color:#69727d;border:3px solid;background-color:transparent}.elementor-widget-text-editor:not(.elementor-drop-cap-view-default) .elementor-drop-cap{margin-top:8px}.elementor-widget-text-editor:not(.elementor-drop-cap-view-default) .elementor-drop-cap-letter{width:1em;height:1em}.elementor-widget-text-editor .elementor-drop-cap{float:left;text-align:center;line-height:1;font-size:50px}.elementor-widget-text-editor .elementor-drop-cap-letter{display:inline-block}<\/style>\t\t\t\t<p>Different kinds of material are already used to make them: plastic, metal or wood. Our wide range of products, from shirts to clubs, will satisfy anyone looking for something special. In order to diversify the choice we cooperate with Polish factories but we also import many novelties from Italy, Spain and Germany.<\/p>\n\t\t\t\t\t\t<\/div>\n\t\t\t\t<\/div>\n\t\t\t\t\t<\/div>\n\t\t<\/div>\n\t\t\t\t\t<\/div>\n\t\t<\/section>\n\t\t\t\t<section class=\"elementor-section elementor-inner-section elementor-element elementor-element-e1fde5d elementor-section-boxed elementor-section-height-default elementor-section-height-default\" data-id=\"e1fde5d\" data-element_type=\"section\">\n\t\t\t\t\t\t<div class=\"elementor-container elementor-column-gap-default\">\n\t\t\t\t\t<div class=\"elementor-column elementor-col-50 elementor-inner-column elementor-element elementor-element-48318bc\" data-id=\"48318bc\" data-element_type=\"column\">\n\t\t\t<div class=\"elementor-widget-wrap elementor-element-populated\">\n\t\t\t\t\t\t<div class=\"elementor-element elementor-element-e080389 elementor-widget elementor-widget-image\" data-id=\"e080389\" data-element_type=\"widget\" data-widget_type=\"image.default\">\n\t\t\t\t<div class=\"elementor-widget-container\">\n\t\t\t\t\t\t\t\t\t\t\t\t\t<img decoding=\"async\" width=\"1024\" height=\"683\" src=\"https:\/\/pasmanteriakrakowska.pl\/wp-content\/uploads\/2022\/04\/AdobeStock_219677885-1024x683.jpeg\" class=\"attachment-large size-large wp-image-1095\" alt=\"\" srcset=\"https:\/\/pasmanteriakrakowska.pl\/wp-content\/uploads\/2022\/04\/AdobeStock_219677885-1024x683.jpeg 1024w, https:\/\/pasmanteriakrakowska.pl\/wp-content\/uploads\/2022\/04\/AdobeStock_219677885-300x200.jpeg 300w, https:\/\/pasmanteriakrakowska.pl\/wp-content\/uploads\/2022\/04\/AdobeStock_219677885-768x512.jpeg 768w, https:\/\/pasmanteriakrakowska.pl\/wp-content\/uploads\/2022\/04\/AdobeStock_219677885-1536x1024.jpeg 1536w, https:\/\/pasmanteriakrakowska.pl\/wp-content\/uploads\/2022\/04\/AdobeStock_219677885-2048x1366.jpeg 2048w, https:\/\/pasmanteriakrakowska.pl\/wp-content\/uploads\/2022\/04\/AdobeStock_219677885-120x80.jpeg 120w\" sizes=\"(max-width: 1024px) 100vw, 1024px\" \/>\t\t\t\t\t\t\t\t\t\t\t\t\t<\/div>\n\t\t\t\t<\/div>\n\t\t\t\t\t<\/div>\n\t\t<\/div>\n\t\t\t\t<div class=\"elementor-column elementor-col-50 elementor-inner-column elementor-element elementor-element-9b74d66\" data-id=\"9b74d66\" data-element_type=\"column\">\n\t\t\t<div class=\"elementor-widget-wrap elementor-element-populated\">\n\t\t\t\t\t\t<div class=\"elementor-element elementor-element-28f1b0a elementor-widget elementor-widget-heading\" data-id=\"28f1b0a\" data-element_type=\"widget\" data-widget_type=\"heading.default\">\n\t\t\t\t<div class=\"elementor-widget-container\">\n\t\t\t<h2 class=\"elementor-heading-title elementor-size-default\">Buckles<\/h2>\t\t<\/div>\n\t\t\t\t<\/div>\n\t\t\t\t<div class=\"elementor-element elementor-element-70ae998 elementor-widget elementor-widget-text-editor\" data-id=\"70ae998\" data-element_type=\"widget\" data-widget_type=\"text-editor.default\">\n\t\t\t\t<div class=\"elementor-widget-container\">\n\t\t\t\t\t\t\t<p>Fashionable, unique buckles for women and men for belts, dresses and skirts. In different widths and colors, made of metal, plastic and wood.<\/p>\n\t\t\t\t\t\t<\/div>\n\t\t\t\t<\/div>\n\t\t\t\t\t<\/div>\n\t\t<\/div>\n\t\t\t\t\t<\/div>\n\t\t<\/section>\n\t\t\t\t\t<\/div>\n\t\t<\/div>\n\t\t\t\t\t<\/div>\n\t\t<\/section>\n\t\t\t\t<\/div>\n\t\t","protected":false},"excerpt":{"rendered":"<p>Buttons Different kinds of material are already used to make them: plastic, metal or wood. Our wide range of products, from shirts to clubs, will satisfy anyone looking for something special. In order to diversify the choice we cooperate with Polish factories but we also import many novelties from Italy, [&hellip;]<\/p>\n","protected":false},"author":1,"featured_media":0,"parent":0,"menu_order":0,"comment_status":"closed","ping_status":"closed","template":"","meta":{"_monsterinsights_skip_tracking":false,"_monsterinsights_sitenote_active":false,"_monsterinsights_sitenote_note":"","_monsterinsights_sitenote_category":0,"footnotes":""},"class_list":["post-1161","page","type-page","status-publish","hentry"],"yoast_head":"<!-- This site is optimized with the Yoast SEO Premium plugin v22.3 (Yoast SEO v22.3) - https:\/\/yoast.com\/wordpress\/plugins\/seo\/ -->\n<title>BUTTONS &amp; BUCKLES - Pasmanteria Krakowska<\/title>\n<meta name=\"robots\" content=\"index, follow, max-snippet:-1, max-image-preview:large, max-video-preview:-1\" \/>\n<link rel=\"canonical\" href=\"https:\/\/pasmanteriakrakowska.pl\/en\/buttons-buckles\/\" \/>\n<meta property=\"og:locale\" content=\"en_US\" \/>\n<meta property=\"og:type\" content=\"article\" \/>\n<meta property=\"og:title\" content=\"BUTTONS &amp; BUCKLES\" \/>\n<meta property=\"og:description\" content=\"Buttons Different kinds of material are already used to make them: plastic, metal or wood. Our wide range of products, from shirts to clubs, will satisfy anyone looking for something special. In order to diversify the choice we cooperate with Polish factories but we also import many novelties from Italy, [&hellip;]\" \/>\n<meta property=\"og:url\" content=\"https:\/\/pasmanteriakrakowska.pl\/en\/buttons-buckles\/\" \/>\n<meta property=\"og:site_name\" content=\"Pasmanteria Krakowska\" \/>\n<meta property=\"article:publisher\" content=\"https:\/\/www.facebook.com\/Pasmanteria-Krakowska-196842967590498\" \/>\n<meta property=\"og:image\" content=\"https:\/\/pasmanteriakrakowska.pl\/wp-content\/uploads\/2022\/04\/AdobeStock_30071882-1024x631.jpeg\" \/>\n<script type=\"application\/ld+json\" class=\"yoast-schema-graph\">{\"@context\":\"https:\/\/schema.org\",\"@graph\":[{\"@type\":\"WebPage\",\"@id\":\"https:\/\/pasmanteriakrakowska.pl\/en\/buttons-buckles\/\",\"url\":\"https:\/\/pasmanteriakrakowska.pl\/en\/buttons-buckles\/\",\"name\":\"BUTTONS & BUCKLES - Pasmanteria Krakowska\",\"isPartOf\":{\"@id\":\"https:\/\/pasmanteriakrakowska.pl\/#website\"},\"primaryImageOfPage\":{\"@id\":\"https:\/\/pasmanteriakrakowska.pl\/en\/buttons-buckles\/#primaryimage\"},\"image\":{\"@id\":\"https:\/\/pasmanteriakrakowska.pl\/en\/buttons-buckles\/#primaryimage\"},\"thumbnailUrl\":\"https:\/\/pasmanteriakrakowska.pl\/wp-content\/uploads\/2022\/04\/AdobeStock_30071882-1024x631.jpeg\",\"datePublished\":\"2022-05-02T09:27:44+00:00\",\"dateModified\":\"2022-05-02T09:27:44+00:00\",\"breadcrumb\":{\"@id\":\"https:\/\/pasmanteriakrakowska.pl\/en\/buttons-buckles\/#breadcrumb\"},\"inLanguage\":\"en-US\",\"potentialAction\":[{\"@type\":\"ReadAction\",\"target\":[\"https:\/\/pasmanteriakrakowska.pl\/en\/buttons-buckles\/\"]}]},{\"@type\":\"ImageObject\",\"inLanguage\":\"en-US\",\"@id\":\"https:\/\/pasmanteriakrakowska.pl\/en\/buttons-buckles\/#primaryimage\",\"url\":\"https:\/\/pasmanteriakrakowska.pl\/wp-content\/uploads\/2022\/04\/AdobeStock_30071882-scaled.jpeg\",\"contentUrl\":\"https:\/\/pasmanteriakrakowska.pl\/wp-content\/uploads\/2022\/04\/AdobeStock_30071882-scaled.jpeg\",\"width\":2560,\"height\":1577},{\"@type\":\"BreadcrumbList\",\"@id\":\"https:\/\/pasmanteriakrakowska.pl\/en\/buttons-buckles\/#breadcrumb\",\"itemListElement\":[{\"@type\":\"ListItem\",\"position\":1,\"name\":\"Home\",\"item\":\"https:\/\/pasmanteriakrakowska.pl\/en\/\"},{\"@type\":\"ListItem\",\"position\":2,\"name\":\"BUTTONS &#038; BUCKLES\"}]},{\"@type\":\"WebSite\",\"@id\":\"https:\/\/pasmanteriakrakowska.pl\/#website\",\"url\":\"https:\/\/pasmanteriakrakowska.pl\/\",\"name\":\"Pasmanteria Krakowska\",\"description\":\"Pasmanteria, kordonki, Ariadna, nici, guziki, gumy, ta\u015bma rzep, mulina, kanwa, sznurowad\u0142a, decoupage, scrapbooking, ta\u015bmy firanowe, ig\u0142y,\",\"publisher\":{\"@id\":\"https:\/\/pasmanteriakrakowska.pl\/#organization\"},\"potentialAction\":[{\"@type\":\"SearchAction\",\"target\":{\"@type\":\"EntryPoint\",\"urlTemplate\":\"https:\/\/pasmanteriakrakowska.pl\/?s={search_term_string}\"},\"query-input\":\"required name=search_term_string\"}],\"inLanguage\":\"en-US\"},{\"@type\":\"Organization\",\"@id\":\"https:\/\/pasmanteriakrakowska.pl\/#organization\",\"name\":\"Pasmanteria Krakowska\",\"url\":\"https:\/\/pasmanteriakrakowska.pl\/\",\"logo\":{\"@type\":\"ImageObject\",\"inLanguage\":\"en-US\",\"@id\":\"https:\/\/pasmanteriakrakowska.pl\/#\/schema\/logo\/image\/\",\"url\":\"https:\/\/pasmanteria.local:8890\/wp-content\/uploads\/2015\/12\/logo_pasmanteria21.png\",\"contentUrl\":\"https:\/\/pasmanteria.local:8890\/wp-content\/uploads\/2015\/12\/logo_pasmanteria21.png\",\"width\":440,\"height\":97,\"caption\":\"Pasmanteria Krakowska\"},\"image\":{\"@id\":\"https:\/\/pasmanteriakrakowska.pl\/#\/schema\/logo\/image\/\"},\"sameAs\":[\"https:\/\/www.facebook.com\/Pasmanteria-Krakowska-196842967590498\"]}]}<\/script>\n<!-- \/ Yoast SEO Premium plugin. -->","yoast_head_json":{"title":"BUTTONS & BUCKLES - Pasmanteria Krakowska","robots":{"index":"index","follow":"follow","max-snippet":"max-snippet:-1","max-image-preview":"max-image-preview:large","max-video-preview":"max-video-preview:-1"},"canonical":"https:\/\/pasmanteriakrakowska.pl\/en\/buttons-buckles\/","og_locale":"en_US","og_type":"article","og_title":"BUTTONS & BUCKLES","og_description":"Buttons Different kinds of material are already used to make them: plastic, metal or wood. Our wide range of products, from shirts to clubs, will satisfy anyone looking for something special. In order to diversify the choice we cooperate with Polish factories but we also import many novelties from Italy, [&hellip;]","og_url":"https:\/\/pasmanteriakrakowska.pl\/en\/buttons-buckles\/","og_site_name":"Pasmanteria Krakowska","article_publisher":"https:\/\/www.facebook.com\/Pasmanteria-Krakowska-196842967590498","og_image":[{"url":"https:\/\/pasmanteriakrakowska.pl\/wp-content\/uploads\/2022\/04\/AdobeStock_30071882-1024x631.jpeg"}],"schema":{"@context":"https:\/\/schema.org","@graph":[{"@type":"WebPage","@id":"https:\/\/pasmanteriakrakowska.pl\/en\/buttons-buckles\/","url":"https:\/\/pasmanteriakrakowska.pl\/en\/buttons-buckles\/","name":"BUTTONS & BUCKLES - Pasmanteria Krakowska","isPartOf":{"@id":"https:\/\/pasmanteriakrakowska.pl\/#website"},"primaryImageOfPage":{"@id":"https:\/\/pasmanteriakrakowska.pl\/en\/buttons-buckles\/#primaryimage"},"image":{"@id":"https:\/\/pasmanteriakrakowska.pl\/en\/buttons-buckles\/#primaryimage"},"thumbnailUrl":"https:\/\/pasmanteriakrakowska.pl\/wp-content\/uploads\/2022\/04\/AdobeStock_30071882-1024x631.jpeg","datePublished":"2022-05-02T09:27:44+00:00","dateModified":"2022-05-02T09:27:44+00:00","breadcrumb":{"@id":"https:\/\/pasmanteriakrakowska.pl\/en\/buttons-buckles\/#breadcrumb"},"inLanguage":"en-US","potentialAction":[{"@type":"ReadAction","target":["https:\/\/pasmanteriakrakowska.pl\/en\/buttons-buckles\/"]}]},{"@type":"ImageObject","inLanguage":"en-US","@id":"https:\/\/pasmanteriakrakowska.pl\/en\/buttons-buckles\/#primaryimage","url":"https:\/\/pasmanteriakrakowska.pl\/wp-content\/uploads\/2022\/04\/AdobeStock_30071882-scaled.jpeg","contentUrl":"https:\/\/pasmanteriakrakowska.pl\/wp-content\/uploads\/2022\/04\/AdobeStock_30071882-scaled.jpeg","width":2560,"height":1577},{"@type":"BreadcrumbList","@id":"https:\/\/pasmanteriakrakowska.pl\/en\/buttons-buckles\/#breadcrumb","itemListElement":[{"@type":"ListItem","position":1,"name":"Home","item":"https:\/\/pasmanteriakrakowska.pl\/en\/"},{"@type":"ListItem","position":2,"name":"BUTTONS &#038; BUCKLES"}]},{"@type":"WebSite","@id":"https:\/\/pasmanteriakrakowska.pl\/#website","url":"https:\/\/pasmanteriakrakowska.pl\/","name":"Pasmanteria Krakowska","description":"Pasmanteria, kordonki, Ariadna, nici, guziki, gumy, ta\u015bma rzep, mulina, kanwa, sznurowad\u0142a, decoupage, scrapbooking, ta\u015bmy firanowe, ig\u0142y,","publisher":{"@id":"https:\/\/pasmanteriakrakowska.pl\/#organization"},"potentialAction":[{"@type":"SearchAction","target":{"@type":"EntryPoint","urlTemplate":"https:\/\/pasmanteriakrakowska.pl\/?s={search_term_string}"},"query-input":"required name=search_term_string"}],"inLanguage":"en-US"},{"@type":"Organization","@id":"https:\/\/pasmanteriakrakowska.pl\/#organization","name":"Pasmanteria Krakowska","url":"https:\/\/pasmanteriakrakowska.pl\/","logo":{"@type":"ImageObject","inLanguage":"en-US","@id":"https:\/\/pasmanteriakrakowska.pl\/#\/schema\/logo\/image\/","url":"https:\/\/pasmanteria.local:8890\/wp-content\/uploads\/2015\/12\/logo_pasmanteria21.png","contentUrl":"https:\/\/pasmanteria.local:8890\/wp-content\/uploads\/2015\/12\/logo_pasmanteria21.png","width":440,"height":97,"caption":"Pasmanteria Krakowska"},"image":{"@id":"https:\/\/pasmanteriakrakowska.pl\/#\/schema\/logo\/image\/"},"sameAs":["https:\/\/www.facebook.com\/Pasmanteria-Krakowska-196842967590498"]}]}},"_links":{"self":[{"href":"https:\/\/pasmanteriakrakowska.pl\/en\/wp-json\/wp\/v2\/pages\/1161","targetHints":{"allow":["GET"]}}],"collection":[{"href":"https:\/\/pasmanteriakrakowska.pl\/en\/wp-json\/wp\/v2\/pages"}],"about":[{"href":"https:\/\/pasmanteriakrakowska.pl\/en\/wp-json\/wp\/v2\/types\/page"}],"author":[{"embeddable":true,"href":"https:\/\/pasmanteriakrakowska.pl\/en\/wp-json\/wp\/v2\/users\/1"}],"replies":[{"embeddable":true,"href":"https:\/\/pasmanteriakrakowska.pl\/en\/wp-json\/wp\/v2\/comments?post=1161"}],"version-history":[{"count":0,"href":"https:\/\/pasmanteriakrakowska.pl\/en\/wp-json\/wp\/v2\/pages\/1161\/revisions"}],"wp:attachment":[{"href":"https:\/\/pasmanteriakrakowska.pl\/en\/wp-json\/wp\/v2\/media?parent=1161"}],"curies":[{"name":"wp","href":"https:\/\/api.w.org\/{rel}","templated":true}]}}