{"id":1159,"date":"2022-05-02T11:26:29","date_gmt":"2022-05-02T09:26:29","guid":{"rendered":"https:\/\/pasmanteriakrakowska.pl\/rubber-strings-rims\/"},"modified":"2022-05-02T11:26:30","modified_gmt":"2022-05-02T09:26:30","slug":"rubber-strings-rims","status":"publish","type":"page","link":"https:\/\/pasmanteriakrakowska.pl\/en\/rubber-strings-rims\/","title":{"rendered":"RUBBER, STRINGS, RIMS"},"content":{"rendered":"\t\t<div data-elementor-type=\"wp-page\" data-elementor-id=\"1159\" class=\"elementor elementor-1159 elementor-195\" data-elementor-post-type=\"page\">\n\t\t\t\t\t\t<section class=\"elementor-section elementor-top-section elementor-element elementor-element-4f99ac2 elementor-section-boxed elementor-section-height-default elementor-section-height-default\" data-id=\"4f99ac2\" data-element_type=\"section\">\n\t\t\t\t\t\t<div class=\"elementor-container elementor-column-gap-default\">\n\t\t\t\t\t<div class=\"elementor-column elementor-col-50 elementor-top-column elementor-element elementor-element-ca5e2e0\" data-id=\"ca5e2e0\" data-element_type=\"column\">\n\t\t\t<div class=\"elementor-widget-wrap elementor-element-populated\">\n\t\t\t\t\t\t<div class=\"elementor-element elementor-element-b742c12 elementor-widget elementor-widget-image\" data-id=\"b742c12\" data-element_type=\"widget\" data-widget_type=\"image.default\">\n\t\t\t\t<div class=\"elementor-widget-container\">\n\t\t\t<style>\/*! elementor - v3.23.0 - 25-07-2024 *\/\n.elementor-widget-image{text-align:center}.elementor-widget-image a{display:inline-block}.elementor-widget-image a img[src$=\".svg\"]{width:48px}.elementor-widget-image img{vertical-align:middle;display:inline-block}<\/style>\t\t\t\t\t\t\t\t\t\t<img fetchpriority=\"high\" decoding=\"async\" width=\"500\" height=\"500\" src=\"https:\/\/pasmanteriakrakowska.pl\/wp-content\/uploads\/2015\/11\/gum01.jpg\" class=\"attachment-large size-large wp-image-880\" alt=\"\" srcset=\"https:\/\/pasmanteriakrakowska.pl\/wp-content\/uploads\/2015\/11\/gum01.jpg 500w, https:\/\/pasmanteriakrakowska.pl\/wp-content\/uploads\/2015\/11\/gum01-150x150.jpg 150w, https:\/\/pasmanteriakrakowska.pl\/wp-content\/uploads\/2015\/11\/gum01-300x300.jpg 300w\" sizes=\"(max-width: 500px) 100vw, 500px\" \/>\t\t\t\t\t\t\t\t\t\t\t\t\t<\/div>\n\t\t\t\t<\/div>\n\t\t\t\t\t<\/div>\n\t\t<\/div>\n\t\t\t\t<div class=\"elementor-column elementor-col-50 elementor-top-column elementor-element elementor-element-ed2bcad\" data-id=\"ed2bcad\" data-element_type=\"column\">\n\t\t\t<div class=\"elementor-widget-wrap elementor-element-populated\">\n\t\t\t\t\t\t<div class=\"elementor-element elementor-element-b40fb4e elementor-widget elementor-widget-text-editor\" data-id=\"b40fb4e\" data-element_type=\"widget\" data-widget_type=\"text-editor.default\">\n\t\t\t\t<div class=\"elementor-widget-container\">\n\t\t\t<style>\/*! elementor - v3.23.0 - 25-07-2024 *\/\n.elementor-widget-text-editor.elementor-drop-cap-view-stacked .elementor-drop-cap{background-color:#69727d;color:#fff}.elementor-widget-text-editor.elementor-drop-cap-view-framed .elementor-drop-cap{color:#69727d;border:3px solid;background-color:transparent}.elementor-widget-text-editor:not(.elementor-drop-cap-view-default) .elementor-drop-cap{margin-top:8px}.elementor-widget-text-editor:not(.elementor-drop-cap-view-default) .elementor-drop-cap-letter{width:1em;height:1em}.elementor-widget-text-editor .elementor-drop-cap{float:left;text-align:center;line-height:1;font-size:50px}.elementor-widget-text-editor .elementor-drop-cap-letter{display:inline-block}<\/style>\t\t\t\t<p>Satin, waxed, decorative, twisted and straight strings, and many others, for jewelry making, decoration and gift wrapping. There are many uses for strings, it all depends on our needs and imagination. To make our offer even more attractive and extraordinary, we enrich it with new products from Poland, Italy and Spain.<\/p>\n\t\t\t\t\t\t<\/div>\n\t\t\t\t<\/div>\n\t\t\t\t\t<\/div>\n\t\t<\/div>\n\t\t\t\t\t<\/div>\n\t\t<\/section>\n\t\t\t\t<\/div>\n\t\t","protected":false},"excerpt":{"rendered":"<p>Satin, waxed, decorative, twisted and straight strings, and many others, for jewelry making, decoration and gift wrapping. There are many uses for strings, it all depends on our needs and imagination. To make our offer even more attractive and extraordinary, we enrich it with new products from Poland, Italy and [&hellip;]<\/p>\n","protected":false},"author":1,"featured_media":0,"parent":0,"menu_order":0,"comment_status":"closed","ping_status":"closed","template":"","meta":{"_monsterinsights_skip_tracking":false,"_monsterinsights_sitenote_active":false,"_monsterinsights_sitenote_note":"","_monsterinsights_sitenote_category":0,"footnotes":""},"class_list":["post-1159","page","type-page","status-publish","hentry"],"yoast_head":"<!-- This site is optimized with the Yoast SEO Premium plugin v22.3 (Yoast SEO v22.3) - https:\/\/yoast.com\/wordpress\/plugins\/seo\/ -->\n<title>RUBBER, STRINGS, RIMS - Pasmanteria Krakowska<\/title>\n<meta name=\"robots\" content=\"index, follow, max-snippet:-1, max-image-preview:large, max-video-preview:-1\" \/>\n<link rel=\"canonical\" href=\"https:\/\/pasmanteriakrakowska.pl\/en\/rubber-strings-rims\/\" \/>\n<meta property=\"og:locale\" content=\"en_US\" \/>\n<meta property=\"og:type\" content=\"article\" \/>\n<meta property=\"og:title\" content=\"RUBBER, STRINGS, RIMS\" \/>\n<meta property=\"og:description\" content=\"Satin, waxed, decorative, twisted and straight strings, and many others, for jewelry making, decoration and gift wrapping. There are many uses for strings, it all depends on our needs and imagination. To make our offer even more attractive and extraordinary, we enrich it with new products from Poland, Italy and [&hellip;]\" \/>\n<meta property=\"og:url\" content=\"https:\/\/pasmanteriakrakowska.pl\/en\/rubber-strings-rims\/\" \/>\n<meta property=\"og:site_name\" content=\"Pasmanteria Krakowska\" \/>\n<meta property=\"article:publisher\" content=\"https:\/\/www.facebook.com\/Pasmanteria-Krakowska-196842967590498\" \/>\n<meta property=\"article:modified_time\" content=\"2022-05-02T09:26:30+00:00\" \/>\n<meta property=\"og:image\" content=\"https:\/\/pasmanteriakrakowska.pl\/wp-content\/uploads\/2015\/11\/gum01.jpg\" \/>\n<script type=\"application\/ld+json\" class=\"yoast-schema-graph\">{\"@context\":\"https:\/\/schema.org\",\"@graph\":[{\"@type\":\"WebPage\",\"@id\":\"https:\/\/pasmanteriakrakowska.pl\/en\/rubber-strings-rims\/\",\"url\":\"https:\/\/pasmanteriakrakowska.pl\/en\/rubber-strings-rims\/\",\"name\":\"RUBBER, STRINGS, RIMS - Pasmanteria Krakowska\",\"isPartOf\":{\"@id\":\"https:\/\/pasmanteriakrakowska.pl\/#website\"},\"primaryImageOfPage\":{\"@id\":\"https:\/\/pasmanteriakrakowska.pl\/en\/rubber-strings-rims\/#primaryimage\"},\"image\":{\"@id\":\"https:\/\/pasmanteriakrakowska.pl\/en\/rubber-strings-rims\/#primaryimage\"},\"thumbnailUrl\":\"https:\/\/pasmanteriakrakowska.pl\/wp-content\/uploads\/2015\/11\/gum01.jpg\",\"datePublished\":\"2022-05-02T09:26:29+00:00\",\"dateModified\":\"2022-05-02T09:26:30+00:00\",\"breadcrumb\":{\"@id\":\"https:\/\/pasmanteriakrakowska.pl\/en\/rubber-strings-rims\/#breadcrumb\"},\"inLanguage\":\"en-US\",\"potentialAction\":[{\"@type\":\"ReadAction\",\"target\":[\"https:\/\/pasmanteriakrakowska.pl\/en\/rubber-strings-rims\/\"]}]},{\"@type\":\"ImageObject\",\"inLanguage\":\"en-US\",\"@id\":\"https:\/\/pasmanteriakrakowska.pl\/en\/rubber-strings-rims\/#primaryimage\",\"url\":\"https:\/\/pasmanteriakrakowska.pl\/wp-content\/uploads\/2015\/11\/gum01.jpg\",\"contentUrl\":\"https:\/\/pasmanteriakrakowska.pl\/wp-content\/uploads\/2015\/11\/gum01.jpg\",\"width\":500,\"height\":500},{\"@type\":\"BreadcrumbList\",\"@id\":\"https:\/\/pasmanteriakrakowska.pl\/en\/rubber-strings-rims\/#breadcrumb\",\"itemListElement\":[{\"@type\":\"ListItem\",\"position\":1,\"name\":\"Home\",\"item\":\"https:\/\/pasmanteriakrakowska.pl\/en\/\"},{\"@type\":\"ListItem\",\"position\":2,\"name\":\"RUBBER, STRINGS, RIMS\"}]},{\"@type\":\"WebSite\",\"@id\":\"https:\/\/pasmanteriakrakowska.pl\/#website\",\"url\":\"https:\/\/pasmanteriakrakowska.pl\/\",\"name\":\"Pasmanteria Krakowska\",\"description\":\"Pasmanteria, kordonki, Ariadna, nici, guziki, gumy, ta\u015bma rzep, mulina, kanwa, sznurowad\u0142a, decoupage, scrapbooking, ta\u015bmy firanowe, ig\u0142y,\",\"publisher\":{\"@id\":\"https:\/\/pasmanteriakrakowska.pl\/#organization\"},\"potentialAction\":[{\"@type\":\"SearchAction\",\"target\":{\"@type\":\"EntryPoint\",\"urlTemplate\":\"https:\/\/pasmanteriakrakowska.pl\/?s={search_term_string}\"},\"query-input\":\"required name=search_term_string\"}],\"inLanguage\":\"en-US\"},{\"@type\":\"Organization\",\"@id\":\"https:\/\/pasmanteriakrakowska.pl\/#organization\",\"name\":\"Pasmanteria Krakowska\",\"url\":\"https:\/\/pasmanteriakrakowska.pl\/\",\"logo\":{\"@type\":\"ImageObject\",\"inLanguage\":\"en-US\",\"@id\":\"https:\/\/pasmanteriakrakowska.pl\/#\/schema\/logo\/image\/\",\"url\":\"https:\/\/pasmanteria.local:8890\/wp-content\/uploads\/2015\/12\/logo_pasmanteria21.png\",\"contentUrl\":\"https:\/\/pasmanteria.local:8890\/wp-content\/uploads\/2015\/12\/logo_pasmanteria21.png\",\"width\":440,\"height\":97,\"caption\":\"Pasmanteria Krakowska\"},\"image\":{\"@id\":\"https:\/\/pasmanteriakrakowska.pl\/#\/schema\/logo\/image\/\"},\"sameAs\":[\"https:\/\/www.facebook.com\/Pasmanteria-Krakowska-196842967590498\"]}]}<\/script>\n<!-- \/ Yoast SEO Premium plugin. -->","yoast_head_json":{"title":"RUBBER, STRINGS, RIMS - Pasmanteria Krakowska","robots":{"index":"index","follow":"follow","max-snippet":"max-snippet:-1","max-image-preview":"max-image-preview:large","max-video-preview":"max-video-preview:-1"},"canonical":"https:\/\/pasmanteriakrakowska.pl\/en\/rubber-strings-rims\/","og_locale":"en_US","og_type":"article","og_title":"RUBBER, STRINGS, RIMS","og_description":"Satin, waxed, decorative, twisted and straight strings, and many others, for jewelry making, decoration and gift wrapping. There are many uses for strings, it all depends on our needs and imagination. To make our offer even more attractive and extraordinary, we enrich it with new products from Poland, Italy and [&hellip;]","og_url":"https:\/\/pasmanteriakrakowska.pl\/en\/rubber-strings-rims\/","og_site_name":"Pasmanteria Krakowska","article_publisher":"https:\/\/www.facebook.com\/Pasmanteria-Krakowska-196842967590498","article_modified_time":"2022-05-02T09:26:30+00:00","og_image":[{"url":"https:\/\/pasmanteriakrakowska.pl\/wp-content\/uploads\/2015\/11\/gum01.jpg"}],"schema":{"@context":"https:\/\/schema.org","@graph":[{"@type":"WebPage","@id":"https:\/\/pasmanteriakrakowska.pl\/en\/rubber-strings-rims\/","url":"https:\/\/pasmanteriakrakowska.pl\/en\/rubber-strings-rims\/","name":"RUBBER, STRINGS, RIMS - Pasmanteria Krakowska","isPartOf":{"@id":"https:\/\/pasmanteriakrakowska.pl\/#website"},"primaryImageOfPage":{"@id":"https:\/\/pasmanteriakrakowska.pl\/en\/rubber-strings-rims\/#primaryimage"},"image":{"@id":"https:\/\/pasmanteriakrakowska.pl\/en\/rubber-strings-rims\/#primaryimage"},"thumbnailUrl":"https:\/\/pasmanteriakrakowska.pl\/wp-content\/uploads\/2015\/11\/gum01.jpg","datePublished":"2022-05-02T09:26:29+00:00","dateModified":"2022-05-02T09:26:30+00:00","breadcrumb":{"@id":"https:\/\/pasmanteriakrakowska.pl\/en\/rubber-strings-rims\/#breadcrumb"},"inLanguage":"en-US","potentialAction":[{"@type":"ReadAction","target":["https:\/\/pasmanteriakrakowska.pl\/en\/rubber-strings-rims\/"]}]},{"@type":"ImageObject","inLanguage":"en-US","@id":"https:\/\/pasmanteriakrakowska.pl\/en\/rubber-strings-rims\/#primaryimage","url":"https:\/\/pasmanteriakrakowska.pl\/wp-content\/uploads\/2015\/11\/gum01.jpg","contentUrl":"https:\/\/pasmanteriakrakowska.pl\/wp-content\/uploads\/2015\/11\/gum01.jpg","width":500,"height":500},{"@type":"BreadcrumbList","@id":"https:\/\/pasmanteriakrakowska.pl\/en\/rubber-strings-rims\/#breadcrumb","itemListElement":[{"@type":"ListItem","position":1,"name":"Home","item":"https:\/\/pasmanteriakrakowska.pl\/en\/"},{"@type":"ListItem","position":2,"name":"RUBBER, STRINGS, RIMS"}]},{"@type":"WebSite","@id":"https:\/\/pasmanteriakrakowska.pl\/#website","url":"https:\/\/pasmanteriakrakowska.pl\/","name":"Pasmanteria Krakowska","description":"Pasmanteria, kordonki, Ariadna, nici, guziki, gumy, ta\u015bma rzep, mulina, kanwa, sznurowad\u0142a, decoupage, scrapbooking, ta\u015bmy firanowe, ig\u0142y,","publisher":{"@id":"https:\/\/pasmanteriakrakowska.pl\/#organization"},"potentialAction":[{"@type":"SearchAction","target":{"@type":"EntryPoint","urlTemplate":"https:\/\/pasmanteriakrakowska.pl\/?s={search_term_string}"},"query-input":"required name=search_term_string"}],"inLanguage":"en-US"},{"@type":"Organization","@id":"https:\/\/pasmanteriakrakowska.pl\/#organization","name":"Pasmanteria Krakowska","url":"https:\/\/pasmanteriakrakowska.pl\/","logo":{"@type":"ImageObject","inLanguage":"en-US","@id":"https:\/\/pasmanteriakrakowska.pl\/#\/schema\/logo\/image\/","url":"https:\/\/pasmanteria.local:8890\/wp-content\/uploads\/2015\/12\/logo_pasmanteria21.png","contentUrl":"https:\/\/pasmanteria.local:8890\/wp-content\/uploads\/2015\/12\/logo_pasmanteria21.png","width":440,"height":97,"caption":"Pasmanteria Krakowska"},"image":{"@id":"https:\/\/pasmanteriakrakowska.pl\/#\/schema\/logo\/image\/"},"sameAs":["https:\/\/www.facebook.com\/Pasmanteria-Krakowska-196842967590498"]}]}},"_links":{"self":[{"href":"https:\/\/pasmanteriakrakowska.pl\/en\/wp-json\/wp\/v2\/pages\/1159","targetHints":{"allow":["GET"]}}],"collection":[{"href":"https:\/\/pasmanteriakrakowska.pl\/en\/wp-json\/wp\/v2\/pages"}],"about":[{"href":"https:\/\/pasmanteriakrakowska.pl\/en\/wp-json\/wp\/v2\/types\/page"}],"author":[{"embeddable":true,"href":"https:\/\/pasmanteriakrakowska.pl\/en\/wp-json\/wp\/v2\/users\/1"}],"replies":[{"embeddable":true,"href":"https:\/\/pasmanteriakrakowska.pl\/en\/wp-json\/wp\/v2\/comments?post=1159"}],"version-history":[{"count":0,"href":"https:\/\/pasmanteriakrakowska.pl\/en\/wp-json\/wp\/v2\/pages\/1159\/revisions"}],"wp:attachment":[{"href":"https:\/\/pasmanteriakrakowska.pl\/en\/wp-json\/wp\/v2\/media?parent=1159"}],"curies":[{"name":"wp","href":"https:\/\/api.w.org\/{rel}","templated":true}]}}